{"id":481268,"date":"2022-06-30T14:47:13","date_gmt":"2022-06-30T12:47:13","guid":{"rendered":"https:\/\/lucacastelli.com\/?post_type=product&#038;p=481268"},"modified":"2025-07-29T17:13:25","modified_gmt":"2025-07-29T15:13:25","slug":"petzl-vertigo-wire-lock","status":"publish","type":"product","link":"https:\/\/lucacastelli.com\/fr\/produit\/petzl-vertigo-wire-lock\/","title":{"rendered":"PETZL Vertigo WIRE-LOCK"},"content":{"rendered":"<p>Mousqueton pour longe de progression<\/p>\n<p>Le mousqueton VERTIGO WIRE-LOCK est con\u00e7u pour \u00eatre install\u00e9 sur des longes de via ferrata. Son excellente poign\u00e9e et son syst\u00e8me de verrouillage automatique facilitent les man\u0153uvres dans le passage des fractions. La grande ouverture et le syst\u00e8me Keylock permettent de connecter facilement le mousqueton au c\u00e2ble. Le verrouillage WIRE-LOCK augmente la dur\u00e9e de vie du mousqueton en utilisation intensive par rapport aux syst\u00e8mes de verrouillage conventionnels.   <\/p>\n<p>Description<\/p>\n<p>Description d\u00e9taill\u00e9e<br \/>\nCon\u00e7u pour \u00eatre utilis\u00e9 \u00e0 la fin des longes de via ferrata Petzl.<br \/>\nFacilite les man\u0153uvres lors du franchissement des fentes :<br \/>\n&#8211; excellente prise en main gr\u00e2ce \u00e0 sa forme ergonomique,<br \/>\n&#8211; syst\u00e8me de verrouillage automatique WIRE-LOCK facile \u00e0 utiliser,<br \/>\n&#8211; grande ouverture pour faciliter la connexion du mousqueton au c\u00e2ble,<br \/>\n&#8211; syst\u00e8me Keylock pour \u00e9viter que le mousqueton ne s\u2019accroche brusquement lors des man\u0153uvres.<br \/>\nParticuli\u00e8rement adapt\u00e9 \u00e0 un usage intensif :<br \/>\n&#8211; Verrouillage WIRE-LOCK pour optimiser le nombre de cycles d\u2019ouverture et de fermeture du levier et r\u00e9duire la fr\u00e9quence de maintenance.<\/p>\n<p>Sp\u00e9cifications<br \/>\nMat\u00e9riaux : aluminium, acier inoxydable, polyamide<br \/>\nCertification(s) : CE EN 12275 types K, B, UIAA<\/p>\n<p>Poids 95 g<br \/>\nSyst\u00e8me de verrouillageWIRE-LOCK<br \/>\nR\u00e9sistance des grands axes 25 kN<br \/>\nR\u00e9sistance des petits axes 10 kN<br \/>\nR\u00e9sistance du levier ouvert 8 kN<br \/>\nOuverture 24 mm<br \/>\nGarantie 3 ans<\/p>\n","protected":false},"excerpt":{"rendered":"<p>Mousqueton pour longe de progression Le mousqueton VERTIGO WIRE-LOCK est con\u00e7u pour \u00eatre install\u00e9 sur des longes de via ferrata.<\/p>\n","protected":false},"featured_media":518474,"template":"","meta":{"_seopress_robots_primary_cat":"","_seopress_titles_title":"","_seopress_titles_desc":"","_seopress_robots_index":""},"product_brand":[3446],"product_cat":[33,537,814,211,818],"product_tag":[],"class_list":{"0":"post-481268","1":"product","2":"type-product","3":"status-publish","4":"has-post-thumbnail","6":"product_brand-petzl","7":"product_cat-attrezzature","8":"product_cat-attrezzatura-da-lavoro","9":"product_cat-imbraghi-e-materiale-di-sicurezza","10":"product_cat-attrezzatura-per-il-tempo-libero","11":"product_cat-imbraghi-e-materiale-di-sicurezza-attrezzatura-per-il-tempo-libero","12":"sws-gruppo-abb-libero-fr","13":"sws-conto-ricavi-merci-rivendita-abbigliamento","14":"sws-gruppo-iva-iva81","16":"first","17":"onbackorder","18":"shipping-taxable","19":"purchasable","20":"product-type-simple"},"_links":{"self":[{"href":"https:\/\/lucacastelli.com\/fr\/wp-json\/wp\/v2\/product\/481268","targetHints":{"allow":["GET"]}}],"collection":[{"href":"https:\/\/lucacastelli.com\/fr\/wp-json\/wp\/v2\/product"}],"about":[{"href":"https:\/\/lucacastelli.com\/fr\/wp-json\/wp\/v2\/types\/product"}],"wp:featuredmedia":[{"embeddable":true,"href":"https:\/\/lucacastelli.com\/fr\/wp-json\/wp\/v2\/media\/518474"}],"wp:attachment":[{"href":"https:\/\/lucacastelli.com\/fr\/wp-json\/wp\/v2\/media?parent=481268"}],"wp:term":[{"taxonomy":"product_brand","embeddable":true,"href":"https:\/\/lucacastelli.com\/fr\/wp-json\/wp\/v2\/product_brand?post=481268"},{"taxonomy":"product_cat","embeddable":true,"href":"https:\/\/lucacastelli.com\/fr\/wp-json\/wp\/v2\/product_cat?post=481268"},{"taxonomy":"product_tag","embeddable":true,"href":"https:\/\/lucacastelli.com\/fr\/wp-json\/wp\/v2\/product_tag?post=481268"}],"curies":[{"name":"wp","href":"https:\/\/api.w.org\/{rel}","templated":true}]}}