{"id":481267,"date":"2022-06-30T15:04:14","date_gmt":"2022-06-30T13:04:14","guid":{"rendered":"https:\/\/lucacastelli.com\/?post_type=product&#038;p=481267"},"modified":"2025-07-29T17:13:28","modified_gmt":"2025-07-29T15:13:28","slug":"corde-petzl-mambo","status":"publish","type":"product","link":"https:\/\/lucacastelli.com\/fr\/produit\/corde-petzl-mambo\/","title":{"rendered":"Corde PETZL MAMBO"},"content":{"rendered":"<p>Corde \u00e0 simple avec une bonne adh\u00e9rence d\u2019un diam\u00e8tre de 10,1 mm pour l\u2019escalade en salle et en falaise<\/p>\n<p>Avec un diam\u00e8tre g\u00e9n\u00e9reux, la corde \u00e0 simple MAMBO 10,1 mm est rassurante pour l\u2019escalade en salle et en falaise. Son diam\u00e8tre de 10,1 mm offre une excellente adh\u00e9rence, ce qui vous permet de vous familiariser rapidement avec les man\u0153uvres et l\u2019utilisation des appareils d\u2019assurage. L\u2019\u00e9paisseur de la chaussette contribue \u00e9galement \u00e0 sa r\u00e9sistance.  <\/p>\n<p>Description<\/p>\n<p>Description d\u00e9taill\u00e9e<br \/>\nPoign\u00e9e qui facilite les man\u0153uvres :<br \/>\n&#8211; diam\u00e8tre g\u00e9n\u00e9reux qui garantit un meilleur contr\u00f4le dans les appareils d\u2019assurage,<br \/>\n&#8211; prise de 40 broches pour un meilleur contr\u00f4le,<br \/>\n&#8211; Marque m\u00e9diane : distinction de corde \u00e0 double pour faciliter les man\u0153uvres.<br \/>\nConfort d\u2019utilisation :<br \/>\n&#8211; corde souple qui facilite la remise de la corde dans les appareils d\u2019assurage,<br \/>\n&#8211; traitement EverFlex : traitement thermique sp\u00e9cifique qui stabilise les fils et rend la corde plus homog\u00e8ne. Il garantit une excellente adh\u00e9rence et une manipulation constante dans le temps,<br \/>\n&#8211; Enrouleur ClimbReady : enrouleur sp\u00e9cifique pour rendre la corde pr\u00eate \u00e0 l\u2019emploi. Il emp\u00eache les man\u0153uvres de d\u00e9roulement incorrectes de l\u2019utilisateur et augmente la long\u00e9vit\u00e9.<br \/>\nR\u00e9sistance :<br \/>\n&#8211; grand diam\u00e8tre qui permet une grande r\u00e9sistance,<br \/>\n&#8211; gaine \u00e9paisse qui garantit une excellente r\u00e9sistance \u00e0 l\u2019abrasion,<br \/>\n&#8211; Finition UltraSonic : le noyau et la gaine sont assembl\u00e9s \u00e0 leurs extr\u00e9mit\u00e9s gr\u00e2ce \u00e0 une finition ultrasonique appel\u00e9e UltraSonic Finish. Il permet une dur\u00e9e de vie plus longue et emp\u00eache l\u2019extr\u00e9mit\u00e9 de la corde de se casser.   <\/p>\n<p>Sp\u00e9cifications<br \/>\nCertification(s) : CE EN 892, UIAA<br \/>\nDiam\u00e8tre : 10,1 mm<br \/>\nType de corde : corde simple<br \/>\nPoids au m\u00e8tre : 65 g<br \/>\nPourcentage de gaine : 37 %<br \/>\nNombre de chutes facteur 1,77 : 7<br \/>\nAllongement statique : 8,5 %<br \/>\nAllongement dynamique : 34 %<br \/>\n Force de choc : 8,5 kN<br \/>\nConstruction : 40 broches<br \/>\nMat\u00e9riaux : polyamide<\/p>\n","protected":false},"excerpt":{"rendered":"<p>Corde \u00e0 simple avec une bonne adh\u00e9rence d\u2019un diam\u00e8tre de 10,1 mm pour l\u2019escalade en salle et en falaise Avec<\/p>\n","protected":false},"featured_media":73025,"template":"","meta":{"_seopress_robots_primary_cat":"","_seopress_titles_title":"","_seopress_titles_desc":"","_seopress_robots_index":""},"product_brand":[3667],"product_cat":[144,1397,1408,1402,1415],"product_tag":[],"class_list":{"0":"post-481267","1":"product","2":"type-product","3":"status-publish","4":"has-post-thumbnail","6":"product_brand-petzl-fr","7":"product_cat-equipement","8":"product_cat-equipement-de-travail","9":"product_cat-equipements-de-loisirs","10":"product_cat-harnais-et-equipements-de-securite","11":"product_cat-harnais-et-equipements-de-securite-fr","12":"sws-gruppo-abb-libero-fr","13":"sws-conto-ricavi-merci-rivendita-abbigliamento","14":"sws-gruppo-iva-iva81","16":"first","17":"onbackorder","18":"shipping-taxable","19":"purchasable","20":"product-type-variable"},"_links":{"self":[{"href":"https:\/\/lucacastelli.com\/fr\/wp-json\/wp\/v2\/product\/481267","targetHints":{"allow":["GET"]}}],"collection":[{"href":"https:\/\/lucacastelli.com\/fr\/wp-json\/wp\/v2\/product"}],"about":[{"href":"https:\/\/lucacastelli.com\/fr\/wp-json\/wp\/v2\/types\/product"}],"wp:featuredmedia":[{"embeddable":true,"href":"https:\/\/lucacastelli.com\/fr\/wp-json\/wp\/v2\/media\/73025"}],"wp:attachment":[{"href":"https:\/\/lucacastelli.com\/fr\/wp-json\/wp\/v2\/media?parent=481267"}],"wp:term":[{"taxonomy":"product_brand","embeddable":true,"href":"https:\/\/lucacastelli.com\/fr\/wp-json\/wp\/v2\/product_brand?post=481267"},{"taxonomy":"product_cat","embeddable":true,"href":"https:\/\/lucacastelli.com\/fr\/wp-json\/wp\/v2\/product_cat?post=481267"},{"taxonomy":"product_tag","embeddable":true,"href":"https:\/\/lucacastelli.com\/fr\/wp-json\/wp\/v2\/product_tag?post=481267"}],"curies":[{"name":"wp","href":"https:\/\/api.w.org\/{rel}","templated":true}]}}