{"id":481263,"date":"2022-06-30T15:02:14","date_gmt":"2022-06-30T13:02:14","guid":{"rendered":"https:\/\/lucacastelli.com\/?post_type=product&#038;p=481263"},"modified":"2025-11-27T11:24:50","modified_gmt":"2025-11-27T10:24:50","slug":"petzl-protec","status":"publish","type":"product","link":"https:\/\/lucacastelli.com\/fr\/produit\/petzl-protec\/","title":{"rendered":"PETZL Protec"},"content":{"rendered":"<p>Protecteur de corde fixe flexible<\/p>\n<p>Le protecteur flexible PROTEC est con\u00e7u pour prot\u00e9ger la corde fixe d\u2019une zone de frottement lors de travaux en hauteur ou de sauvetage. Facile \u00e0 installer et robuste, il est destin\u00e9 \u00e0 un usage r\u00e9gulier et intensif. Polyvalent, PROTEC convient \u00e0 tous les diam\u00e8tres de cordes professionnelles, mais aussi aux \u00e9lingues d\u2019ancrage.  <\/p>\n<p>Description<\/p>\n<p>Protecteur<br \/>\nde corde fixe con\u00e7u pour une utilisation r\u00e9guli\u00e8re et intensive :<br \/>\n&#8211; tissu souple et l\u00e9ger en TPU haute r\u00e9sistance (sans PVC),<br \/>\n&#8211; fermeture \u00e0 bande auto-agrippante.<br \/>\nFacile \u00e0 installer :<br \/>\n&#8211; ouverture facile par deux cordons de serrage, utilisable avec des gants,<br \/>\n&#8211; bonne prise en main de la pince \u00e0 \u00e9piler pour un placement rapide et facile sur la corde.<br \/>\nPolyvalente :<br \/>\n&#8211; elle peut \u00eatre utilis\u00e9e dans les deux sens, pince \u00e0 \u00e9piler en haut ou pince \u00e0 \u00e9piler en bas,<br \/>\n&#8211; elle s\u2019adapte aux diff\u00e9rents diam\u00e8tres de cordes professionnelles,<br \/>\n&#8211; elle permet \u00e9galement de prot\u00e9ger une sangle d\u2019ancrage de type CONNEXION.<\/p>\n<p>Caract\u00e9ristiques<br \/>\nMat\u00e9riaux : TPU, polyamide, aluminium<br \/>\nPoids : 130 g<br \/>\nDimensions : 56 x 5 x 2,5 cm<\/p>\n<p>Garantie de 3 ans<\/p>\n","protected":false},"excerpt":{"rendered":"<p>Protecteur de corde fixe flexible Le protecteur flexible PROTEC est con\u00e7u pour prot\u00e9ger la corde fixe d\u2019une zone de frottement<\/p>\n","protected":false},"featured_media":73008,"template":"","meta":{"_seopress_robots_primary_cat":"","_seopress_titles_title":"","_seopress_titles_desc":"","_seopress_robots_index":""},"product_brand":[3446],"product_cat":[33,537,814,211,818],"product_tag":[],"class_list":{"0":"post-481263","1":"product","2":"type-product","3":"status-publish","4":"has-post-thumbnail","6":"product_brand-petzl","7":"product_cat-attrezzature","8":"product_cat-attrezzatura-da-lavoro","9":"product_cat-imbraghi-e-materiale-di-sicurezza","10":"product_cat-attrezzatura-per-il-tempo-libero","11":"product_cat-imbraghi-e-materiale-di-sicurezza-attrezzatura-per-il-tempo-libero","12":"sws-gruppo-abb-libero-fr","13":"sws-conto-ricavi-merci-rivendita-abbigliamento","14":"sws-gruppo-iva-iva81","16":"first","17":"onbackorder","18":"shipping-taxable","19":"purchasable","20":"product-type-simple"},"_links":{"self":[{"href":"https:\/\/lucacastelli.com\/fr\/wp-json\/wp\/v2\/product\/481263","targetHints":{"allow":["GET"]}}],"collection":[{"href":"https:\/\/lucacastelli.com\/fr\/wp-json\/wp\/v2\/product"}],"about":[{"href":"https:\/\/lucacastelli.com\/fr\/wp-json\/wp\/v2\/types\/product"}],"wp:featuredmedia":[{"embeddable":true,"href":"https:\/\/lucacastelli.com\/fr\/wp-json\/wp\/v2\/media\/73008"}],"wp:attachment":[{"href":"https:\/\/lucacastelli.com\/fr\/wp-json\/wp\/v2\/media?parent=481263"}],"wp:term":[{"taxonomy":"product_brand","embeddable":true,"href":"https:\/\/lucacastelli.com\/fr\/wp-json\/wp\/v2\/product_brand?post=481263"},{"taxonomy":"product_cat","embeddable":true,"href":"https:\/\/lucacastelli.com\/fr\/wp-json\/wp\/v2\/product_cat?post=481263"},{"taxonomy":"product_tag","embeddable":true,"href":"https:\/\/lucacastelli.com\/fr\/wp-json\/wp\/v2\/product_tag?post=481263"}],"curies":[{"name":"wp","href":"https:\/\/api.w.org\/{rel}","templated":true}]}}