{"id":481262,"date":"2022-06-30T14:44:13","date_gmt":"2022-06-30T12:44:13","guid":{"rendered":"https:\/\/lucacastelli.com\/?post_type=product&#038;p=481262"},"modified":"2025-07-29T13:57:10","modified_gmt":"2025-07-29T11:57:10","slug":"cordon-de-pied-petzl","status":"publish","type":"product","link":"https:\/\/lucacastelli.com\/fr\/produit\/cordon-de-pied-petzl\/","title":{"rendered":"CORDON DE PIED PETZL"},"content":{"rendered":"<p>P\u00e9dale \u00e0 cordon r\u00e9glable<\/p>\n<p>La p\u00e9dale r\u00e9glable FOOTCORD s\u2019utilise avec la poign\u00e9e ASCENSION pour les remont\u00e9es sur corde. La construction en poly\u00e9thyl\u00e8ne haute densit\u00e9 am\u00e9liore sa durabilit\u00e9. <\/p>\n<p>Description<\/p>\n<p>Description d\u00e9taill\u00e9e<br \/>\nSe fixe \u00e0 la poign\u00e9e ASCENSION pour les remont\u00e9es sur corde.<br \/>\nConstruction en PEHD (poly\u00e9thyl\u00e8ne haute densit\u00e9) pour am\u00e9liorer la durabilit\u00e9.<br \/>\n\u00c9lastique r\u00e9glable pour maintenir le pied dans la p\u00e9dale, quel que soit le type de chaussure.<br \/>\nPlaque de r\u00e9glage de la hauteur de la p\u00e9dale.<\/p>\n<p>Sp\u00e9cifications<br \/>\nMat\u00e9riaux : poly\u00e9thyl\u00e8ne haute densit\u00e9, aluminium<br \/>\nPoids : 40 g<\/p>\n<p>Garantie de 3 ans<\/p>\n","protected":false},"excerpt":{"rendered":"<p>P\u00e9dale \u00e0 cordon r\u00e9glable La p\u00e9dale r\u00e9glable FOOTCORD s\u2019utilise avec la poign\u00e9e ASCENSION pour les remont\u00e9es sur corde. La construction<\/p>\n","protected":false},"featured_media":72990,"template":"","meta":{"_seopress_robots_primary_cat":"","_seopress_titles_title":"","_seopress_titles_desc":"","_seopress_robots_index":""},"product_brand":[3446],"product_cat":[33,537,814,211,818],"product_tag":[],"class_list":{"0":"post-481262","1":"product","2":"type-product","3":"status-publish","4":"has-post-thumbnail","6":"product_brand-petzl","7":"product_cat-attrezzature","8":"product_cat-attrezzatura-da-lavoro","9":"product_cat-imbraghi-e-materiale-di-sicurezza","10":"product_cat-attrezzatura-per-il-tempo-libero","11":"product_cat-imbraghi-e-materiale-di-sicurezza-attrezzatura-per-il-tempo-libero","12":"sws-gruppo-abb-libero-fr","13":"sws-conto-ricavi-merci-rivendita-abbigliamento","14":"sws-gruppo-iva-iva81","16":"first","17":"onbackorder","18":"shipping-taxable","19":"purchasable","20":"product-type-simple"},"_links":{"self":[{"href":"https:\/\/lucacastelli.com\/fr\/wp-json\/wp\/v2\/product\/481262","targetHints":{"allow":["GET"]}}],"collection":[{"href":"https:\/\/lucacastelli.com\/fr\/wp-json\/wp\/v2\/product"}],"about":[{"href":"https:\/\/lucacastelli.com\/fr\/wp-json\/wp\/v2\/types\/product"}],"wp:featuredmedia":[{"embeddable":true,"href":"https:\/\/lucacastelli.com\/fr\/wp-json\/wp\/v2\/media\/72990"}],"wp:attachment":[{"href":"https:\/\/lucacastelli.com\/fr\/wp-json\/wp\/v2\/media?parent=481262"}],"wp:term":[{"taxonomy":"product_brand","embeddable":true,"href":"https:\/\/lucacastelli.com\/fr\/wp-json\/wp\/v2\/product_brand?post=481262"},{"taxonomy":"product_cat","embeddable":true,"href":"https:\/\/lucacastelli.com\/fr\/wp-json\/wp\/v2\/product_cat?post=481262"},{"taxonomy":"product_tag","embeddable":true,"href":"https:\/\/lucacastelli.com\/fr\/wp-json\/wp\/v2\/product_tag?post=481262"}],"curies":[{"name":"wp","href":"https:\/\/api.w.org\/{rel}","templated":true}]}}