{"id":481246,"date":"2022-06-30T14:39:33","date_gmt":"2022-06-30T12:39:33","guid":{"rendered":"https:\/\/lucacastelli.com\/?post_type=product&#038;p=481246"},"modified":"2025-07-29T17:13:22","modified_gmt":"2025-07-29T15:13:22","slug":"petzl-paw","status":"publish","type":"product","link":"https:\/\/lucacastelli.com\/fr\/produit\/petzl-paw\/","title":{"rendered":"PETZL PAW"},"content":{"rendered":"<p>Multiplicateur d\u2019ancrage<\/p>\n<p>Disponible en trois tailles, le multiplicateur d\u2019ancrage PAW vous permet d\u2019organiser un poste de travail et de cr\u00e9er un syst\u00e8me de plusieurs ancrages. La conception du trou est compatible avec le passage de cordes ou de sangles pour une connexion directe. Fabriqu\u00e9 en aluminium forg\u00e9, il garantit un excellent rapport r\u00e9sistance\/l\u00e9g\u00e8ret\u00e9.  <\/p>\n<p>Description<\/p>\n<p>Description d\u00e9taill\u00e9e<br \/>\nIl vous permet d\u2019organiser un poste de travail et de cr\u00e9er un syst\u00e8me de plusieurs ancrages tr\u00e8s facilement :<br \/>\n&#8211; des trous de 19 mm qui permettent de passer \u00e0 travers la virole de la plupart des mousquetons pour permettre leur basculement,<br \/>\n &#8211; des trous compatibles avec le passage de cordes ou d\u2019\u00e9lingues pour une connexion directe,<br \/>\n &#8211; un trou de connexion principal pouvant accueillir jusqu\u2019\u00e0 trois mousquetons,<br \/>\n &#8211; une rang\u00e9e de trous de connexion de nombre impair pour centrer et \u00e9quilibrer le syst\u00e8me,<br \/>\n&#8211; Utilisation simultan\u00e9e par jusqu\u2019\u00e0 trois utilisateurs.<br \/>\nR\u00e9sistance :<br \/>\n&#8211; en aluminium forg\u00e9 pour un excellent rapport r\u00e9sistance\/l\u00e9g\u00e8ret\u00e9,<br \/>\n&#8211; permanence des marquages, gr\u00e2ce \u00e0 la forme creuse au centre du multiplicateur.<br \/>\nDisponible en trois tailles et en noir.<br \/>\nDeux grands trous de connexion suppl\u00e9mentaires (uniquement en taille L), compatibles avec les sangles d\u2019ancrage CONNEXION FIXE et CONNEXION VARIO.<\/p>\n<p>Sp\u00e9cifications<br \/>\nMat\u00e9riau : Aluminium<br \/>\nCertification(s) : CE, NFPA 1983 Utilisation g\u00e9n\u00e9rale<\/p>\n","protected":false},"excerpt":{"rendered":"<p>Multiplicateur d\u2019ancrage Disponible en trois tailles, le multiplicateur d\u2019ancrage PAW vous permet d\u2019organiser un poste de travail et de cr\u00e9er<\/p>\n","protected":false},"featured_media":72927,"template":"","meta":{"_seopress_robots_primary_cat":"","_seopress_titles_title":"","_seopress_titles_desc":"","_seopress_robots_index":""},"product_brand":[3667],"product_cat":[144,1397,1408,1402,1415],"product_tag":[],"class_list":{"0":"post-481246","1":"product","2":"type-product","3":"status-publish","4":"has-post-thumbnail","6":"product_brand-petzl-fr","7":"product_cat-equipement","8":"product_cat-equipement-de-travail","9":"product_cat-equipements-de-loisirs","10":"product_cat-harnais-et-equipements-de-securite","11":"product_cat-harnais-et-equipements-de-securite-fr","12":"sws-gruppo-abb-libero-fr","13":"sws-conto-ricavi-merci-rivendita-abbigliamento","14":"sws-gruppo-iva-iva81","16":"first","17":"onbackorder","18":"shipping-taxable","19":"purchasable","20":"product-type-variable"},"_links":{"self":[{"href":"https:\/\/lucacastelli.com\/fr\/wp-json\/wp\/v2\/product\/481246","targetHints":{"allow":["GET"]}}],"collection":[{"href":"https:\/\/lucacastelli.com\/fr\/wp-json\/wp\/v2\/product"}],"about":[{"href":"https:\/\/lucacastelli.com\/fr\/wp-json\/wp\/v2\/types\/product"}],"wp:featuredmedia":[{"embeddable":true,"href":"https:\/\/lucacastelli.com\/fr\/wp-json\/wp\/v2\/media\/72927"}],"wp:attachment":[{"href":"https:\/\/lucacastelli.com\/fr\/wp-json\/wp\/v2\/media?parent=481246"}],"wp:term":[{"taxonomy":"product_brand","embeddable":true,"href":"https:\/\/lucacastelli.com\/fr\/wp-json\/wp\/v2\/product_brand?post=481246"},{"taxonomy":"product_cat","embeddable":true,"href":"https:\/\/lucacastelli.com\/fr\/wp-json\/wp\/v2\/product_cat?post=481246"},{"taxonomy":"product_tag","embeddable":true,"href":"https:\/\/lucacastelli.com\/fr\/wp-json\/wp\/v2\/product_tag?post=481246"}],"curies":[{"name":"wp","href":"https:\/\/api.w.org\/{rel}","templated":true}]}}