{"id":481233,"date":"2022-06-30T14:37:14","date_gmt":"2022-06-30T12:37:14","guid":{"rendered":"https:\/\/lucacastelli.com\/?post_type=product&#038;p=481233"},"modified":"2025-07-29T13:56:58","modified_gmt":"2025-07-29T11:56:58","slug":"petzl-duo-s","status":"publish","type":"product","link":"https:\/\/lucacastelli.com\/fr\/produit\/petzl-duo-s\/","title":{"rendered":"PETZL DUO S"},"content":{"rendered":"<p>Lampe frontale ultra-puissante, multifonctionnelle et rechargeable avec fonction anti-\u00e9blouissement FACE2FACE. 1100 lumens <\/p>\n<p>Ultra-puissante avec 1100 lumens en fonction BOOST, la lampe frontale DUO S fonctionne avec une batterie rechargeable. Multifonctionnel, il garantit cinq niveaux d\u2019\u00e9clairage permettant de s\u2019adapter \u00e0 toutes les situations : t\u00e9l\u00e9travail manuel, proximit\u00e9, mouvement, mouvement rapide et vision \u00e0 distance. \u00c9quip\u00e9e de la fonction anti-\u00e9blouissement FACE2FACE, la lampe DUO S permet aux collaborateurs de rencontrer plusieurs faisceaux lumineux sans \u00e9blouissement pour collaborer plus efficacement. Il peut \u00eatre port\u00e9 sur les casques VERTEX et STRATO, gr\u00e2ce aux supports fournis.   <\/p>\n<p>Description<\/p>\n<p>Description d\u00e9taill\u00e9e<br \/>\nCinq niveaux et un mode BOOST pour adapter l\u2019\u00e9clairage \u00e0 toutes les situations de travail :<br \/>\n&#8211; \u00e9clairage manuel \u00e0 distance : faisceau lumineux large de faible intensit\u00e9 qui favorise une longue autonomie,<br \/>\n&#8211; \u00e9clairage de proximit\u00e9 : faisceau lumineux mixte d\u2019intensit\u00e9 adapt\u00e9 \u00e0 une vision de proximit\u00e9 confortable,<br \/>\n&#8211; \u00e9clairage \u00e0 d\u00e9placement : faisceau lumineux mixte pour assurer une composante focalis\u00e9e qui vous permet de vous d\u00e9placer efficacement,<br \/>\n&#8211; \u00e9clairage \u00e0 d\u00e9placement rapide : faisceau lumineux mixte plus puissant pour pr\u00e9dire le type de terrain,<br \/>\n&#8211; Vision de loin : faisceau lumineux tr\u00e8s focalis\u00e9 pour voir de loin.<br \/>\n&#8211; Mode BOOST pour acc\u00e9der temporairement \u00e0 la puissance maximale de 1100 lumens.<br \/>\nTechnologie CONSTANT LIGHTING : \u00e9clairage stable dans le temps, adapt\u00e9 aux longues phases de travail.<br \/>\nBatterie rechargeable :<br \/>\n&#8211; Batterie Lithium-Ion, 3200 mAh, tension 7,4 V, 23,68 Wh,<br \/>\n&#8211; rechargeable en 4 heures avec chargeur rapide 110\/240 V (fourni),<br \/>\n&#8211; indicateur de charge,<br \/>\n&#8211; amovible et rempla\u00e7able (disponible en accessoire).<br \/>\nS\u00e9curit\u00e9 et confort dans le travail d\u2019\u00e9quipe, gr\u00e2ce \u00e0 la fonction anti-\u00e9blouissement FACE2FACE : elle permet aux utilisateurs des lampes de la gamme DUO de rencontrer plusieurs faisceaux lumineux sans \u00e9blouissement, en diminuant automatiquement le rendement lumineux lorsque deux faisceaux lumineux ou plus se rencontrent.<br \/>\nFiabilit\u00e9 et ergonomie d\u2019utilisation :<br \/>\n&#8211; transport \u00e9quilibr\u00e9 gr\u00e2ce au support de batterie s\u00e9par\u00e9 derri\u00e8re la t\u00eate,<br \/>\n&#8211; bouton ergonomique qui peut \u00e9galement \u00eatre utilis\u00e9 avec des gants,<br \/>\n&#8211; commutation automatique de la r\u00e9serve d\u2019\u00e9clairage lorsque la batterie est presque vide,<br \/>\n&#8211; verrouillage \u00e9lectronique pour \u00e9viter toute mise en marche involontaire pendant le transport\/stockage.<br \/>\nRobustesse :<br \/>\n&#8211; IP67 (\u00e9tanche jusqu\u2019\u00e0 -1 m\u00e8tre pendant 30 minutes en eau douce),<br \/>\n&#8211; excellente r\u00e9sistance aux chutes, aux chocs et \u00e0 l\u2019\u00e9crasement.<\/p>\n<p>Certification CE<br \/>\nCouleur Noir\/jaune<br \/>\nGarantie 3 ans<\/p>\n","protected":false},"excerpt":{"rendered":"<p>Lampe frontale ultra-puissante, multifonctionnelle et rechargeable avec fonction anti-\u00e9blouissement FACE2FACE. 1100 lumens Ultra-puissante avec 1100 lumens en fonction BOOST, la<\/p>\n","protected":false},"featured_media":72902,"template":"","meta":{"_seopress_robots_primary_cat":"","_seopress_titles_title":"","_seopress_titles_desc":"","_seopress_robots_index":""},"product_brand":[3667],"product_cat":[144,1397,1496,1408,1702],"product_tag":[],"class_list":{"0":"post-481233","1":"product","2":"type-product","3":"status-publish","4":"has-post-thumbnail","6":"product_brand-petzl-fr","7":"product_cat-equipement","8":"product_cat-equipement-de-travail","9":"product_cat-autres-equipements-de-travail","10":"product_cat-equipements-de-loisirs","11":"product_cat-autres","12":"sws-gruppo-abb-libero-fr","13":"sws-conto-ricavi-merci-rivendita-abbigliamento-fr","14":"sws-gruppo-iva-iva81-fr","16":"first","17":"onbackorder","18":"shipping-taxable","19":"purchasable","20":"product-type-simple"},"_links":{"self":[{"href":"https:\/\/lucacastelli.com\/fr\/wp-json\/wp\/v2\/product\/481233","targetHints":{"allow":["GET"]}}],"collection":[{"href":"https:\/\/lucacastelli.com\/fr\/wp-json\/wp\/v2\/product"}],"about":[{"href":"https:\/\/lucacastelli.com\/fr\/wp-json\/wp\/v2\/types\/product"}],"wp:featuredmedia":[{"embeddable":true,"href":"https:\/\/lucacastelli.com\/fr\/wp-json\/wp\/v2\/media\/72902"}],"wp:attachment":[{"href":"https:\/\/lucacastelli.com\/fr\/wp-json\/wp\/v2\/media?parent=481233"}],"wp:term":[{"taxonomy":"product_brand","embeddable":true,"href":"https:\/\/lucacastelli.com\/fr\/wp-json\/wp\/v2\/product_brand?post=481233"},{"taxonomy":"product_cat","embeddable":true,"href":"https:\/\/lucacastelli.com\/fr\/wp-json\/wp\/v2\/product_cat?post=481233"},{"taxonomy":"product_tag","embeddable":true,"href":"https:\/\/lucacastelli.com\/fr\/wp-json\/wp\/v2\/product_tag?post=481233"}],"curies":[{"name":"wp","href":"https:\/\/api.w.org\/{rel}","templated":true}]}}