{"id":481229,"date":"2022-06-15T00:32:16","date_gmt":"2022-06-14T22:32:16","guid":{"rendered":"https:\/\/lucacastelli.com\/?post_type=product&#038;p=481229"},"modified":"2025-07-27T08:37:35","modified_gmt":"2025-07-27T06:37:35","slug":"petzl-newton","status":"publish","type":"product","link":"https:\/\/lucacastelli.com\/fr\/produit\/petzl-newton\/","title":{"rendered":"PETZL NEWTON"},"content":{"rendered":"<p>Harnais antichute<\/p>\n<p>NEWTON est un harnais antichute ergonomique et l\u00e9ger. Simple d\u2019utilisation, la sangle est cod\u00e9e par couleur pour faciliter l\u2019enfilage du harnais. L\u2019acc\u00e8s aux outils est imm\u00e9diat, gr\u00e2ce aux boucles d\u2019\u00e9quipement et aux boucles de valise TOOLBAG. Le point d\u2019attache sternal en tissu et le point d\u2019attache dorsal en m\u00e9tal garantissent une grande polyvalence. Il est certifi\u00e9 selon les normes europ\u00e9ennes et russes.    <\/p>\n<p>Description<br \/>\nConstruction ergonomique et l\u00e9g\u00e8re :<br \/>\n&#8211; conception anatomique pour \u00eatre adh\u00e9rent au corps avec une libert\u00e9 de mouvement optimale,<br \/>\n&#8211; point d\u2019attache sternal en tissu, l\u00e9ger et r\u00e9sistant \u00e0 l\u2019abrasion,<br \/>\n&#8211; point d\u2019attache dorsal en aluminium anodis\u00e9 pour une grande r\u00e9sistance,<br \/>\n&#8211; possibilit\u00e9 de fixer une entretoise LIFT pour descendre en rappel en position verticale.<br \/>\nSimplicit\u00e9 et facilit\u00e9 d\u2019utilisation :<br \/>\n&#8211; sangles \u00e0 code couleur (jaune\/noir) pour identifier rapidement les parties sup\u00e9rieure et inf\u00e9rieure du harnais avant de l\u2019enfiler,<br \/>\n&#8211; boucle sternale automatique FAST LT PLUS pour ouvrir et fermer le harnais facilement et rapidement, sans perte de r\u00e9glage, m\u00eame avec des gants. Le syst\u00e8me de d\u00e9verrouillage r\u00e9duit le risque d\u2019ouverture involontaire,<br \/>\n&#8211; les bretelles et les tours de cuisse \u00e9quip\u00e9s de boucles autobloquantes DOUBLEBACK pour un r\u00e9glage rapide et facile,<br \/>\n&#8211; deux boucles d\u2019\u00e9quipement et deux boucles pour la pochette \u00e0 outils TOOLBAG facilitent l\u2019acc\u00e8s aux outils. <\/p>\n<p>Sp\u00e9cifications<br \/>\nPoint d\u2019attache sternal : Connexion du syst\u00e8me antichute<br \/>\nPoint d\u2019attache dorsal en m\u00e9tal : Connexion du syst\u00e8me antichute<br \/>\nCertification(s) : CE EN 361, EAC, UKCA<br \/>\nMat\u00e9riaux : Polyamide, Polyester, Aluminium<\/p>\n","protected":false},"excerpt":{"rendered":"<p>Harnais antichute NEWTON est un harnais antichute ergonomique et l\u00e9ger. Simple d\u2019utilisation, la sangle est cod\u00e9e par couleur pour faciliter<\/p>\n","protected":false},"featured_media":69114,"template":"","meta":{"_seopress_robots_primary_cat":"","_seopress_titles_title":"","_seopress_titles_desc":"","_seopress_robots_index":""},"product_brand":[3667],"product_cat":[144,1397,1408,1415,1402],"product_tag":[],"class_list":{"0":"post-481229","1":"product","2":"type-product","3":"status-publish","4":"has-post-thumbnail","6":"product_brand-petzl-fr","7":"product_cat-equipement","8":"product_cat-equipement-de-travail","9":"product_cat-equipements-de-loisirs","10":"product_cat-harnais-et-equipements-de-securite-fr","11":"product_cat-harnais-et-equipements-de-securite","13":"first","14":"instock","15":"shipping-taxable","16":"purchasable","17":"product-type-variable"},"_links":{"self":[{"href":"https:\/\/lucacastelli.com\/fr\/wp-json\/wp\/v2\/product\/481229","targetHints":{"allow":["GET"]}}],"collection":[{"href":"https:\/\/lucacastelli.com\/fr\/wp-json\/wp\/v2\/product"}],"about":[{"href":"https:\/\/lucacastelli.com\/fr\/wp-json\/wp\/v2\/types\/product"}],"wp:featuredmedia":[{"embeddable":true,"href":"https:\/\/lucacastelli.com\/fr\/wp-json\/wp\/v2\/media\/69114"}],"wp:attachment":[{"href":"https:\/\/lucacastelli.com\/fr\/wp-json\/wp\/v2\/media?parent=481229"}],"wp:term":[{"taxonomy":"product_brand","embeddable":true,"href":"https:\/\/lucacastelli.com\/fr\/wp-json\/wp\/v2\/product_brand?post=481229"},{"taxonomy":"product_cat","embeddable":true,"href":"https:\/\/lucacastelli.com\/fr\/wp-json\/wp\/v2\/product_cat?post=481229"},{"taxonomy":"product_tag","embeddable":true,"href":"https:\/\/lucacastelli.com\/fr\/wp-json\/wp\/v2\/product_tag?post=481229"}],"curies":[{"name":"wp","href":"https:\/\/api.w.org\/{rel}","templated":true}]}}