{"id":481225,"date":"2022-06-27T13:42:20","date_gmt":"2022-06-27T11:42:20","guid":{"rendered":"https:\/\/lucacastelli.com\/?post_type=product&#038;p=481225"},"modified":"2025-07-29T10:28:29","modified_gmt":"2025-07-29T08:28:29","slug":"petzl-kit-secours-crevasse","status":"publish","type":"product","link":"https:\/\/lucacastelli.com\/fr\/produit\/petzl-kit-secours-crevasse\/","title":{"rendered":"PETZL KIT SECOURS CREVASSE"},"content":{"rendered":"<p>Kit de r\u00e9cup\u00e9ration et d\u2019auto-sauvetage en crevasse<\/p>\n<p>Le KIT CREVASSE SECOURS contient tout le n\u00e9cessaire pour effectuer une r\u00e9cup\u00e9ration, une remont\u00e9e sur corde en cas de chute dans une crevasse. Cet ensemble est indispensable pour tous les pratiquants d\u2019ascension de glacier (\u00e0 ski ou \u00e0 pied). <\/p>\n<p>Description d\u00e9taill\u00e9e<br \/>\nLe KIT CREVASSE SECOURS contient tout ce dont vous avez besoin pour effectuer une remont\u00e9e, une remont\u00e9e sur corde en cas de chute dans une crevasse :<br \/>\n&#8211; 1 poulie MICRO TRAXION,<br \/>\n&#8211; 2 mousquetons OK SCREW-LOCK,<br \/>\n&#8211; 1 TIBLOC,<br \/>\n&#8211; 1 poulie PARTNER,<br \/>\n&#8211; 1 sangle ST\u2019ANNEAU 120 cm.<\/p>\n<p>Caract\u00e9ristiques<br \/>\nPoids : 370 g<br \/>\nContenu du kit : 1 poulie MICRO TRAXION, 2 mousquetons OK SCREW-LOCK, 1 TIBLOC, 1 poulie PARTNER, 1 sangle ST\u2019ANNEAU 120 cm<br \/>\nCompatibilit\u00e9 corde : 8 &#8211; 11 mm<br \/>\nCertification(s) : CE, UIAA<\/p>\n<p>Garantie de 3 ans<\/p>\n","protected":false},"excerpt":{"rendered":"<p>Kit de r\u00e9cup\u00e9ration et d\u2019auto-sauvetage en crevasse Le KIT CREVASSE SECOURS contient tout le n\u00e9cessaire pour effectuer une r\u00e9cup\u00e9ration, une<\/p>\n","protected":false},"featured_media":72199,"template":"","meta":{"_seopress_robots_primary_cat":"","_seopress_titles_title":"","_seopress_titles_desc":"","_seopress_robots_index":""},"product_brand":[3667],"product_cat":[144,1397,1408,1415,1402],"product_tag":[],"class_list":{"0":"post-481225","1":"product","2":"type-product","3":"status-publish","4":"has-post-thumbnail","6":"product_brand-petzl-fr","7":"product_cat-equipement","8":"product_cat-equipement-de-travail","9":"product_cat-equipements-de-loisirs","10":"product_cat-harnais-et-equipements-de-securite-fr","11":"product_cat-harnais-et-equipements-de-securite","12":"sws-gruppo-abb-libero-fr","13":"sws-conto-ricavi-merci-rivendita-abbigliamento-fr","14":"sws-gruppo-iva-iva81-fr","16":"first","17":"instock","18":"shipping-taxable","19":"purchasable","20":"product-type-simple"},"_links":{"self":[{"href":"https:\/\/lucacastelli.com\/fr\/wp-json\/wp\/v2\/product\/481225","targetHints":{"allow":["GET"]}}],"collection":[{"href":"https:\/\/lucacastelli.com\/fr\/wp-json\/wp\/v2\/product"}],"about":[{"href":"https:\/\/lucacastelli.com\/fr\/wp-json\/wp\/v2\/types\/product"}],"wp:featuredmedia":[{"embeddable":true,"href":"https:\/\/lucacastelli.com\/fr\/wp-json\/wp\/v2\/media\/72199"}],"wp:attachment":[{"href":"https:\/\/lucacastelli.com\/fr\/wp-json\/wp\/v2\/media?parent=481225"}],"wp:term":[{"taxonomy":"product_brand","embeddable":true,"href":"https:\/\/lucacastelli.com\/fr\/wp-json\/wp\/v2\/product_brand?post=481225"},{"taxonomy":"product_cat","embeddable":true,"href":"https:\/\/lucacastelli.com\/fr\/wp-json\/wp\/v2\/product_cat?post=481225"},{"taxonomy":"product_tag","embeddable":true,"href":"https:\/\/lucacastelli.com\/fr\/wp-json\/wp\/v2\/product_tag?post=481225"}],"curies":[{"name":"wp","href":"https:\/\/api.w.org\/{rel}","templated":true}]}}