{"id":481203,"date":"2022-06-15T00:33:08","date_gmt":"2022-06-14T22:33:08","guid":{"rendered":"https:\/\/lucacastelli.com\/?post_type=product&#038;p=481203"},"modified":"2025-07-29T14:38:34","modified_gmt":"2025-07-29T12:38:34","slug":"petzl-vertex-vent-hi-viz","status":"publish","type":"product","link":"https:\/\/lucacastelli.com\/fr\/produit\/petzl-vertex-vent-hi-viz\/","title":{"rendered":"PETZL VERTEX VENT HI VIZ"},"content":{"rendered":"<p>Casque haute visibilit\u00e9 confortable et ventil\u00e9<\/p>\n<p>Le casque VERTEX VENT garantit une utilisation tr\u00e8s confortable, gr\u00e2ce au harnais en tissu avec fermeture en six points et aux syst\u00e8mes CENTERFIT et FLIP&amp;FIT qui assurent un excellent maintien du casque sur la t\u00eate. Avec une mentonni\u00e8re de r\u00e9sistance interchangeable, il est adapt\u00e9 au travail en hauteur et au travail au sol. Il dispose de trous de ventilation avec des portes coulissantes pour a\u00e9rer le casque. L\u2019int\u00e9gration optimale d\u2019une lampe frontale Petzl, d\u2019une visi\u00e8re de protection, d\u2019une protection contre le bruit et de multiples accessoires en fait un casque enti\u00e8rement modulable, qui r\u00e9pond aux besoins suppl\u00e9mentaires des professionnels. La version haute visibilit\u00e9 est \u00e9quip\u00e9e d\u2019une coque ext\u00e9rieure fluorescente avec des clips phosphorescents et des bandes r\u00e9fl\u00e9chissantes, pour une visibilit\u00e9 optimale du travailleur, de jour comme de nuit.    <\/p>\n<p>Description<br \/>\nUtilisation tr\u00e8s confortable :<br \/>\n&#8211; harnais en tissu avec fermeture en six points qui s\u2019adapte parfaitement \u00e0 la forme de la t\u00eate,<br \/>\n&#8211; r\u00e9glage CENTERFIT qui maintient le casque parfaitement centr\u00e9 sur la t\u00eate, gr\u00e2ce aux deux molettes de r\u00e9glage lat\u00e9rales,<br \/>\n&#8211; syst\u00e8me FLIP&amp;FIT qui permet une position basse de l\u2019arceau pour assurer une excellente prise en main du casque. Le syst\u00e8me se r\u00e9tracte \u00e0 l\u2019int\u00e9rieur du casque pour un rangement et un transport faciles,<br \/>\n &#8211; fourni avec une mousse de confort standard interchangeable.<br \/>\nProtection adapt\u00e9e au travail en hauteur et au travail au sol, de jour comme de nuit :<br \/>\n &#8211; Mentonni\u00e8re DUAL qui permet au travailleur de modifier la r\u00e9sistance de la mentonni\u00e8re pour adapter le casque \u00e0 diff\u00e9rents environnements : travail en hauteur (EN 12492) et travail au sol (EN 397). Le clip dispose de deux positions pour deux modes d\u2019utilisation : haute r\u00e9sistance, pour r\u00e9duire le risque de perte du casque lors d\u2019une chute et faible r\u00e9sistance pour r\u00e9duire le risque d\u2019\u00e9tranglement en cas de fixation du casque lorsque l\u2019utilisateur est au sol,<br \/>\n &#8211; absorption des chocs due \u00e0 la d\u00e9formation de la coque ext\u00e9rieure,<br \/>\n &#8211; trous de ventilation avec portes coulissantes r\u00e9glables de l\u2019ext\u00e9rieur pour a\u00e9rer le casque en fonction des conditions d\u2019utilisation,<br \/>\n&#8211; Coque ext\u00e9rieure fluorescente avec clips phosphorescents et bandes r\u00e9fl\u00e9chissantes pour une visibilit\u00e9 optimale du travailleur, de jour comme de nuit.<br \/>\nModularit\u00e9 des accessoires :<br \/>\n&#8211; visi\u00e8re de protection avec syst\u00e8me de fixation lat\u00e9rale EASYCLIP qui facilite l\u2019installation<br \/>\n&#8211; Lampe frontale Petzl avec attaches ou lampe frontale avec bandeau \u00e9lastique,<br \/>\n&#8211; protecteur de casque qui permet de prot\u00e9ger la coque de la salet\u00e9 et des projections de peinture,<br \/>\n&#8211; prot\u00e8ge-cou pour prot\u00e9ger le cou de la pluie et du soleil,<br \/>\n&#8211; porte-badge pour identifier rapidement l\u2019utilisateur,<br \/>\n&#8211; mentonni\u00e8re et rembourrage interchangeables,<br \/>\n&#8211; protections contre le bruit,<br \/>\n&#8211; Disponible en deux couleurs haute visibilit\u00e9 : jaune et orange.<br \/>\nSp\u00e9cifique<br \/>\nTour de t\u00eate : 53-63 cm<br \/>\nPoids : 495 g<br \/>\nMat\u00e9riaux : ABS (acrylonite butadi\u00e8ne styr\u00e8ne), polyamide, polycarbonate, polyester haute r\u00e9sistance, poly\u00e9thyl\u00e8ne<br \/>\nCertification(s) : CE, EN 397, EN 12492, ANSI Z89.1 Type I Classe C, EAC<\/p>\n<table>\n<tbody>\n<tr>\n<th class=\"rowTitle\">R\u00e9f\u00e9rences<\/th>\n<th>\n A010EA00<\/th>\n<th>A010EA01<\/th>\n<\/tr>\n<tr>\n<td class=\"rowTitle\">Couleur(s)<\/td>\n<td>jaune <\/td>\n<td>orange <\/td>\n<\/tr>\n<tr>\n<td class=\"rowTitle\">Garantie<\/td>\n<td>3 ans<\/td>\n<td>3 ans<\/td>\n<\/tr>\n<tr>\n<td class=\"rowTitle\">Emballage<\/td>\n<td> <\/td>\n<p> 1<\/p>\n<td>1 <\/td>\n<\/tr>\n<\/tbody>\n<\/table>\n","protected":false},"excerpt":{"rendered":"<p>Casque haute visibilit\u00e9 confortable et ventil\u00e9 Le casque VERTEX VENT garantit une utilisation tr\u00e8s confortable, gr\u00e2ce au harnais en tissu<\/p>\n","protected":false},"featured_media":69132,"template":"","meta":{"_seopress_robots_primary_cat":"","_seopress_titles_title":"","_seopress_titles_desc":"","_seopress_robots_index":""},"product_brand":[3446],"product_cat":[33,537,814,211,817,816],"product_tag":[],"class_list":{"0":"post-481203","1":"product","2":"type-product","3":"status-publish","4":"has-post-thumbnail","6":"product_brand-petzl","7":"product_cat-attrezzature","8":"product_cat-attrezzatura-da-lavoro","9":"product_cat-imbraghi-e-materiale-di-sicurezza","10":"product_cat-attrezzatura-per-il-tempo-libero","11":"product_cat-caschi-attrezzatura-per-il-tempo-libero","12":"product_cat-visiere-e-occhiali-protettivi","13":"sws-gruppo-abb-libero-fr","14":"sws-conto-ricavi-merci-rivendita-abbigliamento-fr","15":"sws-gruppo-iva-iva81-fr","17":"first","18":"instock","19":"shipping-taxable","20":"purchasable","21":"product-type-variable"},"_links":{"self":[{"href":"https:\/\/lucacastelli.com\/fr\/wp-json\/wp\/v2\/product\/481203","targetHints":{"allow":["GET"]}}],"collection":[{"href":"https:\/\/lucacastelli.com\/fr\/wp-json\/wp\/v2\/product"}],"about":[{"href":"https:\/\/lucacastelli.com\/fr\/wp-json\/wp\/v2\/types\/product"}],"wp:featuredmedia":[{"embeddable":true,"href":"https:\/\/lucacastelli.com\/fr\/wp-json\/wp\/v2\/media\/69132"}],"wp:attachment":[{"href":"https:\/\/lucacastelli.com\/fr\/wp-json\/wp\/v2\/media?parent=481203"}],"wp:term":[{"taxonomy":"product_brand","embeddable":true,"href":"https:\/\/lucacastelli.com\/fr\/wp-json\/wp\/v2\/product_brand?post=481203"},{"taxonomy":"product_cat","embeddable":true,"href":"https:\/\/lucacastelli.com\/fr\/wp-json\/wp\/v2\/product_cat?post=481203"},{"taxonomy":"product_tag","embeddable":true,"href":"https:\/\/lucacastelli.com\/fr\/wp-json\/wp\/v2\/product_tag?post=481203"}],"curies":[{"name":"wp","href":"https:\/\/api.w.org\/{rel}","templated":true}]}}