{"id":481200,"date":"2022-06-15T00:31:48","date_gmt":"2022-06-14T22:31:48","guid":{"rendered":"https:\/\/lucacastelli.com\/?post_type=product&#038;p=481200"},"modified":"2025-07-27T08:37:43","modified_gmt":"2025-07-27T06:37:43","slug":"petzl-vertex","status":"publish","type":"product","link":"https:\/\/lucacastelli.com\/fr\/produit\/petzl-vertex\/","title":{"rendered":"PETZL VERTEX"},"content":{"rendered":"<p>Le casque VERTEX garantit une conduite tr\u00e8s confortable, gr\u00e2ce au harnais en tissu avec fermeture en six points et aux syst\u00e8mes CENTERFIT et FLIP&amp;FIT qui garantissent un excellent maintien du casque sur la t\u00eate. Avec une mentonni\u00e8re de r\u00e9sistance interchangeable, il est adapt\u00e9 au travail en hauteur et au travail au sol. La coque ext\u00e9rieure ferm\u00e9e prot\u00e8ge contre les risques \u00e9lectriques, la projection de m\u00e9tal en fusion et les flammes. L\u2019int\u00e9gration optimale d\u2019une lampe frontale Petzl, d\u2019une visi\u00e8re de protection, d\u2019une protection contre le bruit et de multiples accessoires en fait un casque enti\u00e8rement modulable, qui r\u00e9pond aux besoins suppl\u00e9mentaires des professionnels.   <\/p>\n<p>\u2022 Tr\u00e8s confortable \u00e0 utiliser :<br \/>\n&#8211; harnais en tissu avec fermeture en six points qui s\u2019adapte parfaitement \u00e0 la forme de la t\u00eate,<br \/>\n&#8211; r\u00e9glage CENTERFIT qui maintient le casque parfaitement centr\u00e9 sur la t\u00eate, gr\u00e2ce aux deux molettes de r\u00e9glage<br \/>\nlat\u00e9rales,<br \/>\n&#8211; syst\u00e8me FLIP&amp;FIT qui permet une position basse de l\u2019arceau pour assurer une excellente adh\u00e9rence du casque. Le syst\u00e8me<br \/>\nse r\u00e9tracte \u00e0 l\u2019int\u00e9rieur du casque pour un rangement et un transport faciles,<br \/>\n &#8211; fourni avec un rembourrage de confort interchangeable de s\u00e9rie.<br \/>\n\u2022 Protection adapt\u00e9e au travail en hauteur et au travail au sol :<br \/>\n &#8211; Mentonni\u00e8re DUAL qui permet au travailleur de modifier la r\u00e9sistance de la mentonni\u00e8re pour adapter le casque \u00e0 diff\u00e9rents environnements :<br \/>\n travail en hauteur (EN 12492) et travail au sol (EN 397). Le clip dispose de deux positions pour deux modes d\u2019utilisation : haute r\u00e9sistance<br \/>\n, pour r\u00e9duire le risque de perte du casque lors d\u2019une chute et faible r\u00e9sistance pour r\u00e9duire le risque d\u2019\u00e9tranglement<br \/>\nen cas de fixation du casque lorsque l\u2019utilisateur est au sol,<br \/>\n &#8211; absorption des chocs due \u00e0 la d\u00e9formation de la coque ext\u00e9rieure,<br \/>\n &#8211; protection contre les risques \u00e9lectriques,  la projection de m\u00e9taux en fusion et de flammes, gr\u00e2ce \u00e0 la coque ext\u00e9rieure ferm\u00e9e.<br \/>\n\u2022 Modularit\u00e9 des accessoires :<br \/>\n&#8211; visi\u00e8re de protection avec syst\u00e8me de fixation lat\u00e9rale EASYCLIP qui facilite l\u2019installation<br \/>\n&#8211; Lampe frontale Petzl avec attaches ou lampe frontale avec bandeau \u00e9lastique,<br \/>\n&#8211; protecteur de casque qui permet de prot\u00e9ger la coque de la salet\u00e9 et des projections de peinture,<br \/>\n&#8211; prot\u00e8ge-cou pour prot\u00e9ger le cou de la pluie et du soleil,<br \/>\n&#8211; Porte-badge pour identifier rapidement l\u2019utilisateur,<br \/>\n&#8211; Mentonni\u00e8re et rembourrage interchangeables,<br \/>\n&#8211; Protections contre le bruit,<br \/>\n&#8211; Disponible en sept couleurs : blanc, jaune, rouge, noir, orange, bleu et vert<br \/>\n&#8211; Ils sont \u00e9galement disponibles en deux versions haute visibilit\u00e9 : jaune et orange.<\/p>\n<p>Sp\u00e9cifications&nbsp;:<br \/>\n\u2022 Tour de t\u00eate : 53-63cm<br \/>\n\u2022 Poids : 490g<br \/>\n\u2022 Mat\u00e9riaux : ABS (acrylonite butadi\u00e8ne styr\u00e8ne), polyamide, polycarbonate, polyester haute r\u00e9sistance, poly\u00e9thyl\u00e8ne<br \/>\n\u2022 Certification(s) : CE, EN 397, EN 12492 (1), EN 50365, ANSI Z89.1 Type I Classe E, EAC, AS\/NZS 1801<br \/>\n\u2022 (1) r\u00e9pond \u00e0 toutes les exigences de la norme EN 12492, \u00e0 l\u2019exception de l\u2019exigence de ventilation.<\/p>\n","protected":false},"excerpt":{"rendered":"<p>Le casque VERTEX garantit une conduite tr\u00e8s confortable, gr\u00e2ce au harnais en tissu avec fermeture en six points et aux<\/p>\n","protected":false},"featured_media":69077,"template":"","meta":{"_seopress_robots_primary_cat":"","_seopress_titles_title":"","_seopress_titles_desc":"","_seopress_robots_index":""},"product_brand":[3667],"product_cat":[144,1397,1405,1408,1416,1412],"product_tag":[],"class_list":{"0":"post-481200","1":"product","2":"type-product","3":"status-publish","4":"has-post-thumbnail","6":"product_brand-petzl-fr","7":"product_cat-equipement","8":"product_cat-equipement-de-travail","9":"product_cat-casques","10":"product_cat-equipements-de-loisirs","11":"product_cat-casques-fr","12":"product_cat-visieres-et-lunettes","14":"first","15":"onbackorder","16":"shipping-taxable","17":"purchasable","18":"product-type-variable"},"_links":{"self":[{"href":"https:\/\/lucacastelli.com\/fr\/wp-json\/wp\/v2\/product\/481200","targetHints":{"allow":["GET"]}}],"collection":[{"href":"https:\/\/lucacastelli.com\/fr\/wp-json\/wp\/v2\/product"}],"about":[{"href":"https:\/\/lucacastelli.com\/fr\/wp-json\/wp\/v2\/types\/product"}],"wp:featuredmedia":[{"embeddable":true,"href":"https:\/\/lucacastelli.com\/fr\/wp-json\/wp\/v2\/media\/69077"}],"wp:attachment":[{"href":"https:\/\/lucacastelli.com\/fr\/wp-json\/wp\/v2\/media?parent=481200"}],"wp:term":[{"taxonomy":"product_brand","embeddable":true,"href":"https:\/\/lucacastelli.com\/fr\/wp-json\/wp\/v2\/product_brand?post=481200"},{"taxonomy":"product_cat","embeddable":true,"href":"https:\/\/lucacastelli.com\/fr\/wp-json\/wp\/v2\/product_cat?post=481200"},{"taxonomy":"product_tag","embeddable":true,"href":"https:\/\/lucacastelli.com\/fr\/wp-json\/wp\/v2\/product_tag?post=481200"}],"curies":[{"name":"wp","href":"https:\/\/api.w.org\/{rel}","templated":true}]}}