{"id":481182,"date":"2022-06-15T00:31:25","date_gmt":"2022-06-14T22:31:25","guid":{"rendered":"https:\/\/lucacastelli.com\/?post_type=product&#038;p=481182"},"modified":"2025-07-27T08:37:39","modified_gmt":"2025-07-27T06:37:39","slug":"petzl-secours","status":"publish","type":"product","link":"https:\/\/lucacastelli.com\/fr\/produit\/petzl-secours\/","title":{"rendered":"PETZL SECOURS"},"content":{"rendered":"<p>Poulie \u00e0 haute r\u00e9sistance avec un rendement tr\u00e8s \u00e9lev\u00e9<\/p>\n<p>La poulie haute performance RESCUE est destin\u00e9e \u00e0 un usage intensif par les professionnels du sauvetage.<\/p>\n<p>Description<br \/>\nDestin\u00e9 aux professionnels du sauvetage.<br \/>\nCon\u00e7u pour d\u00e9placer des charges lourdes ou pour un usage intensif.<br \/>\nPoulie de grand diam\u00e8tre mont\u00e9e sur roulement \u00e0 billes \u00e9tanche pour assurer d\u2019excellentes performances.<br \/>\nIl peut accueillir jusqu\u2019\u00e0 trois mousquetons pour une man\u0153uvre facile.<br \/>\nDisponible en deux couleurs : rouge et noir.<\/p>\n<p>Sp\u00e9cifications<br \/>\nCompatibilit\u00e9 du c\u00e2ble : 7 \u00e0 13 mm<br \/>\nDiam\u00e8tre de la poulie : 38 mm<br \/>\nRoulement \u00e0 billes : oui<br \/>\nEfficacit\u00e9 : 95 %<br \/>\nCharge maximale d\u2019utilisation : 4 kN x 2 = 8 kN<br \/>\nPoids : 185 g<br \/>\nCertification(s) : CE EN 12278, NFPA 1983 Utilisation g\u00e9n\u00e9rale<\/p>\n","protected":false},"excerpt":{"rendered":"<p>Poulie \u00e0 haute r\u00e9sistance avec un rendement tr\u00e8s \u00e9lev\u00e9 La poulie haute performance RESCUE est destin\u00e9e \u00e0 un usage intensif<\/p>\n","protected":false},"featured_media":69068,"template":"","meta":{"_seopress_robots_primary_cat":"","_seopress_titles_title":"","_seopress_titles_desc":"","_seopress_robots_index":""},"product_brand":[3446],"product_cat":[33,537,814],"product_tag":[],"class_list":{"0":"post-481182","1":"product","2":"type-product","3":"status-publish","4":"has-post-thumbnail","6":"product_brand-petzl","7":"product_cat-attrezzature","8":"product_cat-attrezzatura-da-lavoro","9":"product_cat-imbraghi-e-materiale-di-sicurezza","11":"first","12":"onbackorder","13":"shipping-taxable","14":"purchasable","15":"product-type-variable"},"_links":{"self":[{"href":"https:\/\/lucacastelli.com\/fr\/wp-json\/wp\/v2\/product\/481182","targetHints":{"allow":["GET"]}}],"collection":[{"href":"https:\/\/lucacastelli.com\/fr\/wp-json\/wp\/v2\/product"}],"about":[{"href":"https:\/\/lucacastelli.com\/fr\/wp-json\/wp\/v2\/types\/product"}],"wp:featuredmedia":[{"embeddable":true,"href":"https:\/\/lucacastelli.com\/fr\/wp-json\/wp\/v2\/media\/69068"}],"wp:attachment":[{"href":"https:\/\/lucacastelli.com\/fr\/wp-json\/wp\/v2\/media?parent=481182"}],"wp:term":[{"taxonomy":"product_brand","embeddable":true,"href":"https:\/\/lucacastelli.com\/fr\/wp-json\/wp\/v2\/product_brand?post=481182"},{"taxonomy":"product_cat","embeddable":true,"href":"https:\/\/lucacastelli.com\/fr\/wp-json\/wp\/v2\/product_cat?post=481182"},{"taxonomy":"product_tag","embeddable":true,"href":"https:\/\/lucacastelli.com\/fr\/wp-json\/wp\/v2\/product_tag?post=481182"}],"curies":[{"name":"wp","href":"https:\/\/api.w.org\/{rel}","templated":true}]}}