{"id":481176,"date":"2022-07-01T19:03:13","date_gmt":"2022-07-01T17:03:13","guid":{"rendered":"https:\/\/lucacastelli.com\/?post_type=product&#038;p=481176"},"modified":"2025-07-29T11:48:26","modified_gmt":"2025-07-29T09:48:26","slug":"petzl-top-2","status":"publish","type":"product","link":"https:\/\/lucacastelli.com\/fr\/produit\/petzl-top-2\/","title":{"rendered":"PETZL TOP"},"content":{"rendered":"<p>Harnais de poitrine pour harnais de si\u00e8ge<\/p>\n<p>Le harnais de poitrine TOP vous permet de transformer les harnais de si\u00e8ge AVAO SIT, AVAO SIT FAST, FALCON, FALCON MOUNTAIN et SEQUOIA SRT en harnais antichute. Les bretelles rembourr\u00e9es sont s\u00e9par\u00e9es du cou pour limiter les frottements. En cas de charge sur la ceinture, ils prennent cette charge et la r\u00e9partissent sur les \u00e9paules. Ils disposent \u00e9galement d\u2019un syst\u00e8me qui vous permet d\u2019organiser les connecteurs des longes antichute et de les garder \u00e0 port\u00e9e de main.   <\/p>\n<p>Description<\/p>\n<p>Transformez<br \/>\nles harnais de si\u00e8ge AVAO SIT, AVAO SIT FAST, FALCON, FALCON MOUNTAIN et SEQUOIA SRT en harnais antichute.<br \/>\nIl se connecte sur la boucle arri\u00e8re et sur le point d\u2019attache ventral.<br \/>\nBretelles rembourr\u00e9es, s\u00e9par\u00e9es du cou pour limiter les frottements. En cas de charge sur la ceinture, ils prennent cette charge et la r\u00e9partissent sur les \u00e9paules.<br \/>\nBretelles \u00e9quip\u00e9es de boucles autobloquantes DOUBLEBACK pour un ajustement rapide et facile.<br \/>\nSyst\u00e8me d\u2019organisation des connecteurs MGO de longes antichute, sur chaque bandouli\u00e8re, permettant \u00e0 l\u2019utilisateur de ne pas \u00eatre g\u00ean\u00e9 par la longe et de garder les connecteurs \u00e0 port\u00e9e de main. En cas de chute, ce syst\u00e8me permet d\u2019ouvrir l\u2019absorbeur, lib\u00e9rant ainsi les connecteurs MGO.  <\/p>\n<p>Sp\u00e9cifications<br \/>\nPoint d\u2019attache sternal : raccordement du syst\u00e8me antichute<br \/>\nCertification(s) : CE EN 361 (avec harnais de si\u00e8ge AVAO SIT, FALCON, FALCON MOUNTAIN, SEQUOIA SRT), EAC<br \/>\nMat\u00e9riaux : polyamide, polyester, aluminium, acier<\/p>\n","protected":false},"excerpt":{"rendered":"<p>Harnais de poitrine pour harnais de si\u00e8ge Le harnais de poitrine TOP vous permet de transformer les harnais de si\u00e8ge<\/p>\n","protected":false},"featured_media":73429,"template":"","meta":{"_seopress_robots_primary_cat":"","_seopress_titles_title":"","_seopress_titles_desc":"","_seopress_robots_index":""},"product_brand":[3667],"product_cat":[144,1397,1408,1402,1415],"product_tag":[],"class_list":{"0":"post-481176","1":"product","2":"type-product","3":"status-publish","4":"has-post-thumbnail","6":"product_brand-petzl-fr","7":"product_cat-equipement","8":"product_cat-equipement-de-travail","9":"product_cat-equipements-de-loisirs","10":"product_cat-harnais-et-equipements-de-securite","11":"product_cat-harnais-et-equipements-de-securite-fr","12":"sws-gruppo-abb-libero-fr","13":"sws-conto-ricavi-merci-rivendita-abbigliamento-fr","14":"sws-gruppo-iva-iva81-fr","16":"first","17":"instock","18":"shipping-taxable","19":"purchasable","20":"product-type-variable"},"_links":{"self":[{"href":"https:\/\/lucacastelli.com\/fr\/wp-json\/wp\/v2\/product\/481176","targetHints":{"allow":["GET"]}}],"collection":[{"href":"https:\/\/lucacastelli.com\/fr\/wp-json\/wp\/v2\/product"}],"about":[{"href":"https:\/\/lucacastelli.com\/fr\/wp-json\/wp\/v2\/types\/product"}],"wp:featuredmedia":[{"embeddable":true,"href":"https:\/\/lucacastelli.com\/fr\/wp-json\/wp\/v2\/media\/73429"}],"wp:attachment":[{"href":"https:\/\/lucacastelli.com\/fr\/wp-json\/wp\/v2\/media?parent=481176"}],"wp:term":[{"taxonomy":"product_brand","embeddable":true,"href":"https:\/\/lucacastelli.com\/fr\/wp-json\/wp\/v2\/product_brand?post=481176"},{"taxonomy":"product_cat","embeddable":true,"href":"https:\/\/lucacastelli.com\/fr\/wp-json\/wp\/v2\/product_cat?post=481176"},{"taxonomy":"product_tag","embeddable":true,"href":"https:\/\/lucacastelli.com\/fr\/wp-json\/wp\/v2\/product_tag?post=481176"}],"curies":[{"name":"wp","href":"https:\/\/api.w.org\/{rel}","templated":true}]}}