{"id":481169,"date":"2022-07-01T19:06:10","date_gmt":"2022-07-01T17:06:10","guid":{"rendered":"https:\/\/lucacastelli.com\/?post_type=product&#038;p=481169"},"modified":"2025-07-29T10:06:40","modified_gmt":"2025-07-29T08:06:40","slug":"petzl-amd-goupille","status":"publish","type":"product","link":"https:\/\/lucacastelli.com\/fr\/produit\/petzl-amd-goupille\/","title":{"rendered":"PETZL AM\u2019D GOUPILLE"},"content":{"rendered":"<p>Mousqueton asym\u00e9trique en aluminium, d\u00e9blocable avec un outil<\/p>\n<p>Le mousqueton asym\u00e9trique en aluminium Am\u2019D PIN-LOCK est destin\u00e9 \u00e0 un usage collectif. Il assure la connexion de l\u2019utilisateur gr\u00e2ce \u00e0 son syst\u00e8me de verrouillage PIN-LOCK, qui ne peut \u00eatre ouvert par l\u2019utilisateur que gr\u00e2ce \u00e0 un outil de d\u00e9verrouillage sp\u00e9cifique. Am\u2019D PIN-LOCK peut \u00eatre associ\u00e9 \u00e0 la barre CAPTIV pour faciliter le stress du mousqueton sur le grand axe, r\u00e9duire son renversement et le rendre solidaire de l\u2019appareil.  <\/p>\n<p>Description<\/p>\n<p>Description d\u00e9taill\u00e9e<br \/>\nMousqueton destin\u00e9 \u00e0 un usage collectif :<br \/>\n&#8211; pour fermer un harnais (en combinaison avec la barre CAPTIV),<br \/>\n&#8211; pour connecter un chariot de ligne de vie continue.<br \/>\nIl assure la connexion de l\u2019utilisateur :<br \/>\n&#8211; il peut \u00eatre combin\u00e9 avec la barre CAPTIV pour faciliter le stress du mousqueton sur le grand axe, r\u00e9duire le risque de renversement et le rendre solidaire de l\u2019appareil,<br \/>\n&#8211; syst\u00e8me de verrouillage PIN-LOCK qui ne peut \u00eatre d\u00e9verrouill\u00e9 qu\u2019avec un outil sp\u00e9cifique pour r\u00e9duire le risque d\u2019ouverture du mousqueton par l\u2019utilisateur.<br \/>\nFacile d\u2019utilisation par l\u2019utilisateur :<br \/>\n&#8211; Syst\u00e8me Keylock pour \u00e9viter l\u2019accrochage involontaire du mousqueton,<br \/>\n&#8211; Deux outils de d\u00e9verrouillage : pour les man\u0153uvres fr\u00e9quentes, une goupille de d\u00e9verrouillage qui peut \u00eatre install\u00e9e directement sur un gant ; pour une utilisation imm\u00e9diate et occasionnelle, une bague de d\u00e9verrouillage qui peut \u00eatre rang\u00e9e sur un mousqueton sur le harnais.<br \/>\n&#8211; Profil en forme de H pour prot\u00e9ger les marquages de l\u2019abrasion et assurer le meilleur rapport r\u00e9sistance\/l\u00e9g\u00e8ret\u00e9.<br \/>\nDisponible dans un carton de 10 pi\u00e8ces avec les deux outils de d\u00e9verrouillage ou dans un seul paquet avec uniquement la bague de d\u00e9verrouillage.<\/p>\n<p>Sp\u00e9cifications<br \/>\nMat\u00e9riaux : Aluminium<br \/>\nCertification(s) : CE EN 362, CE EN 12275, EAC<\/p>\n<p>Syst\u00e8me de verrouillage PIN-LOCK<br \/>\nPoids 80 g<br \/>\nCouleur gris<br \/>\nR\u00e9sistance du grand axe 27 kN<br \/>\nR\u00e9sistance du petit axe 8 kN<br \/>\nR\u00e9sistance du levier ouvert 7 kN<br \/>\nOuverture 25 mm<br \/>\nGarantie 3 ans<\/p>\n","protected":false},"excerpt":{"rendered":"<p>Mousqueton asym\u00e9trique en aluminium, d\u00e9blocable avec un outil Le mousqueton asym\u00e9trique en aluminium Am\u2019D PIN-LOCK est destin\u00e9 \u00e0 un usage<\/p>\n","protected":false},"featured_media":73452,"template":"","meta":{"_seopress_robots_primary_cat":"","_seopress_titles_title":"","_seopress_titles_desc":"","_seopress_robots_index":""},"product_brand":[3446],"product_cat":[33,537,814,211,818],"product_tag":[],"class_list":{"0":"post-481169","1":"product","2":"type-product","3":"status-publish","4":"has-post-thumbnail","6":"product_brand-petzl","7":"product_cat-attrezzature","8":"product_cat-attrezzatura-da-lavoro","9":"product_cat-imbraghi-e-materiale-di-sicurezza","10":"product_cat-attrezzatura-per-il-tempo-libero","11":"product_cat-imbraghi-e-materiale-di-sicurezza-attrezzatura-per-il-tempo-libero","12":"sws-gruppo-abb-libero-fr","13":"sws-conto-ricavi-merci-rivendita-abbigliamento-fr","14":"sws-gruppo-iva-iva81-fr","16":"first","17":"onbackorder","18":"shipping-taxable","19":"purchasable","20":"product-type-simple"},"_links":{"self":[{"href":"https:\/\/lucacastelli.com\/fr\/wp-json\/wp\/v2\/product\/481169","targetHints":{"allow":["GET"]}}],"collection":[{"href":"https:\/\/lucacastelli.com\/fr\/wp-json\/wp\/v2\/product"}],"about":[{"href":"https:\/\/lucacastelli.com\/fr\/wp-json\/wp\/v2\/types\/product"}],"wp:featuredmedia":[{"embeddable":true,"href":"https:\/\/lucacastelli.com\/fr\/wp-json\/wp\/v2\/media\/73452"}],"wp:attachment":[{"href":"https:\/\/lucacastelli.com\/fr\/wp-json\/wp\/v2\/media?parent=481169"}],"wp:term":[{"taxonomy":"product_brand","embeddable":true,"href":"https:\/\/lucacastelli.com\/fr\/wp-json\/wp\/v2\/product_brand?post=481169"},{"taxonomy":"product_cat","embeddable":true,"href":"https:\/\/lucacastelli.com\/fr\/wp-json\/wp\/v2\/product_cat?post=481169"},{"taxonomy":"product_tag","embeddable":true,"href":"https:\/\/lucacastelli.com\/fr\/wp-json\/wp\/v2\/product_tag?post=481169"}],"curies":[{"name":"wp","href":"https:\/\/api.w.org\/{rel}","templated":true}]}}