{"id":481168,"date":"2022-07-01T19:01:13","date_gmt":"2022-07-01T17:01:13","guid":{"rendered":"https:\/\/lucacastelli.com\/?post_type=product&#038;p=481168"},"modified":"2025-07-29T10:24:21","modified_gmt":"2025-07-29T08:24:21","slug":"petzl-progress-adjust-i","status":"publish","type":"product","link":"https:\/\/lucacastelli.com\/fr\/produit\/petzl-progress-adjust-i\/","title":{"rendered":"PETZL PROGRESS ADJUST-I"},"content":{"rendered":"<p>Longe r\u00e9glable \u00e0 progression simple<\/p>\n<p>PROGRESS ADJUST-I est une longe de progression unique r\u00e9glable qui, associ\u00e9e \u00e0 une autre longe, permet une connexion permanente dans tous les types de progression (mont\u00e9e sur corde, mouvement de main courante&#8230;). Gr\u00e2ce au bloqueur ADJUST, la longueur s\u2019ajuste tr\u00e8s facilement et rapidement. R\u00e9versible, le bloqueur ADJUST peut \u00eatre plac\u00e9 sur l\u2019ancrage ou sur le point d\u2019attache ventral du harnais. Les accessoires CAPTIV ADJUST et STUART maintiennent les connecteurs dans la bonne position pour un clipsage facile.   <\/p>\n<p>Description<\/p>\n<p>Longe<br \/>\nsimple r\u00e9glable qui, en combinaison avec une autre longe, permet une connexion permanente dans tout type de progression :<br \/>\n&#8211; remont\u00e9e sur corde : longe pour relier une poign\u00e9e de bloqueur ASCENSION, longe de progression PROGRESS ADJUST-I pour vous permettre d\u2019ajuster la longueur de la longe lors du franchissement des fentes,<br \/>\n&#8211; mouvement sur les mains courantes : longes de m\u00eame longueur pour faciliter la progression.<br \/>\nFacile \u00e0 utiliser :<br \/>\n&#8211; utilisation r\u00e9versible possible : le bloqueur ADJUST peut \u00eatre plac\u00e9 sur l\u2019ancrage ou sur le point d\u2019attache ventral du harnais,<br \/>\n&#8211; r\u00e9glage tr\u00e8s rapide et pr\u00e9cis de la longueur gr\u00e2ce \u00e0 la forme ergonomique du bloqueur ADJUST,<br \/>\n&#8211; Barre de positionnement CAPTIV ADJUST qui permet de maintenir le bloqueur ADJUST dans la bonne position et de rendre la longe et le bloqueur solidaires avec le connecteur (1),<br \/>\n&#8211; utilisation possible du connecteur VERTIGO, avec l\u2019accessoire TANGA, lorsque le bloqueur est sur l\u2019ancrage<br \/>\n&#8211; Accessoire STUART qui permet de maintenir le connecteur dans la bonne position lorsque le bloqueur est positionn\u00e9 sur le point d\u2019attache ventral du harnais,<br \/>\n &#8211; compatible avec le point d\u2019attache ventral ouvrable des harnais ASTRO.<br \/>\nLonge en corde dynamique pour limiter la force transmise \u00e0 l\u2019utilisateur en cas de chute d\u2019une faible hauteur.<br \/>\nMarquage d\u2019identification individuel sur la gaine plastique pour v\u00e9rifier l\u2019\u00e9quipement tout au long de sa dur\u00e9e de vie.<\/p>\n<p>(1) Compatible avec les connecteurs OK, Am\u2019D, Bm\u2019D et OZAN.<\/p>\n<p>Sp\u00e9cifications<br \/>\nPoids : 185 g<br \/>\nMat\u00e9riaux : aluminium, polyamide, polyester, poly\u00e9thyl\u00e8ne haute densit\u00e9 (PEHD), \u00e9lastom\u00e8re<br \/>\nLongueur : jusqu\u2019\u00e0 100 cm<br \/>\nCertification(s) : CE EN 358, EAC, ANSI Z359.3, CSA Z259.11<\/p>\n<p>Garantie de 3 ans<\/p>\n","protected":false},"excerpt":{"rendered":"<p>Longe r\u00e9glable \u00e0 progression simple PROGRESS ADJUST-I est une longe de progression unique r\u00e9glable qui, associ\u00e9e \u00e0 une autre longe,<\/p>\n","protected":false},"featured_media":73408,"template":"","meta":{"_seopress_robots_primary_cat":"","_seopress_titles_title":"","_seopress_titles_desc":"","_seopress_robots_index":""},"product_brand":[3446],"product_cat":[33,537,814,211,818],"product_tag":[],"class_list":{"0":"post-481168","1":"product","2":"type-product","3":"status-publish","4":"has-post-thumbnail","6":"product_brand-petzl","7":"product_cat-attrezzature","8":"product_cat-attrezzatura-da-lavoro","9":"product_cat-imbraghi-e-materiale-di-sicurezza","10":"product_cat-attrezzatura-per-il-tempo-libero","11":"product_cat-imbraghi-e-materiale-di-sicurezza-attrezzatura-per-il-tempo-libero","12":"sws-gruppo-abb-libero-fr","13":"sws-conto-ricavi-merci-rivendita-abbigliamento","14":"sws-gruppo-iva-iva81","16":"first","17":"onbackorder","18":"shipping-taxable","19":"purchasable","20":"product-type-simple"},"_links":{"self":[{"href":"https:\/\/lucacastelli.com\/fr\/wp-json\/wp\/v2\/product\/481168","targetHints":{"allow":["GET"]}}],"collection":[{"href":"https:\/\/lucacastelli.com\/fr\/wp-json\/wp\/v2\/product"}],"about":[{"href":"https:\/\/lucacastelli.com\/fr\/wp-json\/wp\/v2\/types\/product"}],"wp:featuredmedia":[{"embeddable":true,"href":"https:\/\/lucacastelli.com\/fr\/wp-json\/wp\/v2\/media\/73408"}],"wp:attachment":[{"href":"https:\/\/lucacastelli.com\/fr\/wp-json\/wp\/v2\/media?parent=481168"}],"wp:term":[{"taxonomy":"product_brand","embeddable":true,"href":"https:\/\/lucacastelli.com\/fr\/wp-json\/wp\/v2\/product_brand?post=481168"},{"taxonomy":"product_cat","embeddable":true,"href":"https:\/\/lucacastelli.com\/fr\/wp-json\/wp\/v2\/product_cat?post=481168"},{"taxonomy":"product_tag","embeddable":true,"href":"https:\/\/lucacastelli.com\/fr\/wp-json\/wp\/v2\/product_tag?post=481168"}],"curies":[{"name":"wp","href":"https:\/\/api.w.org\/{rel}","templated":true}]}}