{"id":481154,"date":"2022-07-01T18:35:21","date_gmt":"2022-07-01T16:35:21","guid":{"rendered":"https:\/\/lucacastelli.com\/?post_type=product&#038;p=481154"},"modified":"2025-07-29T11:48:23","modified_gmt":"2025-07-29T09:48:23","slug":"faucon-petzl","status":"publish","type":"product","link":"https:\/\/lucacastelli.com\/fr\/produit\/faucon-petzl\/","title":{"rendered":"FAUCON PETZL"},"content":{"rendered":"<p>Harnais de si\u00e8ge l\u00e9ger pour les op\u00e9rations de sauvetage en suspension<\/p>\n<p>FALCON est un harnais de si\u00e8ge l\u00e9ger, avec un point d\u2019attache ventral en m\u00e9tal pour r\u00e9partir la charge entre la ceinture et les tours de cuisse lors des op\u00e9rations de sauvetage en suspension. Il est \u00e9quip\u00e9 d\u2019une ceinture semi-rigide confortable et de tours de cuisse \u00e9quip\u00e9s de boucles autobloquantes DOUBLEBACK pour un ajustement rapide et facile. La boucle arri\u00e8re vous permet d\u2019installer une sangle de poitrine TOP ou TOP CROLL.  <\/p>\n<p>Description<\/p>\n<p>Description d\u00e9taill\u00e9e<br \/>\nPoint d\u2019attache ventral en m\u00e9tal pour r\u00e9partir la charge entre la ceinture et les tours de cuisse dans la suspension.<br \/>\nConstruction ultra-l\u00e9g\u00e8re et confortable :<br \/>\n&#8211; ceinture et tours de cuisse semi-rigides et fins pour assurer un rapport confort\/l\u00e9g\u00e8ret\u00e9 optimal,<br \/>\n&#8211; points d\u2019attache lat\u00e9raux en tissu, adapt\u00e9s \u00e0 un usage occasionnel, avec un encombrement et un poids r\u00e9duits.<br \/>\nErgonomie:<br \/>\n&#8211; ceinture et tours de cuisse \u00e9quip\u00e9s de boucles autobloquantes DOUBLEBACK pour un r\u00e9glage rapide et facile,<br \/>\n&#8211; rembourrage de tour de cuisse r\u00e9glable pour un positionnement parfait,<br \/>\n&#8211; boucle arri\u00e8re pour installer une sangle de poitrine TOP ou TOP CROLL,<br \/>\n&#8211; quatre passants d\u2019\u00e9quipement : deux grandes sangles avant rigides pour un acc\u00e8s facile au mat\u00e9riel et deux petites sangles arri\u00e8re souples pour ne pas emp\u00eacher le transport d\u2019un sac \u00e0 dos,<br \/>\n&#8211; deux boucles pour les boucles d\u2019\u00e9quipement CARITOOL.<\/p>\n<p>Sp\u00e9cifications<br \/>\nMat\u00e9riaux : polyamide, polyester, aluminium, acier<br \/>\nPoint d\u2019attache ventral : oui<br \/>\nPoints d\u2019attache lat\u00e9raux : oui<br \/>\nPoint d\u2019attache \u00e0 l\u2019arri\u00e8re de la ceinture : oui<br \/>\nCertification(s) : CE EN 358, CE EN 813, EAC<\/p>\n<table>\n<tbody>\n<tr>\n<th class=\"rowTitle\">R\u00e9f\u00e9rences<\/th>\n<th>C038DA00<\/th>\n<th>C038DA01<\/th>\n<th>C038DA02<\/th>\n<th>C038DA03<\/th>\n<th>C038DA04<\/th>\n<\/tr>\n<tr>\n<td class=\"rowTitle\">Couleur(s)<\/td>\n<td>Noir\/Jaune  <\/td>\n<td>Noir\/Jaune  <\/td>\n<td>noir  <\/td>\n<td>noir  <\/td>\n<td>noir  <\/td>\n<\/tr>\n<tr>\n<td class=\"rowTitle\">Taille<\/td>\n<td>1  <\/td>\n<td>2  <\/td>\n<td>0  <\/td>\n<td>1  <\/td>\n<td>2  <\/td>\n<\/tr>\n<tr>\n<td class=\"rowTitle\">Taille<\/td>\n<td>70 \u00e0 93 cm<\/td>\n<td>83 \u00e0 120 cm<\/td>\n<td>65 \u00e0 80 cm<\/td>\n<td>70 \u00e0 93 cm<\/td>\n<td>83 \u00e0 120 cm<\/td>\n<\/tr>\n<tr>\n<td class=\"rowTitle\">Ceinture de cuisse<\/td>\n<td>47 \u00e0 62 cm<\/td>\n<td>50 \u00e0 65 cm<\/td>\n<td>44 \u00e0 59 cm<\/td>\n<td>47 \u00e0 62 cm<\/td>\n<td>50 \u00e0 65 cm<\/td>\n<\/tr>\n<tr>\n<td class=\"rowTitle\">Poids<\/td>\n<td>915 grammes<\/td>\n<td>945 grammes<\/td>\n<td>900 grammes<\/td>\n<td>915 grammes<\/td>\n<td>945 grammes<\/td>\n<\/tr>\n<tr>\n<td class=\"rowTitle\">Garantie<\/td>\n<td>3 ans<\/td>\n<td>3 ans<\/td>\n<td>3 ans<\/td>\n<td>3 ans<\/td>\n<td>3 ans<\/td>\n<\/tr>\n<tr>\n<td class=\"rowTitle\">Emballage<\/td>\n<td> <\/td>\n<p> 1<\/p>\n<td> <\/td>\n<p> 1<\/p>\n<td> <\/td>\n<p> 1<\/p>\n<td>1 <\/td>\n<\/tr>\n<\/tbody>\n<\/table>\n","protected":false},"excerpt":{"rendered":"<p>Harnais de si\u00e8ge l\u00e9ger pour les op\u00e9rations de sauvetage en suspension FALCON est un harnais de si\u00e8ge l\u00e9ger, avec un<\/p>\n","protected":false},"featured_media":73345,"template":"","meta":{"_seopress_robots_primary_cat":"","_seopress_titles_title":"","_seopress_titles_desc":"","_seopress_robots_index":""},"product_brand":[3667],"product_cat":[144,1397,1402,1408,1415],"product_tag":[],"class_list":{"0":"post-481154","1":"product","2":"type-product","3":"status-publish","4":"has-post-thumbnail","6":"product_brand-petzl-fr","7":"product_cat-equipement","8":"product_cat-equipement-de-travail","9":"product_cat-harnais-et-equipements-de-securite","10":"product_cat-equipements-de-loisirs","11":"product_cat-harnais-et-equipements-de-securite-fr","12":"sws-gruppo-abb-libero-fr","13":"sws-conto-ricavi-merci-rivendita-abbigliamento-fr","14":"sws-gruppo-iva-iva81-fr","16":"first","17":"onbackorder","18":"shipping-taxable","19":"purchasable","20":"product-type-variable"},"_links":{"self":[{"href":"https:\/\/lucacastelli.com\/fr\/wp-json\/wp\/v2\/product\/481154","targetHints":{"allow":["GET"]}}],"collection":[{"href":"https:\/\/lucacastelli.com\/fr\/wp-json\/wp\/v2\/product"}],"about":[{"href":"https:\/\/lucacastelli.com\/fr\/wp-json\/wp\/v2\/types\/product"}],"wp:featuredmedia":[{"embeddable":true,"href":"https:\/\/lucacastelli.com\/fr\/wp-json\/wp\/v2\/media\/73345"}],"wp:attachment":[{"href":"https:\/\/lucacastelli.com\/fr\/wp-json\/wp\/v2\/media?parent=481154"}],"wp:term":[{"taxonomy":"product_brand","embeddable":true,"href":"https:\/\/lucacastelli.com\/fr\/wp-json\/wp\/v2\/product_brand?post=481154"},{"taxonomy":"product_cat","embeddable":true,"href":"https:\/\/lucacastelli.com\/fr\/wp-json\/wp\/v2\/product_cat?post=481154"},{"taxonomy":"product_tag","embeddable":true,"href":"https:\/\/lucacastelli.com\/fr\/wp-json\/wp\/v2\/product_tag?post=481154"}],"curies":[{"name":"wp","href":"https:\/\/api.w.org\/{rel}","templated":true}]}}