{"id":481133,"date":"2022-07-01T18:37:49","date_gmt":"2022-07-01T16:37:49","guid":{"rendered":"https:\/\/lucacastelli.com\/?post_type=product&#038;p=481133"},"modified":"2025-07-29T10:06:43","modified_gmt":"2025-07-29T08:06:43","slug":"petzl-huit","status":"publish","type":"product","link":"https:\/\/lucacastelli.com\/fr\/produit\/petzl-huit\/","title":{"rendered":"PETZL HUIT"},"content":{"rendered":"<p>Descendeur en forme de huit<\/p>\n<p>Descendeur en huit, compact et l\u00e9ger. La forme carr\u00e9e emp\u00eache les cordes de se tordre. <\/p>\n<p>Description<\/p>\n<p>Forme carr\u00e9e<br \/>\npour \u00e9viter la torsion des cordes et la formation de n\u0153uds de gueule de loup.<br \/>\nCompact et l\u00e9ger.<br \/>\nPetit trou qui peut \u00eatre utilis\u00e9 en cas d\u2019urgence avec une corde fine ou comme plaque d\u2019assurage.<br \/>\nCaract\u00e9ristiques<br \/>\nMat\u00e9riaux : aluminium<br \/>\nPoids : 100 g<br \/>\nCompatibilit\u00e9 corde : de 8 \u00e0 13 mm (corde \u00e0 simple et corde \u00e0 double)<br \/>\nCharge maximale d\u2019utilisation : 100 kg<\/p>\n<p>Garantie de 3 ans<\/p>\n","protected":false},"excerpt":{"rendered":"<p>Descendeur en forme de huit Descendeur en huit, compact et l\u00e9ger. La forme carr\u00e9e emp\u00eache les cordes de se tordre.<\/p>\n","protected":false},"featured_media":73363,"template":"","meta":{"_seopress_robots_primary_cat":"","_seopress_titles_title":"","_seopress_titles_desc":"","_seopress_robots_index":""},"product_brand":[3666],"product_cat":[150,1396,1403,1409,1410],"product_tag":[],"class_list":{"0":"post-481133","1":"product","2":"type-product","3":"status-publish","4":"has-post-thumbnail","6":"product_brand-petzl-de","7":"product_cat-ausrustung","8":"product_cat-arbeitsausrustung","9":"product_cat-auffanggurte-und-sicherheitsausrustung","10":"product_cat-freizeitausrustung","11":"product_cat-auffanggurte-und-sicherheitsausrustung-de","12":"sws-gruppo-abb-libero-fr","13":"sws-conto-ricavi-merci-rivendita-abbigliamento-fr","14":"sws-gruppo-iva-iva81-fr","16":"first","17":"onbackorder","18":"shipping-taxable","19":"purchasable","20":"product-type-simple"},"_links":{"self":[{"href":"https:\/\/lucacastelli.com\/fr\/wp-json\/wp\/v2\/product\/481133","targetHints":{"allow":["GET"]}}],"collection":[{"href":"https:\/\/lucacastelli.com\/fr\/wp-json\/wp\/v2\/product"}],"about":[{"href":"https:\/\/lucacastelli.com\/fr\/wp-json\/wp\/v2\/types\/product"}],"wp:featuredmedia":[{"embeddable":true,"href":"https:\/\/lucacastelli.com\/fr\/wp-json\/wp\/v2\/media\/73363"}],"wp:attachment":[{"href":"https:\/\/lucacastelli.com\/fr\/wp-json\/wp\/v2\/media?parent=481133"}],"wp:term":[{"taxonomy":"product_brand","embeddable":true,"href":"https:\/\/lucacastelli.com\/fr\/wp-json\/wp\/v2\/product_brand?post=481133"},{"taxonomy":"product_cat","embeddable":true,"href":"https:\/\/lucacastelli.com\/fr\/wp-json\/wp\/v2\/product_cat?post=481133"},{"taxonomy":"product_tag","embeddable":true,"href":"https:\/\/lucacastelli.com\/fr\/wp-json\/wp\/v2\/product_tag?post=481133"}],"curies":[{"name":"wp","href":"https:\/\/api.w.org\/{rel}","templated":true}]}}