{"id":481115,"date":"2022-07-01T11:26:04","date_gmt":"2022-07-01T09:26:04","guid":{"rendered":"https:\/\/lucacastelli.com\/?post_type=product&#038;p=481115"},"modified":"2025-07-29T10:24:30","modified_gmt":"2025-07-29T08:24:30","slug":"petzl-sarken","status":"publish","type":"product","link":"https:\/\/lucacastelli.com\/fr\/produit\/petzl-sarken\/","title":{"rendered":"PETZL SARKEN"},"content":{"rendered":"<p>Crampons pour l\u2019alpinisme technique<\/p>\n<p>Le partenaire d\u2019escalade pour vos ascensions techniques. Avec des pointes avant, verticales et dentel\u00e9es, les crampons SARKEN offrent une meilleure p\u00e9n\u00e9tration dans la glace dure, tout en offrant une bonne adh\u00e9rence sur la neige. La r\u00e9partition des 12 points assure stabilit\u00e9 et adh\u00e9rence sur les pentes l\u00e9g\u00e8res ainsi que sur les d\u00e9nivel\u00e9s les plus importants. Le syst\u00e8me de fixation LEVERLOCK UNIVERSEL permet de l\u2019adapter \u00e0 toutes les chaussures avec une carre arri\u00e8re.   <\/p>\n<p>Description<br \/>\nId\u00e9al pour l\u2019alpinisme technique, gr\u00e2ce \u00e0 la technicit\u00e9 des pointes avant :<br \/>\n&#8211; Deux pointes avant verticales et dentel\u00e9es pour une meilleure adh\u00e9rence sur la glace et les terrains mixtes<br \/>\n&#8211; r\u00e9partition de la spatule pour assurer une excellente adh\u00e9rence sur la glace molle ou la neige dure,<br \/>\n&#8211; syst\u00e8me de fixation LEVERLOCK UNIVERSEL pour s\u2019adapter \u00e0 toutes les chaussures avec un bord arri\u00e8re,<br \/>\n&#8211; barres de r\u00e9glage bi-positions pour s\u2019adapter \u00e0 une large gamme de tailles (de 36 \u00e0 50),<br \/>\n&#8211; r\u00e9glage de la longueur des crampons sans outil,<br \/>\n&#8211; crampons en acier pour une r\u00e9sistance maximale.<br \/>\nConfort \u00e0 la marche :<br \/>\n&#8211; Crampon 12 points pour une meilleure adh\u00e9rence et un meilleur confort \u00e0 la marche,<br \/>\n&#8211; Longueur de pointe optimis\u00e9e pour des appuis pr\u00e9cis, assurant une adh\u00e9rence efficace,<br \/>\n&#8211; Syst\u00e8me anti-sabots ANTISNOW pour r\u00e9duire la formation de sabots de neige, quelles que soient les conditions de neige.<br \/>\nModularit\u00e9 compl\u00e8te, gr\u00e2ce au syst\u00e8me ALPEN ADAPT :<br \/>\n&#8211; syst\u00e8me de fixation FIL ou FIL FLEX pour s\u2019adapter \u00e0 toutes les parties avant de la chaussure (avec ou sans carre),<br \/>\n &#8211; pointes avant, barres, syst\u00e8me anti-sabots et syst\u00e8me de fixation \u00e0 remplacer ind\u00e9pendamment,<br \/>\n&#8211; compatible avec les blocs avant IRVIS pour transformer les crampons en crampons d\u2019alpinisme classique ou de ski alpinisme,<br \/>\n&#8211; compatible avec les blocs avant DART pour transformer les crampons en crampons d\u2019escalade sur glace.<\/p>\n<p>Sp\u00e9cifications<br \/>\nNombre d\u2019embouts : 12<br \/>\nTailles : 36-50<br \/>\nCertification(s) : CE, UIAA<\/p>\n","protected":false},"excerpt":{"rendered":"<p>Crampons pour l\u2019alpinisme technique Le partenaire d\u2019escalade pour vos ascensions techniques. Avec des pointes avant, verticales et dentel\u00e9es, les crampons<\/p>\n","protected":false},"featured_media":73118,"template":"","meta":{"_seopress_robots_primary_cat":"","_seopress_titles_title":"","_seopress_titles_desc":"","_seopress_robots_index":""},"product_brand":[3446],"product_cat":[33,537,814,211,818],"product_tag":[],"class_list":{"0":"post-481115","1":"product","2":"type-product","3":"status-publish","4":"has-post-thumbnail","6":"product_brand-petzl","7":"product_cat-attrezzature","8":"product_cat-attrezzatura-da-lavoro","9":"product_cat-imbraghi-e-materiale-di-sicurezza","10":"product_cat-attrezzatura-per-il-tempo-libero","11":"product_cat-imbraghi-e-materiale-di-sicurezza-attrezzatura-per-il-tempo-libero","12":"sws-gruppo-abb-libero-fr","13":"sws-conto-ricavi-merci-rivendita-abbigliamento","14":"sws-gruppo-iva-iva81","16":"first","17":"onbackorder","18":"shipping-taxable","19":"purchasable","20":"product-type-simple"},"_links":{"self":[{"href":"https:\/\/lucacastelli.com\/fr\/wp-json\/wp\/v2\/product\/481115","targetHints":{"allow":["GET"]}}],"collection":[{"href":"https:\/\/lucacastelli.com\/fr\/wp-json\/wp\/v2\/product"}],"about":[{"href":"https:\/\/lucacastelli.com\/fr\/wp-json\/wp\/v2\/types\/product"}],"wp:featuredmedia":[{"embeddable":true,"href":"https:\/\/lucacastelli.com\/fr\/wp-json\/wp\/v2\/media\/73118"}],"wp:attachment":[{"href":"https:\/\/lucacastelli.com\/fr\/wp-json\/wp\/v2\/media?parent=481115"}],"wp:term":[{"taxonomy":"product_brand","embeddable":true,"href":"https:\/\/lucacastelli.com\/fr\/wp-json\/wp\/v2\/product_brand?post=481115"},{"taxonomy":"product_cat","embeddable":true,"href":"https:\/\/lucacastelli.com\/fr\/wp-json\/wp\/v2\/product_cat?post=481115"},{"taxonomy":"product_tag","embeddable":true,"href":"https:\/\/lucacastelli.com\/fr\/wp-json\/wp\/v2\/product_tag?post=481115"}],"curies":[{"name":"wp","href":"https:\/\/api.w.org\/{rel}","templated":true}]}}