{"id":481106,"date":"2022-07-01T11:03:19","date_gmt":"2022-07-01T09:03:19","guid":{"rendered":"https:\/\/lucacastelli.com\/?post_type=product&#038;p=481106"},"modified":"2025-07-29T14:28:08","modified_gmt":"2025-07-29T12:28:08","slug":"petzl-rumba","status":"publish","type":"product","link":"https:\/\/lucacastelli.com\/fr\/produit\/petzl-rumba\/","title":{"rendered":"PETZL RUMBA"},"content":{"rendered":"<p>Corde \u00e0 double de 8 mm de diam\u00e8tre avec traitement Duratec Dry pour l\u2019escalade en grande voie et l\u2019alpinisme<\/p>\n<p>La corde \u00e0 double RUMBA 8 mm offre une grande polyvalence, sur les longues voies sur rocher, l\u2019alpinisme ou sur la glace. Equip\u00e9 d\u2019une chaussette renforc\u00e9e pour une grande r\u00e9sistance, il b\u00e9n\u00e9ficie \u00e9galement du traitement hydrophobe Duratec Dry qui augmente ses performances, dans toutes les conditions. Gr\u00e2ce \u00e0 son excellente adh\u00e9rence et \u00e0 sa maniabilit\u00e9, les man\u0153uvres sont facilit\u00e9es.  <\/p>\n<p>Description<\/p>\n<p>Description d\u00e9taill\u00e9e<\/p>\n<p>Corde polyvalente pour l\u2019escalade en grande voie et l\u2019alpinisme :<br \/>\n&#8211; Traitement Duratec Dry pour une utilisation sur rocher, mixte, neige ou glace : traitement hydrophobe qui permet \u00e0 la corde d\u2019\u00eatre plus r\u00e9sistante \u00e0 l\u2019eau, \u00e0 la salet\u00e9 et \u00e0 l\u2019abrasion. La maniabilit\u00e9, l\u2019adh\u00e9rence et les caract\u00e9ristiques sont pr\u00e9serv\u00e9es plus longtemps dans des conditions froides et humides,<br \/>\n &#8211; utilisation possible en clipsant une ou deux extr\u00e9mit\u00e9s en fonction du terrain ou de la gestion de la traction.<br \/>\nPrise en main facile et r\u00e9sistance :<br \/>\n&#8211; excellent rapport diam\u00e8tre\/l\u00e9g\u00e8ret\u00e9\/compacit\u00e9,<br \/>\n&#8211; prise de 40 broches pour un meilleur contr\u00f4le,<br \/>\n&#8211; r\u00e9sistance renforc\u00e9e, gr\u00e2ce au traitement Duratec Dry,<br \/>\n&#8211; UltraSonic Finish : le noyau et la gaine sont assembl\u00e9s \u00e0 leurs extr\u00e9mit\u00e9s gr\u00e2ce \u00e0 une finition ultrasonique appel\u00e9e UltraSonic Finish. Il permet une dur\u00e9e de vie plus longue et emp\u00eache l\u2019extr\u00e9mit\u00e9 de la corde de se casser.<br \/>\nConfort d\u2019utilisation :<br \/>\n&#8211; Middle Mark : distinction de la corde pour faciliter les man\u0153uvres,<br \/>\n&#8211; Traitement EverFlex : traitement thermique sp\u00e9cifique qui stabilise les brins et rend la corde plus homog\u00e8ne. Il garantit une excellente adh\u00e9rence et une manipulation constante dans le temps,<br \/>\n&#8211; Enrouleur ClimbReady : enrouleur sp\u00e9cifique pour rendre la corde pr\u00eate \u00e0 l\u2019emploi. Il emp\u00eache les man\u0153uvres de d\u00e9roulement incorrectes de l\u2019utilisateur et augmente la long\u00e9vit\u00e9.    <\/p>\n<p>Sp\u00e9cifications<br \/>\nCertification(s) : CE EN 892, UIAA<br \/>\nDiam\u00e8tre : 8 mm<br \/>\nType de corde : demi, jumel\u00e9e<br \/>\nPoids au m\u00e8tre : 44 g<br \/>\nPourcentage de gaine : 41 %<br \/>\n Nombre de chutes facteur 1,77 : 7 (demie), 22 (jumel\u00e9e)<br \/>\nAllongement statique : 11 % (demi), 6 % (jumel\u00e9e)<br \/>\nAllongement dynamique : 34 % (demie), 34 % (jumel\u00e9e)<br \/>\nForce de choc : 5,9 kN (demie), 9,6 kN (jumel\u00e9e)<br \/>\nConstruction : 40 broches<br \/>\nMat\u00e9riaux :  polyamide<\/p>\n","protected":false},"excerpt":{"rendered":"<p>Corde \u00e0 double de 8 mm de diam\u00e8tre avec traitement Duratec Dry pour l\u2019escalade en grande voie et l\u2019alpinisme La<\/p>\n","protected":false},"featured_media":73100,"template":"","meta":{"_seopress_robots_primary_cat":"","_seopress_titles_title":"","_seopress_titles_desc":"","_seopress_robots_index":""},"product_brand":[3667],"product_cat":[144,1397,1402],"product_tag":[],"class_list":{"0":"post-481106","1":"product","2":"type-product","3":"status-publish","4":"has-post-thumbnail","6":"product_brand-petzl-fr","7":"product_cat-equipement","8":"product_cat-equipement-de-travail","9":"product_cat-harnais-et-equipements-de-securite","10":"sws-gruppo-abb-libero-fr","11":"sws-conto-ricavi-merci-rivendita-abbigliamento","12":"sws-gruppo-iva-iva81","14":"first","15":"onbackorder","16":"shipping-taxable","17":"purchasable","18":"product-type-variable"},"_links":{"self":[{"href":"https:\/\/lucacastelli.com\/fr\/wp-json\/wp\/v2\/product\/481106","targetHints":{"allow":["GET"]}}],"collection":[{"href":"https:\/\/lucacastelli.com\/fr\/wp-json\/wp\/v2\/product"}],"about":[{"href":"https:\/\/lucacastelli.com\/fr\/wp-json\/wp\/v2\/types\/product"}],"wp:featuredmedia":[{"embeddable":true,"href":"https:\/\/lucacastelli.com\/fr\/wp-json\/wp\/v2\/media\/73100"}],"wp:attachment":[{"href":"https:\/\/lucacastelli.com\/fr\/wp-json\/wp\/v2\/media?parent=481106"}],"wp:term":[{"taxonomy":"product_brand","embeddable":true,"href":"https:\/\/lucacastelli.com\/fr\/wp-json\/wp\/v2\/product_brand?post=481106"},{"taxonomy":"product_cat","embeddable":true,"href":"https:\/\/lucacastelli.com\/fr\/wp-json\/wp\/v2\/product_cat?post=481106"},{"taxonomy":"product_tag","embeddable":true,"href":"https:\/\/lucacastelli.com\/fr\/wp-json\/wp\/v2\/product_tag?post=481106"}],"curies":[{"name":"wp","href":"https:\/\/api.w.org\/{rel}","templated":true}]}}