{"id":481095,"date":"2022-07-01T11:32:13","date_gmt":"2022-07-01T09:32:13","guid":{"rendered":"https:\/\/lucacastelli.com\/?post_type=product&#038;p=481095"},"modified":"2025-07-29T14:27:57","modified_gmt":"2025-07-29T12:27:57","slug":"petzl-william","status":"publish","type":"product","link":"https:\/\/lucacastelli.com\/fr\/produit\/petzl-william\/","title":{"rendered":"PETZL WILLIAM"},"content":{"rendered":"<p>Mousqueton asym\u00e9trique l\u00e9ger de grande capacit\u00e9<\/p>\n<p>Le mousqueton asym\u00e9trique l\u00e9ger de grande capacit\u00e9 WILLIAM est fabriqu\u00e9 en aluminium. Il a une forme de poire pratique pour connecter facilement divers \u00e9l\u00e9ments. La conception interne lisse et le syst\u00e8me Keylock facilitent les man\u0153uvres. Le mousqueton WILLIAM est disponible en trois syst\u00e8mes de verrouillage : le syst\u00e8me automatique TRIACT-LOCK et BALL-LOCK et le syst\u00e8me manuel SCREW-LOCK. WILLIAM peut \u00eatre combin\u00e9 avec la barre CAPTIV pour faciliter le stress du mousqueton sur le grand axe, r\u00e9duire le risque de renversement et le rendre solidaire de l\u2019appareil.    <\/p>\n<p>Description<\/p>\n<p>Forme en<br \/>\nforme de poire pour offrir une contenance et une ouverture consid\u00e9rables :<br \/>\n&#8211; facilite l\u2019assemblage de divers \u00e9l\u00e9ments,<br \/>\n&#8211; vous permet de faire un batelier en cas de r\u00e9cup\u00e9ration.<br \/>\nMousqueton en aluminium dont la l\u00e9g\u00e8ret\u00e9 r\u00e9duit le poids de l\u2019\u00e9quipement port\u00e9 par le travailleur en hauteur.<br \/>\nFacilite les man\u0153uvres :<br \/>\n&#8211; conception interne fluide pour r\u00e9duire le risque de coutures stables et faciliter la rotation du mousqueton,<br \/>\n&#8211; Syst\u00e8me Keylock pour \u00e9viter l\u2019accrochage involontaire du mousqueton.<br \/>\nProfil en H :<br \/>\n&#8211; garantit le meilleur rapport r\u00e9sistance\/l\u00e9g\u00e8ret\u00e9,<br \/>\n&#8211; prot\u00e8ge les marquages de l\u2019abrasion.<br \/>\nDisponible en trois versions de syst\u00e8me de verrouillage :<br \/>\n&#8211; TRIACT-LOCK : syst\u00e8me automatique avec ouverture \u00e0 triple action,<br \/>\n&#8211; BALL-LOCK : syst\u00e8me automatique avec ouverture \u00e0 triple action et indicateur de verrouillage.<br \/>\n&#8211; SCREW-LOCK : syst\u00e8me de vis manuel avec indicateur visuel rouge lorsque le mousqueton n\u2019est pas verrouill\u00e9,<br \/>\n \u00c9galement disponible en noir (versions TRIACT-LOCK et SCREW-LOCK) et en or (versions TRIACT-LOCK et BALL-LOCK).<\/p>\n<p>Sp\u00e9cifications<br \/>\nMat\u00e9riaux : aluminium<br \/>\nCertification(s) : CE EN 362, EAC, NFPA 1983 Utilisation technique<\/p>\n","protected":false},"excerpt":{"rendered":"<p>Mousqueton asym\u00e9trique l\u00e9ger de grande capacit\u00e9 Le mousqueton asym\u00e9trique l\u00e9ger de grande capacit\u00e9 WILLIAM est fabriqu\u00e9 en aluminium. Il a<\/p>\n","protected":false},"featured_media":73131,"template":"","meta":{"_seopress_robots_primary_cat":"","_seopress_titles_title":"","_seopress_titles_desc":"","_seopress_robots_index":""},"product_brand":[3667],"product_cat":[144,1397,1402,1408,1415],"product_tag":[],"class_list":{"0":"post-481095","1":"product","2":"type-product","3":"status-publish","4":"has-post-thumbnail","6":"product_brand-petzl-fr","7":"product_cat-equipement","8":"product_cat-equipement-de-travail","9":"product_cat-harnais-et-equipements-de-securite","10":"product_cat-equipements-de-loisirs","11":"product_cat-harnais-et-equipements-de-securite-fr","12":"sws-gruppo-abb-libero-fr","13":"sws-conto-ricavi-merci-rivendita-abbigliamento-fr","14":"sws-gruppo-iva-iva81-fr","16":"first","17":"instock","18":"shipping-taxable","19":"purchasable","20":"product-type-variable"},"_links":{"self":[{"href":"https:\/\/lucacastelli.com\/fr\/wp-json\/wp\/v2\/product\/481095","targetHints":{"allow":["GET"]}}],"collection":[{"href":"https:\/\/lucacastelli.com\/fr\/wp-json\/wp\/v2\/product"}],"about":[{"href":"https:\/\/lucacastelli.com\/fr\/wp-json\/wp\/v2\/types\/product"}],"wp:featuredmedia":[{"embeddable":true,"href":"https:\/\/lucacastelli.com\/fr\/wp-json\/wp\/v2\/media\/73131"}],"wp:attachment":[{"href":"https:\/\/lucacastelli.com\/fr\/wp-json\/wp\/v2\/media?parent=481095"}],"wp:term":[{"taxonomy":"product_brand","embeddable":true,"href":"https:\/\/lucacastelli.com\/fr\/wp-json\/wp\/v2\/product_brand?post=481095"},{"taxonomy":"product_cat","embeddable":true,"href":"https:\/\/lucacastelli.com\/fr\/wp-json\/wp\/v2\/product_cat?post=481095"},{"taxonomy":"product_tag","embeddable":true,"href":"https:\/\/lucacastelli.com\/fr\/wp-json\/wp\/v2\/product_tag?post=481095"}],"curies":[{"name":"wp","href":"https:\/\/api.w.org\/{rel}","templated":true}]}}