{"id":481068,"date":"2022-06-15T00:48:15","date_gmt":"2022-06-14T22:48:15","guid":{"rendered":"https:\/\/lucacastelli.com\/?post_type=product&#038;p=481068"},"modified":"2025-07-29T14:44:00","modified_gmt":"2025-07-29T12:44:00","slug":"petzl-zigzag","status":"publish","type":"product","link":"https:\/\/lucacastelli.com\/fr\/produit\/petzl-zigzag\/","title":{"rendered":"PETZL ZIGZAG"},"content":{"rendered":"<p>Prusik m\u00e9canique pour le travail des arbres<\/p>\n<p>Le Prusik m\u00e9canique ZIGZAG vous permet de vous d\u00e9placer efficacement sur l\u2019arbre, tout en pr\u00e9servant le mouvement sp\u00e9cifique du syst\u00e8me de poulie classique Prusik. La cha\u00eene de verrouillage garantit pr\u00e9cision et fluidit\u00e9 dans le mouvement. La poulie, mont\u00e9e sur un roulement \u00e0 billes \u00e9tanche, vous permet de r\u00e9cup\u00e9rer facilement l\u2019exc\u00e9dent de corde. L\u2019utilisation sur corde \u00e0 double et corde \u00e0 simple garantit une excellente polyvalence. Le trou de connexion inf\u00e9rieur est fix\u00e9 pour assurer l\u2019alignement de l\u2019appareil sur l\u2019axe du travailleur et optimiser la prise en main.    <\/p>\n<p>Description<br \/>\nPrise en main intuitive :<br \/>\n&#8211; mouvement identique \u00e0 celui du syst\u00e8me de poulie classique Prusik pour une prise en main imm\u00e9diate,<br \/>\n&#8211; verrouillage automatique de l\u2019appareil sur la corde, lors de l\u2019ouverture de la cha\u00eene de verrouillage.<br \/>\nPour des mouvements efficaces sur l\u2019arbre :<br \/>\n &#8211; r\u00e9cup\u00e9ration douce et pr\u00e9cise de la corde, gr\u00e2ce au levier de d\u00e9verrouillage qui garantit une grande pr\u00e9cision dans les mouvements. Le r\u00e9glage de la pression sur ce levier permet de moduler la vitesse de mouvement,<br \/>\n&#8211; facilit\u00e9 de r\u00e9cup\u00e9ration de la corde, gr\u00e2ce \u00e0 la poulie mont\u00e9e sur un roulement \u00e0 billes \u00e9tanche et les brides \u00e9largies et incurv\u00e9es,<br \/>\n&#8211; trou de connexion inf\u00e9rieur fixe pour assurer l\u2019alignement de l\u2019appareil sur l\u2019axe du travailleur et optimiser la prise en main.<br \/>\nPolyvalence d\u2019utilisation :<br \/>\n&#8211; il peut \u00eatre utilis\u00e9 sur corde \u00e0 double et \u00e9galement sur corde \u00e0 simple, gr\u00e2ce \u00e0 l\u2019accessoire CHICANE qui garantit une plus grande action de freinage et aux p\u00e9dales KNEE ASCENT qui facilitent les mont\u00e9es,<br \/>\n&#8211; trou de connexion sup\u00e9rieur pour le retour de la corde lorsqu\u2019il est utilis\u00e9 sur une corde \u00e0 double ou le frein suppl\u00e9mentaire CHICANE lorsqu\u2019il est utilis\u00e9 sur une corde \u00e0 simple. La barre de positionnement CAPTIV facilite le positionnement du connecteur sur l\u2019axe majeur,<br \/>\n &#8211; trou de connexion secondaire pour ajouter une longe ZILLON ou connecter un second syst\u00e8me.<br \/>\nR\u00e9sistance&nbsp;:<br \/>\n&#8211; structure en acier pour une plus grande durabilit\u00e9,<br \/>\n&#8211; brides \u00e9largies et incurv\u00e9es pour une meilleure r\u00e9sistance \u00e0 l\u2019usure.<br \/>\nCompatibilit\u00e9 corde : de 11,5 \u00e0 13 mm de diam\u00e8tre.<br \/>\nZIGZAG vous permet de travailler dans le respect de la norme ANSI Z133.<br \/>\nSp\u00e9cifications<br \/>\nMat\u00e9riaux : aluminium, acier, polyamide<br \/>\nPoids : 365 g<br \/>\nCompatibilit\u00e9 de la corde : corde semi-statique (EN 1891 type A)<br \/>\nCharge maximale d\u2019utilisation : 140 kg<br \/>\nCertification(s) : CE, UKCA <\/p>\n","protected":false},"excerpt":{"rendered":"<p>Prusik m\u00e9canique pour le travail des arbres Le Prusik m\u00e9canique ZIGZAG vous permet de vous d\u00e9placer efficacement sur l\u2019arbre, tout<\/p>\n","protected":false},"featured_media":69291,"template":"","meta":{"_seopress_robots_primary_cat":"","_seopress_titles_title":"","_seopress_titles_desc":"","_seopress_robots_index":""},"product_brand":[3446],"product_cat":[33,537,814],"product_tag":[],"class_list":{"0":"post-481068","1":"product","2":"type-product","3":"status-publish","4":"has-post-thumbnail","6":"product_brand-petzl","7":"product_cat-attrezzature","8":"product_cat-attrezzatura-da-lavoro","9":"product_cat-imbraghi-e-materiale-di-sicurezza","10":"sws-gruppo-abb-libero-fr","11":"sws-conto-ricavi-merci-rivendita-abbigliamento","12":"sws-gruppo-iva-iva81","14":"first","15":"onbackorder","16":"shipping-taxable","17":"purchasable","18":"product-type-simple"},"_links":{"self":[{"href":"https:\/\/lucacastelli.com\/fr\/wp-json\/wp\/v2\/product\/481068","targetHints":{"allow":["GET"]}}],"collection":[{"href":"https:\/\/lucacastelli.com\/fr\/wp-json\/wp\/v2\/product"}],"about":[{"href":"https:\/\/lucacastelli.com\/fr\/wp-json\/wp\/v2\/types\/product"}],"wp:featuredmedia":[{"embeddable":true,"href":"https:\/\/lucacastelli.com\/fr\/wp-json\/wp\/v2\/media\/69291"}],"wp:attachment":[{"href":"https:\/\/lucacastelli.com\/fr\/wp-json\/wp\/v2\/media?parent=481068"}],"wp:term":[{"taxonomy":"product_brand","embeddable":true,"href":"https:\/\/lucacastelli.com\/fr\/wp-json\/wp\/v2\/product_brand?post=481068"},{"taxonomy":"product_cat","embeddable":true,"href":"https:\/\/lucacastelli.com\/fr\/wp-json\/wp\/v2\/product_cat?post=481068"},{"taxonomy":"product_tag","embeddable":true,"href":"https:\/\/lucacastelli.com\/fr\/wp-json\/wp\/v2\/product_tag?post=481068"}],"curies":[{"name":"wp","href":"https:\/\/api.w.org\/{rel}","templated":true}]}}