{"id":481059,"date":"2022-06-15T00:43:10","date_gmt":"2022-06-14T22:43:10","guid":{"rendered":"https:\/\/lucacastelli.com\/?post_type=product&#038;p=481059"},"modified":"2025-07-29T17:24:11","modified_gmt":"2025-07-29T15:24:11","slug":"petzl-airline","status":"publish","type":"product","link":"https:\/\/lucacastelli.com\/fr\/produit\/petzl-airline\/","title":{"rendered":"PETZL AIRLINE"},"content":{"rendered":"<p>Longe de lancer<\/p>\n<p>La longe de lancer AIRLINE offre un excellent compromis entre douceur et rigidit\u00e9, pour permettre un lancement pr\u00e9cis \u00e9vitant la formation de n\u0153uds \u00e0 la sortie du sac. La stabilit\u00e9 de la tresse sur l\u2019\u00e2me permet de conserver une cylindricit\u00e9 parfaite du cordon et donc un excellent glissement sur la tige. Il est disponible en deux longueurs : 60 et 300 m\u00e8tres.  <\/p>\n<p>Description<br \/>\nIl allie douceur pour un lancer pr\u00e9cis et rigidit\u00e9 pour \u00e9viter la formation de n\u0153uds \u00e0 la sortie du sac.<br \/>\nStabilit\u00e9 de la tresse sur l\u2019\u00e2me pour pr\u00e9server une parfaite cylindricit\u00e9 du cordon et donc un excellent glissement sur l\u2019arbre. Cette tresse est fabriqu\u00e9e en Dyneema pour une\u00ae excellente r\u00e9sistance \u00e0 l\u2019abrasion.<br \/>\nL\u00e9ger, ne n\u00e9cessite pas l\u2019utilisation d\u2019un sac de lancer tr\u00e8s lourd.<br \/>\nCouleur jaune pour une excellente visibilit\u00e9.<br \/>\nDisponible en deux versions : 60 et 300 m\u00e8tres.<br \/>\nSp\u00e9cifications<br \/>\nCouleur(s) : jaune<br \/>\nPoids au m\u00e8tre : 2,1 g <\/p>\n<table>\n<tbody>\n<tr>\n<th class=\"rowTitle\">R\u00e9f\u00e9rences<\/th>\n<th>R02Y 060<\/th>\n<th>R02Y 300<\/th>\n<\/tr>\n<tr>\n<td class=\"rowTitle\">Longueur<\/td>\n<td>60 m<\/td>\n<td>300 m<\/td>\n<\/tr>\n<tr>\n<td class=\"rowTitle\">Garantie<\/td>\n<td>3 ans<\/td>\n<td>3 ans<\/td>\n<\/tr>\n<tr>\n<td class=\"rowTitle\">Emballage<\/td>\n<td> <\/td>\n<p> 1<\/p>\n<td>1 <\/td>\n<\/tr>\n<\/tbody>\n<\/table>\n","protected":false},"excerpt":{"rendered":"<p>Longe de lancer La longe de lancer AIRLINE offre un excellent compromis entre douceur et rigidit\u00e9, pour permettre un lancement<\/p>\n","protected":false},"featured_media":69247,"template":"","meta":{"_seopress_robots_primary_cat":"","_seopress_titles_title":"","_seopress_titles_desc":"","_seopress_robots_index":""},"product_brand":[3446],"product_cat":[33,537,814,211],"product_tag":[],"class_list":{"0":"post-481059","1":"product","2":"type-product","3":"status-publish","4":"has-post-thumbnail","6":"product_brand-petzl","7":"product_cat-attrezzature","8":"product_cat-attrezzatura-da-lavoro","9":"product_cat-imbraghi-e-materiale-di-sicurezza","10":"product_cat-attrezzatura-per-il-tempo-libero","11":"sws-gruppo-abb-libero-fr","12":"sws-conto-ricavi-merci-rivendita-abbigliamento-fr","13":"sws-gruppo-iva-iva81-fr","15":"first","16":"onbackorder","17":"shipping-taxable","18":"purchasable","19":"product-type-variable"},"_links":{"self":[{"href":"https:\/\/lucacastelli.com\/fr\/wp-json\/wp\/v2\/product\/481059","targetHints":{"allow":["GET"]}}],"collection":[{"href":"https:\/\/lucacastelli.com\/fr\/wp-json\/wp\/v2\/product"}],"about":[{"href":"https:\/\/lucacastelli.com\/fr\/wp-json\/wp\/v2\/types\/product"}],"wp:featuredmedia":[{"embeddable":true,"href":"https:\/\/lucacastelli.com\/fr\/wp-json\/wp\/v2\/media\/69247"}],"wp:attachment":[{"href":"https:\/\/lucacastelli.com\/fr\/wp-json\/wp\/v2\/media?parent=481059"}],"wp:term":[{"taxonomy":"product_brand","embeddable":true,"href":"https:\/\/lucacastelli.com\/fr\/wp-json\/wp\/v2\/product_brand?post=481059"},{"taxonomy":"product_cat","embeddable":true,"href":"https:\/\/lucacastelli.com\/fr\/wp-json\/wp\/v2\/product_cat?post=481059"},{"taxonomy":"product_tag","embeddable":true,"href":"https:\/\/lucacastelli.com\/fr\/wp-json\/wp\/v2\/product_tag?post=481059"}],"curies":[{"name":"wp","href":"https:\/\/api.w.org\/{rel}","templated":true}]}}