{"id":481047,"date":"2022-06-15T00:42:40","date_gmt":"2022-06-14T22:42:40","guid":{"rendered":"https:\/\/lucacastelli.com\/?post_type=product&#038;p=481047"},"modified":"2025-07-29T14:38:37","modified_gmt":"2025-07-29T12:38:37","slug":"petzl-jet","status":"publish","type":"product","link":"https:\/\/lucacastelli.com\/fr\/produit\/petzl-jet\/","title":{"rendered":"PETZL JET"},"content":{"rendered":"<p>Sac de lancer<\/p>\n<p>Dot\u00e9 d\u2019une double \u00e9paisseur, le sac de lancer JET b\u00e9n\u00e9ficie d\u2019une excellente long\u00e9vit\u00e9. Sa forme anatomique permet de rentrer facilement dans les fourches de l\u2019arbre. Il est disponible en trois versions : 250, 300 et 350 g.  <\/p>\n<p>Description<br \/>\nSac jet\u00e9 de construction robuste, double \u00e9paisseur, pour une excellente long\u00e9vit\u00e9.<br \/>\nForme anatomique pour un passage facile dans les fourches \u00e0 arbre.<br \/>\nCoutures en sangle de diff\u00e9rentes couleurs pour diff\u00e9rencier le poids des sacs.<br \/>\nPoint de connexion secondaire pour une fixation rapide de la corde.<br \/>\nCouleur jaune pour une excellente visibilit\u00e9.<br \/>\nDisponible en trois versions : 250, 300 et 350 g.<\/p>\n<p>Sp\u00e9cifications<br \/>\nCouleur(s) : jaune<br \/>\nMat\u00e9riaux : plomb<\/p>\n","protected":false},"excerpt":{"rendered":"<p>Sac de lancer Dot\u00e9 d\u2019une double \u00e9paisseur, le sac de lancer JET b\u00e9n\u00e9ficie d\u2019une excellente long\u00e9vit\u00e9. Sa forme anatomique permet<\/p>\n","protected":false},"featured_media":69234,"template":"","meta":{"_seopress_robots_primary_cat":"","_seopress_titles_title":"","_seopress_titles_desc":"","_seopress_robots_index":""},"product_brand":[3446],"product_cat":[33,537,814,211,818],"product_tag":[],"class_list":{"0":"post-481047","1":"product","2":"type-product","3":"status-publish","4":"has-post-thumbnail","6":"product_brand-petzl","7":"product_cat-attrezzature","8":"product_cat-attrezzatura-da-lavoro","9":"product_cat-imbraghi-e-materiale-di-sicurezza","10":"product_cat-attrezzatura-per-il-tempo-libero","11":"product_cat-imbraghi-e-materiale-di-sicurezza-attrezzatura-per-il-tempo-libero","12":"sws-gruppo-abb-libero-fr","13":"sws-conto-ricavi-merci-rivendita-abbigliamento","14":"sws-gruppo-iva-iva81","16":"first","17":"instock","18":"shipping-taxable","19":"purchasable","20":"product-type-variable"},"_links":{"self":[{"href":"https:\/\/lucacastelli.com\/fr\/wp-json\/wp\/v2\/product\/481047","targetHints":{"allow":["GET"]}}],"collection":[{"href":"https:\/\/lucacastelli.com\/fr\/wp-json\/wp\/v2\/product"}],"about":[{"href":"https:\/\/lucacastelli.com\/fr\/wp-json\/wp\/v2\/types\/product"}],"wp:featuredmedia":[{"embeddable":true,"href":"https:\/\/lucacastelli.com\/fr\/wp-json\/wp\/v2\/media\/69234"}],"wp:attachment":[{"href":"https:\/\/lucacastelli.com\/fr\/wp-json\/wp\/v2\/media?parent=481047"}],"wp:term":[{"taxonomy":"product_brand","embeddable":true,"href":"https:\/\/lucacastelli.com\/fr\/wp-json\/wp\/v2\/product_brand?post=481047"},{"taxonomy":"product_cat","embeddable":true,"href":"https:\/\/lucacastelli.com\/fr\/wp-json\/wp\/v2\/product_cat?post=481047"},{"taxonomy":"product_tag","embeddable":true,"href":"https:\/\/lucacastelli.com\/fr\/wp-json\/wp\/v2\/product_tag?post=481047"}],"curies":[{"name":"wp","href":"https:\/\/api.w.org\/{rel}","templated":true}]}}