{"id":481038,"date":"2022-07-07T12:54:09","date_gmt":"2022-07-07T10:54:09","guid":{"rendered":"https:\/\/lucacastelli.com\/?post_type=product&#038;p=481038"},"modified":"2025-07-29T10:06:21","modified_gmt":"2025-07-29T08:06:21","slug":"petzl-stanneau","status":"publish","type":"product","link":"https:\/\/lucacastelli.com\/fr\/produit\/petzl-stanneau\/","title":{"rendered":"PETZL ST\u2019ANNEAU"},"content":{"rendered":"<p>ST\u2019ANNEAU est une alternative plus l\u00e9g\u00e8re aux boucles de sangle classiques, disponible en trois longueurs, avec un code couleur pour identifier facilement la longueur.<\/p>\n<p>Plus<br \/>\nl\u00e9ger et plus doux que les anneaux en polyamide.<br \/>\nExcellente r\u00e9sistance \u00e0 l\u2019abrasion.<br \/>\nLargeur : 12 mm.<br \/>\nDisponible en 3 tailles de couleurs diff\u00e9rentes pour faciliter l\u2019identification : 24, 60 et 120 cm.<\/p>\n<p>Sp\u00e9cifications<br \/>\nMat\u00e9riaux : sangle en poly\u00e9thyl\u00e8ne haute densit\u00e9 et polyamide, coutures polyester<br \/>\nR\u00e9sistance \u00e0 la traction : 22 kN<br \/>\nCertification(s) : CE EN 795 B<\/p>\n","protected":false},"excerpt":{"rendered":"<p>ST\u2019ANNEAU est une alternative plus l\u00e9g\u00e8re aux boucles de sangle classiques, disponible en trois longueurs, avec un code couleur pour<\/p>\n","protected":false},"featured_media":74855,"template":"","meta":{"_seopress_robots_primary_cat":"","_seopress_titles_title":"","_seopress_titles_desc":"","_seopress_robots_index":""},"product_brand":[3667],"product_cat":[144,1397,1408,1415,1402],"product_tag":[],"class_list":{"0":"post-481038","1":"product","2":"type-product","3":"status-publish","4":"has-post-thumbnail","6":"product_brand-petzl-fr","7":"product_cat-equipement","8":"product_cat-equipement-de-travail","9":"product_cat-equipements-de-loisirs","10":"product_cat-harnais-et-equipements-de-securite-fr","11":"product_cat-harnais-et-equipements-de-securite","12":"sws-gruppo-abb-libero-fr","13":"sws-conto-ricavi-merci-rivendita-abbigliamento","14":"sws-gruppo-iva-iva81","16":"first","17":"onbackorder","18":"shipping-taxable","19":"purchasable","20":"product-type-variable"},"_links":{"self":[{"href":"https:\/\/lucacastelli.com\/fr\/wp-json\/wp\/v2\/product\/481038","targetHints":{"allow":["GET"]}}],"collection":[{"href":"https:\/\/lucacastelli.com\/fr\/wp-json\/wp\/v2\/product"}],"about":[{"href":"https:\/\/lucacastelli.com\/fr\/wp-json\/wp\/v2\/types\/product"}],"wp:featuredmedia":[{"embeddable":true,"href":"https:\/\/lucacastelli.com\/fr\/wp-json\/wp\/v2\/media\/74855"}],"wp:attachment":[{"href":"https:\/\/lucacastelli.com\/fr\/wp-json\/wp\/v2\/media?parent=481038"}],"wp:term":[{"taxonomy":"product_brand","embeddable":true,"href":"https:\/\/lucacastelli.com\/fr\/wp-json\/wp\/v2\/product_brand?post=481038"},{"taxonomy":"product_cat","embeddable":true,"href":"https:\/\/lucacastelli.com\/fr\/wp-json\/wp\/v2\/product_cat?post=481038"},{"taxonomy":"product_tag","embeddable":true,"href":"https:\/\/lucacastelli.com\/fr\/wp-json\/wp\/v2\/product_tag?post=481038"}],"curies":[{"name":"wp","href":"https:\/\/api.w.org\/{rel}","templated":true}]}}