{"id":481034,"date":"2022-07-05T07:25:12","date_gmt":"2022-07-05T05:25:12","guid":{"rendered":"https:\/\/lucacastelli.com\/?post_type=product&#038;p=481034"},"modified":"2025-07-29T10:06:27","modified_gmt":"2025-07-29T08:06:27","slug":"sac-de-transport-petzl-45-l","status":"publish","type":"product","link":"https:\/\/lucacastelli.com\/fr\/produit\/sac-de-transport-petzl-45-l\/","title":{"rendered":"SAC DE TRANSPORT PETZL 45 L"},"content":{"rendered":"<p>Sac de sp\u00e9l\u00e9ologie confortable et robuste de grande capacit\u00e9<\/p>\n<p>Voyez grand&nbsp;! Avec sa contenance de 45 litres, TRANSPORT est le sac de sp\u00e9l\u00e9ologie qui garantit le plus grand volume. Son assemblage, avec un corps et un fond soud\u00e9s, garantit une grande r\u00e9sistance tout au long de l\u2019utilisation. Le confort n\u2019est pas moindre, gr\u00e2ce aux bretelles, \u00e0 la ceinture et au dos rembourr\u00e9 et il sera possible de l\u2019utiliser facilement gr\u00e2ce aux deux poign\u00e9es surmoul\u00e9es.   <\/p>\n<p>Description<br \/>\nConstruction en tissu technique TPU (sans PVC).<br \/>\nCorps et fond soud\u00e9s pour plus de solidit\u00e9.<br \/>\nMat\u00e9riau imperm\u00e9able, solide et r\u00e9sistant \u00e0 l\u2019abrasion.<br \/>\nBretelles rembourr\u00e9es, dossier et ceinture pour un plus grand confort lors du transport \u00e0 long terme.<br \/>\nPoign\u00e9es surmoul\u00e9es sur le dessus et le c\u00f4t\u00e9 du sac.<br \/>\nFermeture \u00e0 cordon avec r\u00e9servoir ultra-r\u00e9sistant<br \/>\n.Rabat sup\u00e9rieur avec deux bretelles et poche zipp\u00e9e, porte-cl\u00e9s et \u00e9tui d\u2019identification.<br \/>\nSp\u00e9cifications<br \/>\nPoids : 1300 g<br \/>\nCapacit\u00e9 : 45 litres<br \/>\nHauteur : 67 cm<br \/>\nMat\u00e9riaux : tissu technique TPU (sans PVC), sangle polyester, rembourrage EVA renforc\u00e9 recouvert de polypropyl\u00e8ne<br \/>\nCouleur(s) : jaune\/gris\/noir<br \/>\nBas : ovale<\/p>\n","protected":false},"excerpt":{"rendered":"<p>Sac de sp\u00e9l\u00e9ologie confortable et robuste de grande capacit\u00e9 Voyez grand&nbsp;! Avec sa contenance de 45 litres, TRANSPORT est le<\/p>\n","protected":false},"featured_media":74197,"template":"","meta":{"_seopress_robots_primary_cat":"","_seopress_titles_title":"","_seopress_titles_desc":"","_seopress_robots_index":""},"product_brand":[3446],"product_cat":[33,537,822,211,212],"product_tag":[],"class_list":{"0":"post-481034","1":"product","2":"type-product","3":"status-publish","4":"has-post-thumbnail","6":"product_brand-petzl","7":"product_cat-attrezzature","8":"product_cat-attrezzatura-da-lavoro","9":"product_cat-altro-attrezzatura-da-lavoro","10":"product_cat-attrezzatura-per-il-tempo-libero","11":"product_cat-altro","12":"sws-gruppo-abb-libero-fr","13":"sws-conto-ricavi-merci-rivendita-abbigliamento","14":"sws-gruppo-iva-iva81","16":"first","17":"instock","18":"shipping-taxable","19":"purchasable","20":"product-type-simple"},"_links":{"self":[{"href":"https:\/\/lucacastelli.com\/fr\/wp-json\/wp\/v2\/product\/481034","targetHints":{"allow":["GET"]}}],"collection":[{"href":"https:\/\/lucacastelli.com\/fr\/wp-json\/wp\/v2\/product"}],"about":[{"href":"https:\/\/lucacastelli.com\/fr\/wp-json\/wp\/v2\/types\/product"}],"wp:featuredmedia":[{"embeddable":true,"href":"https:\/\/lucacastelli.com\/fr\/wp-json\/wp\/v2\/media\/74197"}],"wp:attachment":[{"href":"https:\/\/lucacastelli.com\/fr\/wp-json\/wp\/v2\/media?parent=481034"}],"wp:term":[{"taxonomy":"product_brand","embeddable":true,"href":"https:\/\/lucacastelli.com\/fr\/wp-json\/wp\/v2\/product_brand?post=481034"},{"taxonomy":"product_cat","embeddable":true,"href":"https:\/\/lucacastelli.com\/fr\/wp-json\/wp\/v2\/product_cat?post=481034"},{"taxonomy":"product_tag","embeddable":true,"href":"https:\/\/lucacastelli.com\/fr\/wp-json\/wp\/v2\/product_tag?post=481034"}],"curies":[{"name":"wp","href":"https:\/\/api.w.org\/{rel}","templated":true}]}}