{"id":481030,"date":"2022-07-04T14:44:33","date_gmt":"2022-07-04T12:44:33","guid":{"rendered":"https:\/\/lucacastelli.com\/?post_type=product&#038;p=481030"},"modified":"2025-07-29T10:06:30","modified_gmt":"2025-07-29T08:06:30","slug":"petzl-fixe","status":"publish","type":"product","link":"https:\/\/lucacastelli.com\/fr\/produit\/petzl-fixe\/","title":{"rendered":"PETZL Fixe"},"content":{"rendered":"<p>Poulie polyvalente compacte<\/p>\n<p>Compacte et polyvalente, la poulie FIXE garantit un agencement rapide des c\u00e2bles.<\/p>\n<p>Description<\/p>\n<p>Description d\u00e9taill\u00e9e<br \/>\nBrides fixes qui permettent une installation rapide et une combinaison avec un bloqueur m\u00e9canique.<br \/>\nCon\u00e7u pour les r\u00e9cup\u00e9rations de charges et les d\u00e9flexions.<br \/>\nPoulie sur roulements autolubrifiants pour assurer de bonnes performances.<br \/>\nIl s\u2019utilise avec un mousqueton de type OK ou WILLIAM.<br \/>\nDisponible en deux couleurs : jaune et noir.<\/p>\n<p>Sp\u00e9cifications<br \/>\nCompatibilit\u00e9 du c\u00e2ble : 7 \u00e0 13 mm<br \/>\nDiam\u00e8tre de la poulie : 21 mm<br \/>\nRoulement \u00e0 billes : non<br \/>\nEfficacit\u00e9 : 71 %<br \/>\nCharge maximale de fonctionnement : 2,5 kN x 2 = 5 kN<br \/>\nPoids : 90 g<br \/>\nCertification(s) : CE EN 12278, UKCA<\/p>\n","protected":false},"excerpt":{"rendered":"<p>Poulie polyvalente compacte Compacte et polyvalente, la poulie FIXE garantit un agencement rapide des c\u00e2bles. Description Description d\u00e9taill\u00e9e Brides fixes<\/p>\n","protected":false},"featured_media":73832,"template":"","meta":{"_seopress_robots_primary_cat":"","_seopress_titles_title":"","_seopress_titles_desc":"","_seopress_robots_index":""},"product_brand":[3446],"product_cat":[33,537,814,211,818],"product_tag":[],"class_list":{"0":"post-481030","1":"product","2":"type-product","3":"status-publish","4":"has-post-thumbnail","6":"product_brand-petzl","7":"product_cat-attrezzature","8":"product_cat-attrezzatura-da-lavoro","9":"product_cat-imbraghi-e-materiale-di-sicurezza","10":"product_cat-attrezzatura-per-il-tempo-libero","11":"product_cat-imbraghi-e-materiale-di-sicurezza-attrezzatura-per-il-tempo-libero","12":"sws-gruppo-abb-libero-fr","13":"sws-conto-ricavi-merci-rivendita-abbigliamento","14":"sws-gruppo-iva-iva81","16":"first","17":"onbackorder","18":"shipping-taxable","19":"purchasable","20":"product-type-variable"},"_links":{"self":[{"href":"https:\/\/lucacastelli.com\/fr\/wp-json\/wp\/v2\/product\/481030","targetHints":{"allow":["GET"]}}],"collection":[{"href":"https:\/\/lucacastelli.com\/fr\/wp-json\/wp\/v2\/product"}],"about":[{"href":"https:\/\/lucacastelli.com\/fr\/wp-json\/wp\/v2\/types\/product"}],"wp:featuredmedia":[{"embeddable":true,"href":"https:\/\/lucacastelli.com\/fr\/wp-json\/wp\/v2\/media\/73832"}],"wp:attachment":[{"href":"https:\/\/lucacastelli.com\/fr\/wp-json\/wp\/v2\/media?parent=481030"}],"wp:term":[{"taxonomy":"product_brand","embeddable":true,"href":"https:\/\/lucacastelli.com\/fr\/wp-json\/wp\/v2\/product_brand?post=481030"},{"taxonomy":"product_cat","embeddable":true,"href":"https:\/\/lucacastelli.com\/fr\/wp-json\/wp\/v2\/product_cat?post=481030"},{"taxonomy":"product_tag","embeddable":true,"href":"https:\/\/lucacastelli.com\/fr\/wp-json\/wp\/v2\/product_tag?post=481030"}],"curies":[{"name":"wp","href":"https:\/\/api.w.org\/{rel}","templated":true}]}}