{"id":481014,"date":"2022-07-06T05:59:16","date_gmt":"2022-07-06T03:59:16","guid":{"rendered":"https:\/\/lucacastelli.com\/?post_type=product&#038;p=481014"},"modified":"2026-01-17T17:02:33","modified_gmt":"2026-01-17T16:02:33","slug":"petzl-ascension","status":"publish","type":"product","link":"https:\/\/lucacastelli.com\/fr\/produit\/petzl-ascension\/","title":{"rendered":"PETZL ASCENSION"},"content":{"rendered":"<p>Poign\u00e9e ascendante pour les remont\u00e9es sur corde<\/p>\n<p>Poign\u00e9e verrouillable con\u00e7ue pour les remont\u00e9es sur corde, l\u2019ASCENSION b\u00e9n\u00e9ficie d\u2019une poign\u00e9e surmoul\u00e9e et d\u2019un dessus ergonomique pour assurer une prise en main confortable et puissante lors des tractions \u00e0 une ou deux mains. La poign\u00e9e de verrouillage ASCENSION dispose d\u2019un grand trou inf\u00e9rieur pour relier facilement deux mousquetons pour la longe et la p\u00e9dale. <\/p>\n<p>Description<\/p>\n<p>Description d\u00e9taill\u00e9e<br \/>\nSimple d\u2019utilisation et efficace :<br \/>\n&#8211; poign\u00e9e ergonomique surmoul\u00e9e pour assurer une prise en main confortable et puissante,<br \/>\n&#8211; large ouverture pour une prise en main facile de la poign\u00e9e m\u00eame avec des gants \u00e9pais,<br \/>\n&#8211; partie sup\u00e9rieure ergonomique pour optimiser la puissance en traction \u00e0 deux mains,<br \/>\n&#8211; levier enti\u00e8rement int\u00e9gr\u00e9 dans le corps du bloqueur pour \u00e9viter tout coincement involontaire,<br \/>\n&#8211; came crant\u00e9e avec rainure d\u2019\u00e9limination des impuret\u00e9s pour optimiser le fonctionnement dans toutes les conditions (corde gel\u00e9e, corde boueuse&#8230;),<br \/>\n&#8211; grand trou de fond pour relier facilement les mousquetons des longes PROGRESS ou des p\u00e9dales FOOTAPE\/FOOTCORD.<br \/>\n&#8211; Trou sup\u00e9rieur pour clipser la corde.<br \/>\nDisponible en version pour droitier ou gaucher et en noir\/jaune ou noir.<\/p>\n<p>Sp\u00e9cifications<br \/>\nMat\u00e9riaux : aluminium, acier inoxydable, plastique, caoutchouc, nylon<br \/>\nPoids : 165 g<br \/>\nCompatibilit\u00e9 de la corde : 8 \u00e0 13 mm<br \/>\nCertification(s) : CE EN 567, CE EN 12841 type B, UKCA, EAC, NFPA 1983 Utilisation technique<\/p>\n","protected":false},"excerpt":{"rendered":"<p>Poign\u00e9e ascendante pour les remont\u00e9es sur corde Poign\u00e9e verrouillable con\u00e7ue pour les remont\u00e9es sur corde, l\u2019ASCENSION b\u00e9n\u00e9ficie d\u2019une poign\u00e9e surmoul\u00e9e<\/p>\n","protected":false},"featured_media":74441,"template":"","meta":{"_seopress_robots_primary_cat":"","_seopress_titles_title":"","_seopress_titles_desc":"","_seopress_robots_index":""},"product_brand":[3667],"product_cat":[144,1397,1408,1415,1402],"product_tag":[],"class_list":{"0":"post-481014","1":"product","2":"type-product","3":"status-publish","4":"has-post-thumbnail","6":"product_brand-petzl-fr","7":"product_cat-equipement","8":"product_cat-equipement-de-travail","9":"product_cat-equipements-de-loisirs","10":"product_cat-harnais-et-equipements-de-securite-fr","11":"product_cat-harnais-et-equipements-de-securite","12":"sws-gruppo-abb-libero-fr","13":"sws-conto-ricavi-merci-rivendita-abbigliamento-fr","14":"sws-gruppo-iva-iva81-fr","16":"first","17":"instock","18":"shipping-taxable","19":"purchasable","20":"product-type-variable"},"_links":{"self":[{"href":"https:\/\/lucacastelli.com\/fr\/wp-json\/wp\/v2\/product\/481014","targetHints":{"allow":["GET"]}}],"collection":[{"href":"https:\/\/lucacastelli.com\/fr\/wp-json\/wp\/v2\/product"}],"about":[{"href":"https:\/\/lucacastelli.com\/fr\/wp-json\/wp\/v2\/types\/product"}],"wp:featuredmedia":[{"embeddable":true,"href":"https:\/\/lucacastelli.com\/fr\/wp-json\/wp\/v2\/media\/74441"}],"wp:attachment":[{"href":"https:\/\/lucacastelli.com\/fr\/wp-json\/wp\/v2\/media?parent=481014"}],"wp:term":[{"taxonomy":"product_brand","embeddable":true,"href":"https:\/\/lucacastelli.com\/fr\/wp-json\/wp\/v2\/product_brand?post=481014"},{"taxonomy":"product_cat","embeddable":true,"href":"https:\/\/lucacastelli.com\/fr\/wp-json\/wp\/v2\/product_cat?post=481014"},{"taxonomy":"product_tag","embeddable":true,"href":"https:\/\/lucacastelli.com\/fr\/wp-json\/wp\/v2\/product_tag?post=481014"}],"curies":[{"name":"wp","href":"https:\/\/api.w.org\/{rel}","templated":true}]}}