{"id":480976,"date":"2025-05-31T22:55:17","date_gmt":"2025-05-31T20:55:17","guid":{"rendered":"https:\/\/lucacastelli.com\/prodotto\/stihl-kit-dentretien-35\/"},"modified":"2026-01-21T11:33:12","modified_gmt":"2026-01-21T10:33:12","slug":"stihl-kit-dentretien-35","status":"publish","type":"product","link":"https:\/\/lucacastelli.com\/fr\/produit\/stihl-kit-dentretien-35\/","title":{"rendered":"STIHL Kit d\u2019entretien 35"},"content":{"rendered":"<p>Avec les trousses STIHL, vous pouvez effectuer vous-m\u00eame un entretien simple. Le kit comprend une bougie d\u2019allumage, un filtre \u00e0 carburant et un filtre \u00e0 air en papier ou en non-tiss\u00e9. En plus de pr\u00e9server les composants de l\u2019\u00e9quipement des impuret\u00e9s et des dommages, un entretien standard proactif et r\u00e9gulier prolonge la dur\u00e9e de vie des \u00e9quipements motoris\u00e9s dans le temps. \u00c0 l\u2019exception de la cl\u00e9 mixte, qui est d\u00e9j\u00e0 incluse avec la d\u00e9broussailleuse STIHL, aucun autre outil n\u2019est n\u00e9cessaire pour l\u2019entretien.<br \/>\n886661610037   <\/p>\n","protected":false},"excerpt":{"rendered":"<p>Kit d\u2019entretien 35<\/p>\n","protected":false},"featured_media":423540,"template":"","meta":{"_seopress_robots_primary_cat":"","_seopress_titles_title":"","_seopress_titles_desc":"","_seopress_robots_index":""},"product_brand":[3366],"product_cat":[29,515],"product_tag":[3265],"class_list":{"0":"post-480976","1":"product","2":"type-product","3":"status-publish","4":"has-post-thumbnail","6":"product_brand-stihl","7":"product_cat-macchinari","8":"product_cat-accessori-e-materiale-di-consumo-altri-dispositivi","9":"product_tag-import-stihl","11":"first","12":"onbackorder","13":"purchasable","14":"product-type-simple"},"_links":{"self":[{"href":"https:\/\/lucacastelli.com\/fr\/wp-json\/wp\/v2\/product\/480976","targetHints":{"allow":["GET"]}}],"collection":[{"href":"https:\/\/lucacastelli.com\/fr\/wp-json\/wp\/v2\/product"}],"about":[{"href":"https:\/\/lucacastelli.com\/fr\/wp-json\/wp\/v2\/types\/product"}],"wp:featuredmedia":[{"embeddable":true,"href":"https:\/\/lucacastelli.com\/fr\/wp-json\/wp\/v2\/media\/423540"}],"wp:attachment":[{"href":"https:\/\/lucacastelli.com\/fr\/wp-json\/wp\/v2\/media?parent=480976"}],"wp:term":[{"taxonomy":"product_brand","embeddable":true,"href":"https:\/\/lucacastelli.com\/fr\/wp-json\/wp\/v2\/product_brand?post=480976"},{"taxonomy":"product_cat","embeddable":true,"href":"https:\/\/lucacastelli.com\/fr\/wp-json\/wp\/v2\/product_cat?post=480976"},{"taxonomy":"product_tag","embeddable":true,"href":"https:\/\/lucacastelli.com\/fr\/wp-json\/wp\/v2\/product_tag?post=480976"}],"curies":[{"name":"wp","href":"https:\/\/api.w.org\/{rel}","templated":true}]}}