{"id":480969,"date":"2025-05-31T22:54:41","date_gmt":"2025-05-31T20:54:41","guid":{"rendered":"https:\/\/lucacastelli.com\/prodotto\/stihl-kit-dentretien-32\/"},"modified":"2026-03-02T14:18:26","modified_gmt":"2026-03-02T13:18:26","slug":"stihl-kit-dentretien-32","status":"publish","type":"product","link":"https:\/\/lucacastelli.com\/fr\/produit\/stihl-kit-dentretien-32\/","title":{"rendered":"STIHL Service Kit 32"},"content":{"rendered":"<p>Avec les kits d&#8217;entretien pour tron\u00e7onneuses \u00e0 essence STIHL, vous pouvez effectuer vous-m\u00eame de simples travaux d&#8217;entretien. Chaque kit contient une bougie d&#8217;allumage, un filtre \u00e0 carburant, un filtre \u00e0 air en papier et un pr\u00e9filtre. Gr\u00e2ce \u00e0 un entretien standard proactif et r\u00e9gulier, vous prot\u00e9gez non seulement les composants et pi\u00e8ces de l&#8217;outil contre la salet\u00e9 et les dommages, mais vous augmentez \u00e9galement la dur\u00e9e de vie de votre tron\u00e7onneuse. Hormis la cl\u00e9 Kombi que vous avez d\u00e9j\u00e0 re\u00e7ue avec votre tron\u00e7onneuse STIHL, vous n&#8217;avez besoin d&#8217;aucun autre outil pour l&#8217;entretien.   <\/p>\n<p>Utilisation pour TS 700, TS 800<\/p>\n","protected":false},"excerpt":{"rendered":"<p>Service Kit 32<\/p>\n","protected":false},"featured_media":423501,"template":"","meta":{"_seopress_robots_primary_cat":"none","_seopress_titles_title":"","_seopress_titles_desc":"","_seopress_robots_index":""},"product_brand":[3555],"product_cat":[167,1587],"product_tag":[3267],"class_list":{"0":"post-480969","1":"product","2":"type-product","3":"status-publish","4":"has-post-thumbnail","6":"product_brand-stihl-fr","7":"product_cat-machines","8":"product_cat-accessoires-et-consommables-fr-3","9":"product_tag-import-stihl-fr","10":"sws-gruppo-macchinari-fr","11":"sws-conto-ricavi-merci-rivendita-macchinari-fr","12":"sws-gruppo-iva-iva81-fr","14":"first","15":"onbackorder","16":"purchasable","17":"product-type-simple"},"_links":{"self":[{"href":"https:\/\/lucacastelli.com\/fr\/wp-json\/wp\/v2\/product\/480969","targetHints":{"allow":["GET"]}}],"collection":[{"href":"https:\/\/lucacastelli.com\/fr\/wp-json\/wp\/v2\/product"}],"about":[{"href":"https:\/\/lucacastelli.com\/fr\/wp-json\/wp\/v2\/types\/product"}],"wp:featuredmedia":[{"embeddable":true,"href":"https:\/\/lucacastelli.com\/fr\/wp-json\/wp\/v2\/media\/423501"}],"wp:attachment":[{"href":"https:\/\/lucacastelli.com\/fr\/wp-json\/wp\/v2\/media?parent=480969"}],"wp:term":[{"taxonomy":"product_brand","embeddable":true,"href":"https:\/\/lucacastelli.com\/fr\/wp-json\/wp\/v2\/product_brand?post=480969"},{"taxonomy":"product_cat","embeddable":true,"href":"https:\/\/lucacastelli.com\/fr\/wp-json\/wp\/v2\/product_cat?post=480969"},{"taxonomy":"product_tag","embeddable":true,"href":"https:\/\/lucacastelli.com\/fr\/wp-json\/wp\/v2\/product_tag?post=480969"}],"curies":[{"name":"wp","href":"https:\/\/api.w.org\/{rel}","templated":true}]}}