{"id":480966,"date":"2025-05-31T22:54:16","date_gmt":"2025-05-31T20:54:16","guid":{"rendered":"https:\/\/lucacastelli.com\/prodotto\/stihl-kit-dentretien-24\/"},"modified":"2026-03-02T14:16:20","modified_gmt":"2026-03-02T13:16:20","slug":"stihl-kit-dentretien-24","status":"publish","type":"product","link":"https:\/\/lucacastelli.com\/fr\/produit\/stihl-kit-dentretien-24\/","title":{"rendered":"STIHL Service Kit 24"},"content":{"rendered":"<p>Avec les kits de maintenance pour d\u00e9broussailleuses \u00e0 essence STIHL, vous pouvez effectuer vous-m\u00eame des travaux d\u2019entretien simples. Chaque kit contient une bougie, un filtre \u00e0 carburant et un filtre \u00e0 air en feutre ou en papier. Gr\u00e2ce \u00e0 un entretien standard proactif et r\u00e9gulier, vous prot\u00e9gez les composants de l\u2019appareil contre la salet\u00e9 ou les dommages, tout en augmentant la dur\u00e9e de vie de votre d\u00e9broussailleuse.  <\/p>\n<p>Utilisation pour FS 38, FS 55<\/p>\n","protected":false},"excerpt":{"rendered":"<p>Service Kit 24<\/p>\n","protected":false},"featured_media":423463,"template":"","meta":{"_seopress_robots_primary_cat":"none","_seopress_titles_title":"","_seopress_titles_desc":"","_seopress_robots_index":""},"product_brand":[3555],"product_cat":[1644,167],"product_tag":[3267],"class_list":{"0":"post-480966","1":"product","2":"type-product","3":"status-publish","4":"has-post-thumbnail","6":"product_brand-stihl-fr","7":"product_cat-accessoires-et-consommables-fr-6","8":"product_cat-machines","9":"product_tag-import-stihl-fr","10":"sws-gruppo-macchinari-fr","11":"sws-conto-ricavi-merci-rivendita-macchinari-fr","12":"sws-gruppo-iva-iva81-fr","14":"first","15":"onbackorder","16":"purchasable","17":"product-type-simple"},"_links":{"self":[{"href":"https:\/\/lucacastelli.com\/fr\/wp-json\/wp\/v2\/product\/480966","targetHints":{"allow":["GET"]}}],"collection":[{"href":"https:\/\/lucacastelli.com\/fr\/wp-json\/wp\/v2\/product"}],"about":[{"href":"https:\/\/lucacastelli.com\/fr\/wp-json\/wp\/v2\/types\/product"}],"wp:featuredmedia":[{"embeddable":true,"href":"https:\/\/lucacastelli.com\/fr\/wp-json\/wp\/v2\/media\/423463"}],"wp:attachment":[{"href":"https:\/\/lucacastelli.com\/fr\/wp-json\/wp\/v2\/media?parent=480966"}],"wp:term":[{"taxonomy":"product_brand","embeddable":true,"href":"https:\/\/lucacastelli.com\/fr\/wp-json\/wp\/v2\/product_brand?post=480966"},{"taxonomy":"product_cat","embeddable":true,"href":"https:\/\/lucacastelli.com\/fr\/wp-json\/wp\/v2\/product_cat?post=480966"},{"taxonomy":"product_tag","embeddable":true,"href":"https:\/\/lucacastelli.com\/fr\/wp-json\/wp\/v2\/product_tag?post=480966"}],"curies":[{"name":"wp","href":"https:\/\/api.w.org\/{rel}","templated":true}]}}