{"id":480965,"date":"2025-05-31T22:54:01","date_gmt":"2025-05-31T20:54:01","guid":{"rendered":"https:\/\/lucacastelli.com\/prodotto\/stihl-kit-dentretien-31\/"},"modified":"2025-08-06T16:36:43","modified_gmt":"2025-08-06T14:36:43","slug":"stihl-kit-dentretien-31","status":"publish","type":"product","link":"https:\/\/lucacastelli.com\/fr\/produit\/stihl-kit-dentretien-31\/","title":{"rendered":"STIHL Kit d\u2019entretien 31"},"content":{"rendered":"<p>Les kits d&#8217;entretien pour taille-haies \u00e0 essence STIHL vous permettent d&#8217;effectuer vous-m\u00eame des travaux d&#8217;entretien simples. Chaque kit contient une bougie d&#8217;allumage, un filtre \u00e0 carburant et un filtre \u00e0 air. Gr\u00e2ce \u00e0 un entretien standard r\u00e9gulier et proactif, vous pouvez non seulement prot\u00e9ger les composants et les pi\u00e8ces de l&#8217;outil contre la salet\u00e9 et les dommages, mais aussi augmenter la dur\u00e9e de vie de votre taille-haie. A part la cl\u00e9 combin\u00e9e que vous recevez d\u00e9j\u00e0 avec votre taille-haie STIHL, vous n&#8217;avez pas besoin d&#8217;autres outils pour l&#8217;entretien.   <\/p>\n<p>Convient pour HT 133, BT 131, FR 131, FS 131, FS 311, KM 131 et pour FS 131, FS 311, FR 131, HT 133, KM 131, BT 131<\/p>\n","protected":false},"excerpt":{"rendered":"<p>Kit d\u2019entretien 31<\/p>\n","protected":false},"featured_media":423446,"template":"","meta":{"_seopress_robots_primary_cat":"none","_seopress_titles_title":"","_seopress_titles_desc":"","_seopress_robots_index":""},"product_brand":[3555],"product_cat":[1456,167],"product_tag":[3267],"class_list":{"0":"post-480965","1":"product","2":"type-product","3":"status-publish","4":"has-post-thumbnail","6":"product_brand-stihl-fr","7":"product_cat-accessoires-et-consommables-fr","8":"product_cat-machines","9":"product_tag-import-stihl-fr","10":"sws-gruppo-macchinari-fr","11":"sws-conto-ricavi-merci-rivendita-macchinari-fr","12":"sws-gruppo-iva-iva81-fr","14":"first","15":"onbackorder","16":"purchasable","17":"product-type-simple"},"_links":{"self":[{"href":"https:\/\/lucacastelli.com\/fr\/wp-json\/wp\/v2\/product\/480965","targetHints":{"allow":["GET"]}}],"collection":[{"href":"https:\/\/lucacastelli.com\/fr\/wp-json\/wp\/v2\/product"}],"about":[{"href":"https:\/\/lucacastelli.com\/fr\/wp-json\/wp\/v2\/types\/product"}],"wp:featuredmedia":[{"embeddable":true,"href":"https:\/\/lucacastelli.com\/fr\/wp-json\/wp\/v2\/media\/423446"}],"wp:attachment":[{"href":"https:\/\/lucacastelli.com\/fr\/wp-json\/wp\/v2\/media?parent=480965"}],"wp:term":[{"taxonomy":"product_brand","embeddable":true,"href":"https:\/\/lucacastelli.com\/fr\/wp-json\/wp\/v2\/product_brand?post=480965"},{"taxonomy":"product_cat","embeddable":true,"href":"https:\/\/lucacastelli.com\/fr\/wp-json\/wp\/v2\/product_cat?post=480965"},{"taxonomy":"product_tag","embeddable":true,"href":"https:\/\/lucacastelli.com\/fr\/wp-json\/wp\/v2\/product_tag?post=480965"}],"curies":[{"name":"wp","href":"https:\/\/api.w.org\/{rel}","templated":true}]}}