{"id":480959,"date":"2025-05-31T22:53:53","date_gmt":"2025-05-31T20:53:53","guid":{"rendered":"https:\/\/lucacastelli.com\/prodotto\/stihl-kit-dentretien-30\/"},"modified":"2025-08-06T16:36:38","modified_gmt":"2025-08-06T14:36:38","slug":"stihl-kit-dentretien-30","status":"publish","type":"product","link":"https:\/\/lucacastelli.com\/fr\/produit\/stihl-kit-dentretien-30\/","title":{"rendered":"STIHL Kit d\u2019entretien 30"},"content":{"rendered":"<p>Les kits d&#8217;entretien pour d\u00e9broussailleuses \u00e0 essence STIHL vous permettent d&#8217;effectuer vous-m\u00eame des travaux d&#8217;entretien simples. Chaque kit contient une bougie d&#8217;allumage, un filtre \u00e0 carburant et un filtre \u00e0 air en tissu ou en papier. Gr\u00e2ce \u00e0 un entretien standard proactif et r\u00e9gulier, vous pouvez non seulement prot\u00e9ger les composants et les pi\u00e8ces de l&#8217;outil contre la salet\u00e9 ou les dommages, mais aussi augmenter la dur\u00e9e de vie de votre d\u00e9broussailleuse.  <\/p>\n<p>Peut \u00eatre utilis\u00e9 pour HT 103, FS 89, FS 91, FS 111, KM 111 et pour FS 89, FS 91, FS 111, HT 103, KM 91, KM 111<\/p>\n","protected":false},"excerpt":{"rendered":"<p>Kit d\u2019entretien 30<\/p>\n","protected":false},"featured_media":423433,"template":"","meta":{"_seopress_robots_primary_cat":"none","_seopress_titles_title":"","_seopress_titles_desc":"","_seopress_robots_index":""},"product_brand":[3555],"product_cat":[1456,167],"product_tag":[3267],"class_list":{"0":"post-480959","1":"product","2":"type-product","3":"status-publish","4":"has-post-thumbnail","6":"product_brand-stihl-fr","7":"product_cat-accessoires-et-consommables-fr","8":"product_cat-machines","9":"product_tag-import-stihl-fr","10":"sws-gruppo-macchinari-fr","11":"sws-conto-ricavi-merci-rivendita-macchinari-fr","12":"sws-gruppo-iva-iva81-fr","14":"first","15":"onbackorder","16":"purchasable","17":"product-type-simple"},"_links":{"self":[{"href":"https:\/\/lucacastelli.com\/fr\/wp-json\/wp\/v2\/product\/480959","targetHints":{"allow":["GET"]}}],"collection":[{"href":"https:\/\/lucacastelli.com\/fr\/wp-json\/wp\/v2\/product"}],"about":[{"href":"https:\/\/lucacastelli.com\/fr\/wp-json\/wp\/v2\/types\/product"}],"wp:featuredmedia":[{"embeddable":true,"href":"https:\/\/lucacastelli.com\/fr\/wp-json\/wp\/v2\/media\/423433"}],"wp:attachment":[{"href":"https:\/\/lucacastelli.com\/fr\/wp-json\/wp\/v2\/media?parent=480959"}],"wp:term":[{"taxonomy":"product_brand","embeddable":true,"href":"https:\/\/lucacastelli.com\/fr\/wp-json\/wp\/v2\/product_brand?post=480959"},{"taxonomy":"product_cat","embeddable":true,"href":"https:\/\/lucacastelli.com\/fr\/wp-json\/wp\/v2\/product_cat?post=480959"},{"taxonomy":"product_tag","embeddable":true,"href":"https:\/\/lucacastelli.com\/fr\/wp-json\/wp\/v2\/product_tag?post=480959"}],"curies":[{"name":"wp","href":"https:\/\/api.w.org\/{rel}","templated":true}]}}