{"id":480947,"date":"2025-05-31T22:53:02","date_gmt":"2025-05-31T20:53:02","guid":{"rendered":"https:\/\/lucacastelli.com\/prodotto\/stihl-kit-dentretien-19\/"},"modified":"2025-07-05T09:51:48","modified_gmt":"2025-07-05T07:51:48","slug":"stihl-kit-dentretien-19","status":"publish","type":"product","link":"https:\/\/lucacastelli.com\/fr\/produit\/stihl-kit-dentretien-19\/","title":{"rendered":"STIHL Service Kit 19"},"content":{"rendered":"<p>Avec les kits d\u2019entretien pour tron\u00e7onneuse STIHL Mixture, vous pouvez effectuer vous-m\u00eame un entretien simple. Chaque kit comprend une bougie d\u2019allumage, un filtre \u00e0 carburant et un filtre \u00e0 air en tissu non tiss\u00e9 ou HD2. En plus de pr\u00e9server les composants de la machine des impuret\u00e9s et des dommages, un entretien standard proactif et r\u00e9gulier prolonge la dur\u00e9e de vie de la tron\u00e7onneuse au fil du temps.   \u00c0 l\u2019exception de la cl\u00e9 mixte, qui est d\u00e9j\u00e0 incluse avec la tron\u00e7onneuse STIHL, aucun autre outil n\u2019est n\u00e9cessaire pour l\u2019entretien.<br \/>\n886661534838<\/p>\n","protected":false},"excerpt":{"rendered":"<p>Kit d\u2019entretien 19<\/p>\n","protected":false},"featured_media":423388,"template":"","meta":{"_seopress_robots_primary_cat":"","_seopress_titles_title":"","_seopress_titles_desc":"","_seopress_robots_index":""},"product_brand":[3555],"product_cat":[1456,167],"product_tag":[3267],"class_list":{"0":"post-480947","1":"product","2":"type-product","3":"status-publish","4":"has-post-thumbnail","6":"product_brand-stihl-fr","7":"product_cat-accessoires-et-consommables-fr","8":"product_cat-machines","9":"product_tag-import-stihl-fr","10":"sws-gruppo-macchinari-fr","11":"sws-conto-ricavi-merci-rivendita-macchinari-fr","12":"sws-gruppo-iva-iva81-fr","14":"first","15":"onbackorder","16":"purchasable","17":"product-type-simple"},"_links":{"self":[{"href":"https:\/\/lucacastelli.com\/fr\/wp-json\/wp\/v2\/product\/480947","targetHints":{"allow":["GET"]}}],"collection":[{"href":"https:\/\/lucacastelli.com\/fr\/wp-json\/wp\/v2\/product"}],"about":[{"href":"https:\/\/lucacastelli.com\/fr\/wp-json\/wp\/v2\/types\/product"}],"wp:featuredmedia":[{"embeddable":true,"href":"https:\/\/lucacastelli.com\/fr\/wp-json\/wp\/v2\/media\/423388"}],"wp:attachment":[{"href":"https:\/\/lucacastelli.com\/fr\/wp-json\/wp\/v2\/media?parent=480947"}],"wp:term":[{"taxonomy":"product_brand","embeddable":true,"href":"https:\/\/lucacastelli.com\/fr\/wp-json\/wp\/v2\/product_brand?post=480947"},{"taxonomy":"product_cat","embeddable":true,"href":"https:\/\/lucacastelli.com\/fr\/wp-json\/wp\/v2\/product_cat?post=480947"},{"taxonomy":"product_tag","embeddable":true,"href":"https:\/\/lucacastelli.com\/fr\/wp-json\/wp\/v2\/product_tag?post=480947"}],"curies":[{"name":"wp","href":"https:\/\/api.w.org\/{rel}","templated":true}]}}