{"id":480942,"date":"2025-05-31T22:52:30","date_gmt":"2025-05-31T20:52:30","guid":{"rendered":"https:\/\/lucacastelli.com\/prodotto\/stihl-kit-dentretien-13\/"},"modified":"2025-08-06T16:13:36","modified_gmt":"2025-08-06T14:13:36","slug":"stihl-kit-dentretien-13","status":"publish","type":"product","link":"https:\/\/lucacastelli.com\/fr\/produit\/stihl-kit-dentretien-13\/","title":{"rendered":"STIHL Kit d\u2019entretien 13"},"content":{"rendered":"<p>Les kits d&#8217;entretien pour Tron\u00e7onneuses \u00e0 essence STIHL vous permettent d&#8217;effectuer vous-m\u00eame des travaux d&#8217;entretien simples. Chaque kit contient une bougie d&#8217;allumage, un filtre \u00e0 carburant et un filtre \u00e0 air fleece ou HD2. Avec un entretien standard proactif<br \/>\net un entretien r\u00e9gulier, vous pouvez non seulement prot\u00e9ger les composants et les pi\u00e8ces de l&#8217;outil de la salet\u00e9 ou des dommages, mais aussi augmenter la dur\u00e9e de vie de votre tron\u00e7onneuse. Outre la cl\u00e9 Kombi que vous avez d\u00e9j\u00e0 re\u00e7ue avec votre Tron\u00e7onneuses<br \/>\nSTIHL, vous n&#8217;avez besoin d&#8217;aucun autre outil pour l&#8217;entretien.   <\/p>\n<p>Peut \u00eatre utilis\u00e9 pour MS 271, MS 291, MS 311 (num\u00e9ro d&#8217;outil &gt; 177198332 ; &gt; 296246447), MS 391 (num\u00e9ro d&#8217;outil &gt; 177197832 ; &gt; 295938026)<\/p>\n","protected":false},"excerpt":{"rendered":"<p>Kit d\u2019entretien 13<\/p>\n","protected":false},"featured_media":423336,"template":"","meta":{"_seopress_robots_primary_cat":"none","_seopress_titles_title":"","_seopress_titles_desc":"","_seopress_robots_index":""},"product_brand":[3366],"product_cat":[29,515],"product_tag":[3265],"class_list":{"0":"post-480942","1":"product","2":"type-product","3":"status-publish","4":"has-post-thumbnail","6":"product_brand-stihl","7":"product_cat-macchinari","8":"product_cat-accessori-e-materiale-di-consumo-altri-dispositivi","9":"product_tag-import-stihl","10":"sws-gruppo-macchinari-fr","11":"sws-conto-ricavi-merci-rivendita-macchinari-fr","12":"sws-gruppo-iva-iva81-fr","14":"first","15":"onbackorder","16":"purchasable","17":"product-type-simple"},"_links":{"self":[{"href":"https:\/\/lucacastelli.com\/fr\/wp-json\/wp\/v2\/product\/480942","targetHints":{"allow":["GET"]}}],"collection":[{"href":"https:\/\/lucacastelli.com\/fr\/wp-json\/wp\/v2\/product"}],"about":[{"href":"https:\/\/lucacastelli.com\/fr\/wp-json\/wp\/v2\/types\/product"}],"wp:featuredmedia":[{"embeddable":true,"href":"https:\/\/lucacastelli.com\/fr\/wp-json\/wp\/v2\/media\/423336"}],"wp:attachment":[{"href":"https:\/\/lucacastelli.com\/fr\/wp-json\/wp\/v2\/media?parent=480942"}],"wp:term":[{"taxonomy":"product_brand","embeddable":true,"href":"https:\/\/lucacastelli.com\/fr\/wp-json\/wp\/v2\/product_brand?post=480942"},{"taxonomy":"product_cat","embeddable":true,"href":"https:\/\/lucacastelli.com\/fr\/wp-json\/wp\/v2\/product_cat?post=480942"},{"taxonomy":"product_tag","embeddable":true,"href":"https:\/\/lucacastelli.com\/fr\/wp-json\/wp\/v2\/product_tag?post=480942"}],"curies":[{"name":"wp","href":"https:\/\/api.w.org\/{rel}","templated":true}]}}