{"id":480915,"date":"2025-05-31T22:51:41","date_gmt":"2025-05-31T20:51:41","guid":{"rendered":"https:\/\/lucacastelli.com\/prodotto\/stihl-kit-dentretien-3\/"},"modified":"2025-07-05T09:49:52","modified_gmt":"2025-07-05T07:49:52","slug":"stihl-kit-dentretien-3","status":"publish","type":"product","link":"https:\/\/lucacastelli.com\/fr\/produit\/stihl-kit-dentretien-3\/","title":{"rendered":"STIHL Service Kit 3"},"content":{"rendered":"<p>Gr\u00e2ce au kit d\u2019entretien, vous pouvez effectuer l\u2019entretien de votre tron\u00e7onneuse de mani\u00e8re ind\u00e9pendante. Contenu : Filtre \u00e0 air HD2, fauteuil ventouse, bougie d\u2019allumage NGK BPMR7A<br \/>\n886661604883 <\/p>\n","protected":false},"excerpt":{"rendered":"<p>Kit d\u2019entretien 3<\/p>\n","protected":false},"featured_media":423232,"template":"","meta":{"_seopress_robots_primary_cat":"","_seopress_titles_title":"","_seopress_titles_desc":"","_seopress_robots_index":""},"product_brand":[3366],"product_cat":[29,515],"product_tag":[3265],"class_list":{"0":"post-480915","1":"product","2":"type-product","3":"status-publish","4":"has-post-thumbnail","6":"product_brand-stihl","7":"product_cat-macchinari","8":"product_cat-accessori-e-materiale-di-consumo-altri-dispositivi","9":"product_tag-import-stihl","10":"sws-gruppo-macchinari-fr","11":"sws-conto-ricavi-merci-rivendita-macchinari-fr","12":"sws-gruppo-iva-iva81-fr","14":"first","15":"onbackorder","16":"purchasable","17":"product-type-simple"},"_links":{"self":[{"href":"https:\/\/lucacastelli.com\/fr\/wp-json\/wp\/v2\/product\/480915","targetHints":{"allow":["GET"]}}],"collection":[{"href":"https:\/\/lucacastelli.com\/fr\/wp-json\/wp\/v2\/product"}],"about":[{"href":"https:\/\/lucacastelli.com\/fr\/wp-json\/wp\/v2\/types\/product"}],"wp:featuredmedia":[{"embeddable":true,"href":"https:\/\/lucacastelli.com\/fr\/wp-json\/wp\/v2\/media\/423232"}],"wp:attachment":[{"href":"https:\/\/lucacastelli.com\/fr\/wp-json\/wp\/v2\/media?parent=480915"}],"wp:term":[{"taxonomy":"product_brand","embeddable":true,"href":"https:\/\/lucacastelli.com\/fr\/wp-json\/wp\/v2\/product_brand?post=480915"},{"taxonomy":"product_cat","embeddable":true,"href":"https:\/\/lucacastelli.com\/fr\/wp-json\/wp\/v2\/product_cat?post=480915"},{"taxonomy":"product_tag","embeddable":true,"href":"https:\/\/lucacastelli.com\/fr\/wp-json\/wp\/v2\/product_tag?post=480915"}],"curies":[{"name":"wp","href":"https:\/\/api.w.org\/{rel}","templated":true}]}}