{"id":480804,"date":"2025-05-31T22:25:12","date_gmt":"2025-05-31T20:25:12","guid":{"rendered":"https:\/\/lucacastelli.com\/prodotto\/stihl-adl-012\/"},"modified":"2025-05-31T22:25:12","modified_gmt":"2025-05-31T20:25:12","slug":"stihl-adl-012","status":"publish","type":"product","link":"https:\/\/lucacastelli.com\/fr\/produit\/stihl-adl-012\/","title":{"rendered":"STIHL ADL 012"},"content":{"rendered":"<p>Chargeur outil de diagnostic pour tous les tracteurs de pelouse : pour une charge et une r\u00e9activit\u00e9 optimis\u00e9es des batteries 12 V.<br \/>\n886661780310<\/p>\n","protected":false},"excerpt":{"rendered":"<p>ADL 012<\/p>\n","protected":false},"featured_media":422105,"template":"","meta":{"_seopress_robots_primary_cat":"","_seopress_titles_title":"","_seopress_titles_desc":"","_seopress_robots_index":""},"product_brand":[3366],"product_cat":[29,487],"product_tag":[3265],"class_list":{"0":"post-480804","1":"product","2":"type-product","3":"status-publish","4":"has-post-thumbnail","6":"product_brand-stihl","7":"product_cat-macchinari","8":"product_cat-trattorini-tosaerba","9":"product_tag-import-stihl","10":"sws-gruppo-macchinari-fr","11":"sws-conto-ricavi-merci-rivendita-macchinari-fr","12":"sws-gruppo-iva-iva81-fr","14":"first","15":"onbackorder","16":"sale","17":"purchasable","18":"product-type-simple"},"_links":{"self":[{"href":"https:\/\/lucacastelli.com\/fr\/wp-json\/wp\/v2\/product\/480804","targetHints":{"allow":["GET"]}}],"collection":[{"href":"https:\/\/lucacastelli.com\/fr\/wp-json\/wp\/v2\/product"}],"about":[{"href":"https:\/\/lucacastelli.com\/fr\/wp-json\/wp\/v2\/types\/product"}],"wp:featuredmedia":[{"embeddable":true,"href":"https:\/\/lucacastelli.com\/fr\/wp-json\/wp\/v2\/media\/422105"}],"wp:attachment":[{"href":"https:\/\/lucacastelli.com\/fr\/wp-json\/wp\/v2\/media?parent=480804"}],"wp:term":[{"taxonomy":"product_brand","embeddable":true,"href":"https:\/\/lucacastelli.com\/fr\/wp-json\/wp\/v2\/product_brand?post=480804"},{"taxonomy":"product_cat","embeddable":true,"href":"https:\/\/lucacastelli.com\/fr\/wp-json\/wp\/v2\/product_cat?post=480804"},{"taxonomy":"product_tag","embeddable":true,"href":"https:\/\/lucacastelli.com\/fr\/wp-json\/wp\/v2\/product_tag?post=480804"}],"curies":[{"name":"wp","href":"https:\/\/api.w.org\/{rel}","templated":true}]}}