{"id":480791,"date":"2025-05-31T22:24:41","date_gmt":"2025-05-31T20:24:41","guid":{"rendered":"https:\/\/lucacastelli.com\/prodotto\/stihl-ags-100\/"},"modified":"2025-05-31T22:24:41","modified_gmt":"2025-05-31T20:24:41","slug":"stihl-ags-100","status":"publish","type":"product","link":"https:\/\/lucacastelli.com\/fr\/produit\/stihl-ags-100\/","title":{"rendered":"STIHL AGS 100"},"content":{"rendered":"<p>Cage de s\u00e9curit\u00e9 pour un rangement en toute s\u00e9curit\u00e9 de la bo\u00eete de vitesses, pour tous les motoculteurs.<br \/>\n886661781942<\/p>\n","protected":false},"excerpt":{"rendered":"<p>AGS 100<\/p>\n","protected":false},"featured_media":422087,"template":"","meta":{"_seopress_robots_primary_cat":"","_seopress_titles_title":"","_seopress_titles_desc":"","_seopress_robots_index":""},"product_brand":[3366],"product_cat":[29,514,521],"product_tag":[3265],"class_list":{"0":"post-480791","1":"product","2":"type-product","3":"status-publish","4":"has-post-thumbnail","6":"product_brand-stihl","7":"product_cat-macchinari","8":"product_cat-altri-dispositivi","9":"product_cat-motozappe","10":"product_tag-import-stihl","11":"sws-gruppo-abb-libero-fr","12":"sws-conto-ricavi-merci-rivendita-macchinari-fr","13":"sws-gruppo-iva-iva81-fr","15":"first","16":"onbackorder","17":"purchasable","18":"product-type-simple"},"_links":{"self":[{"href":"https:\/\/lucacastelli.com\/fr\/wp-json\/wp\/v2\/product\/480791","targetHints":{"allow":["GET"]}}],"collection":[{"href":"https:\/\/lucacastelli.com\/fr\/wp-json\/wp\/v2\/product"}],"about":[{"href":"https:\/\/lucacastelli.com\/fr\/wp-json\/wp\/v2\/types\/product"}],"wp:featuredmedia":[{"embeddable":true,"href":"https:\/\/lucacastelli.com\/fr\/wp-json\/wp\/v2\/media\/422087"}],"wp:attachment":[{"href":"https:\/\/lucacastelli.com\/fr\/wp-json\/wp\/v2\/media?parent=480791"}],"wp:term":[{"taxonomy":"product_brand","embeddable":true,"href":"https:\/\/lucacastelli.com\/fr\/wp-json\/wp\/v2\/product_brand?post=480791"},{"taxonomy":"product_cat","embeddable":true,"href":"https:\/\/lucacastelli.com\/fr\/wp-json\/wp\/v2\/product_cat?post=480791"},{"taxonomy":"product_tag","embeddable":true,"href":"https:\/\/lucacastelli.com\/fr\/wp-json\/wp\/v2\/product_tag?post=480791"}],"curies":[{"name":"wp","href":"https:\/\/api.w.org\/{rel}","templated":true}]}}