{"id":480750,"date":"2025-05-31T22:23:31","date_gmt":"2025-05-31T20:23:31","guid":{"rendered":"https:\/\/lucacastelli.com\/prodotto\/stihl-rt-6127-zl\/"},"modified":"2026-04-13T16:26:23","modified_gmt":"2026-04-13T14:26:23","slug":"stihl-rt-6127-zl","status":"publish","type":"product","link":"https:\/\/lucacastelli.com\/fr\/produit\/stihl-rt-6127-zl\/","title":{"rendered":"Tracteur de pelouse STIHL RT 6127 ZL"},"content":{"rendered":"<p>Tracteur de pelouse le plus puissant avec un confort de commande et de conduite particuli\u00e8rement \u00e9lev\u00e9. Pour l&#8217;entretien de surfaces engazonn\u00e9es particuli\u00e8rement vastes. Avec traction \u00e0 1 p\u00e9dale sp\u00e9cifique STIHL et bac de ramassage de 350 litres.<br \/>\n886661590421  <\/p>\n<p>Cylindr\u00e9e 764<br \/>\nCO2 CO2<\/p>\n<p>Type de moteur Type de moteur<br \/>\nLargeur de coupe 125<br \/>\nHauteur de coupe 30 &#8211; 110<\/p>\n","protected":false},"excerpt":{"rendered":"<p>RT 6127 ZL<\/p>\n","protected":false},"featured_media":436227,"template":"","meta":{"_seopress_robots_primary_cat":"none","_seopress_titles_title":"","_seopress_titles_desc":"","_seopress_robots_index":""},"product_brand":[3366],"product_cat":[29,487],"product_tag":[3265],"class_list":{"0":"post-480750","1":"product","2":"type-product","3":"status-publish","4":"has-post-thumbnail","6":"product_brand-stihl","7":"product_cat-macchinari","8":"product_cat-trattorini-tosaerba","9":"product_tag-import-stihl","10":"sws-gruppo-macchinari-fr","11":"sws-conto-ricavi-merci-rivendita-macchinari-fr","12":"sws-gruppo-iva-iva81-fr","14":"first","15":"onbackorder","16":"purchasable","17":"product-type-simple"},"_links":{"self":[{"href":"https:\/\/lucacastelli.com\/fr\/wp-json\/wp\/v2\/product\/480750","targetHints":{"allow":["GET"]}}],"collection":[{"href":"https:\/\/lucacastelli.com\/fr\/wp-json\/wp\/v2\/product"}],"about":[{"href":"https:\/\/lucacastelli.com\/fr\/wp-json\/wp\/v2\/types\/product"}],"wp:featuredmedia":[{"embeddable":true,"href":"https:\/\/lucacastelli.com\/fr\/wp-json\/wp\/v2\/media\/436227"}],"wp:attachment":[{"href":"https:\/\/lucacastelli.com\/fr\/wp-json\/wp\/v2\/media?parent=480750"}],"wp:term":[{"taxonomy":"product_brand","embeddable":true,"href":"https:\/\/lucacastelli.com\/fr\/wp-json\/wp\/v2\/product_brand?post=480750"},{"taxonomy":"product_cat","embeddable":true,"href":"https:\/\/lucacastelli.com\/fr\/wp-json\/wp\/v2\/product_cat?post=480750"},{"taxonomy":"product_tag","embeddable":true,"href":"https:\/\/lucacastelli.com\/fr\/wp-json\/wp\/v2\/product_tag?post=480750"}],"curies":[{"name":"wp","href":"https:\/\/api.w.org\/{rel}","templated":true}]}}