{"id":480746,"date":"2025-05-31T22:23:38","date_gmt":"2025-05-31T20:23:38","guid":{"rendered":"https:\/\/lucacastelli.com\/prodotto\/stihl-mh-585\/"},"modified":"2025-05-31T22:23:38","modified_gmt":"2025-05-31T20:23:38","slug":"stihl-mh-585","status":"publish","type":"product","link":"https:\/\/lucacastelli.com\/fr\/produit\/stihl-mh-585\/","title":{"rendered":"STIHL MH 585"},"content":{"rendered":"<p>Motoculteur de jardin puissant pour diverses utilisations sur les parterres de fleurs et les champs. Grand confort de contr\u00f4le pour le binage avec peu d\u2019effort. Vibrations minimales gr\u00e2ce au syst\u00e8me anti-vibration int\u00e9gr\u00e9.<br \/>\n886661755875  <\/p>\n<p>Cylindr\u00e9e 149<br \/>\nType de moteur Type de moteur<\/p>\n<p>CO2 CO2<br \/>\nPoids 44.0<br \/>\nCapacit\u00e9 de carburant 1.4<\/p>\n","protected":false},"excerpt":{"rendered":"<p>MH 585<\/p>\n","protected":false},"featured_media":421977,"template":"","meta":{"_seopress_robots_primary_cat":"","_seopress_titles_title":"","_seopress_titles_desc":"","_seopress_robots_index":""},"product_brand":[3366],"product_cat":[29,514,521],"product_tag":[3265],"class_list":{"0":"post-480746","1":"product","2":"type-product","3":"status-publish","4":"has-post-thumbnail","6":"product_brand-stihl","7":"product_cat-macchinari","8":"product_cat-altri-dispositivi","9":"product_cat-motozappe","10":"product_tag-import-stihl","11":"sws-gruppo-macchinari-fr","12":"sws-conto-ricavi-merci-rivendita-macchinari-fr","13":"sws-gruppo-iva-iva81-fr","15":"first","16":"onbackorder","17":"purchasable","18":"product-type-simple"},"_links":{"self":[{"href":"https:\/\/lucacastelli.com\/fr\/wp-json\/wp\/v2\/product\/480746","targetHints":{"allow":["GET"]}}],"collection":[{"href":"https:\/\/lucacastelli.com\/fr\/wp-json\/wp\/v2\/product"}],"about":[{"href":"https:\/\/lucacastelli.com\/fr\/wp-json\/wp\/v2\/types\/product"}],"wp:featuredmedia":[{"embeddable":true,"href":"https:\/\/lucacastelli.com\/fr\/wp-json\/wp\/v2\/media\/421977"}],"wp:attachment":[{"href":"https:\/\/lucacastelli.com\/fr\/wp-json\/wp\/v2\/media?parent=480746"}],"wp:term":[{"taxonomy":"product_brand","embeddable":true,"href":"https:\/\/lucacastelli.com\/fr\/wp-json\/wp\/v2\/product_brand?post=480746"},{"taxonomy":"product_cat","embeddable":true,"href":"https:\/\/lucacastelli.com\/fr\/wp-json\/wp\/v2\/product_cat?post=480746"},{"taxonomy":"product_tag","embeddable":true,"href":"https:\/\/lucacastelli.com\/fr\/wp-json\/wp\/v2\/product_tag?post=480746"}],"curies":[{"name":"wp","href":"https:\/\/api.w.org\/{rel}","templated":true}]}}