{"id":480736,"date":"2025-05-31T22:23:15","date_gmt":"2025-05-31T20:23:15","guid":{"rendered":"https:\/\/lucacastelli.com\/prodotto\/stihl-rt-5097-z\/"},"modified":"2026-04-13T16:26:21","modified_gmt":"2026-04-13T14:26:21","slug":"stihl-rt-5097-z","status":"publish","type":"product","link":"https:\/\/lucacastelli.com\/fr\/produit\/stihl-rt-5097-z\/","title":{"rendered":"Tracteur de pelouse STIHL RT 5097 Z"},"content":{"rendered":"<p>Tracteur de pelouse puissant avec un grand confort de commande et de conduite. Pour l\u2019entretien de grandes surfaces de pelouse. Avec entra\u00eenement \u00e0 1 p\u00e9dale sp\u00e9cifique \u00e0 STIHL et bac de ramassage de 250 litres.<br \/>\n886661590353  <\/p>\n<p>Cylindr\u00e9e 635<br \/>\nCO2 CO2<\/p>\n<p>Type de moteur Type de moteur<br \/>\nPoids 237.0<br \/>\nLargeur de coupe 95<\/p>\n","protected":false},"excerpt":{"rendered":"<p>RT 5097 Z<\/p>\n","protected":false},"featured_media":436192,"template":"","meta":{"_seopress_robots_primary_cat":"none","_seopress_titles_title":"","_seopress_titles_desc":"","_seopress_robots_index":""},"product_brand":[3554],"product_cat":[169,1694],"product_tag":[3266],"class_list":{"0":"post-480736","1":"product","2":"type-product","3":"status-publish","4":"has-post-thumbnail","6":"product_brand-stihl-de","7":"product_cat-maschinen","8":"product_cat-rasentraktoren","9":"product_tag-import-stihl-de","10":"sws-gruppo-macchinari-fr","11":"sws-conto-ricavi-merci-rivendita-macchinari-fr","12":"sws-gruppo-iva-iva81-fr","14":"first","15":"onbackorder","16":"purchasable","17":"product-type-simple"},"_links":{"self":[{"href":"https:\/\/lucacastelli.com\/fr\/wp-json\/wp\/v2\/product\/480736","targetHints":{"allow":["GET"]}}],"collection":[{"href":"https:\/\/lucacastelli.com\/fr\/wp-json\/wp\/v2\/product"}],"about":[{"href":"https:\/\/lucacastelli.com\/fr\/wp-json\/wp\/v2\/types\/product"}],"wp:featuredmedia":[{"embeddable":true,"href":"https:\/\/lucacastelli.com\/fr\/wp-json\/wp\/v2\/media\/436192"}],"wp:attachment":[{"href":"https:\/\/lucacastelli.com\/fr\/wp-json\/wp\/v2\/media?parent=480736"}],"wp:term":[{"taxonomy":"product_brand","embeddable":true,"href":"https:\/\/lucacastelli.com\/fr\/wp-json\/wp\/v2\/product_brand?post=480736"},{"taxonomy":"product_cat","embeddable":true,"href":"https:\/\/lucacastelli.com\/fr\/wp-json\/wp\/v2\/product_cat?post=480736"},{"taxonomy":"product_tag","embeddable":true,"href":"https:\/\/lucacastelli.com\/fr\/wp-json\/wp\/v2\/product_tag?post=480736"}],"curies":[{"name":"wp","href":"https:\/\/api.w.org\/{rel}","templated":true}]}}