{"id":480731,"date":"2025-05-31T22:23:09","date_gmt":"2025-05-31T20:23:09","guid":{"rendered":"https:\/\/lucacastelli.com\/prodotto\/stihl-et-5097\/"},"modified":"2026-04-13T16:26:00","modified_gmt":"2026-04-13T14:26:00","slug":"stihl-et-5097","status":"publish","type":"product","link":"https:\/\/lucacastelli.com\/fr\/produit\/stihl-et-5097\/","title":{"rendered":"Tracteur de pelouse STIHL RT 5097"},"content":{"rendered":"<p>Tracteur de pelouse puissant offrant un grand confort de commande et de conduite. Pour l\u2019entretien de grandes surfaces de pelouse. Avec entra\u00eenement \u00e0 une p\u00e9dale sp\u00e9cifique \u00e0 STIHL et bac de ramassage de 250 litres.<br \/>\n886661590346  <\/p>\n<p>Cylindr\u00e9e 452<br \/>\nCO2 CO2<\/p>\n<p>Type de moteur Type de moteur<br \/>\nPoids 228,0<br \/>\nSurface de pelouse max. 6000 <\/p>\n","protected":false},"excerpt":{"rendered":"<p>RT 5097<\/p>\n","protected":false},"featured_media":436179,"template":"","meta":{"_seopress_robots_primary_cat":"none","_seopress_titles_title":"","_seopress_titles_desc":"","_seopress_robots_index":""},"product_brand":[3554],"product_cat":[169,1694],"product_tag":[3266],"class_list":{"0":"post-480731","1":"product","2":"type-product","3":"status-publish","4":"has-post-thumbnail","6":"product_brand-stihl-de","7":"product_cat-maschinen","8":"product_cat-rasentraktoren","9":"product_tag-import-stihl-de","10":"sws-gruppo-macchinari-fr","11":"sws-conto-ricavi-merci-rivendita-macchinari-fr","12":"sws-gruppo-iva-iva81-fr","14":"first","15":"onbackorder","16":"purchasable","17":"product-type-simple"},"_links":{"self":[{"href":"https:\/\/lucacastelli.com\/fr\/wp-json\/wp\/v2\/product\/480731","targetHints":{"allow":["GET"]}}],"collection":[{"href":"https:\/\/lucacastelli.com\/fr\/wp-json\/wp\/v2\/product"}],"about":[{"href":"https:\/\/lucacastelli.com\/fr\/wp-json\/wp\/v2\/types\/product"}],"wp:featuredmedia":[{"embeddable":true,"href":"https:\/\/lucacastelli.com\/fr\/wp-json\/wp\/v2\/media\/436179"}],"wp:attachment":[{"href":"https:\/\/lucacastelli.com\/fr\/wp-json\/wp\/v2\/media?parent=480731"}],"wp:term":[{"taxonomy":"product_brand","embeddable":true,"href":"https:\/\/lucacastelli.com\/fr\/wp-json\/wp\/v2\/product_brand?post=480731"},{"taxonomy":"product_cat","embeddable":true,"href":"https:\/\/lucacastelli.com\/fr\/wp-json\/wp\/v2\/product_cat?post=480731"},{"taxonomy":"product_tag","embeddable":true,"href":"https:\/\/lucacastelli.com\/fr\/wp-json\/wp\/v2\/product_tag?post=480731"}],"curies":[{"name":"wp","href":"https:\/\/api.w.org\/{rel}","templated":true}]}}