{"id":480728,"date":"2025-05-31T22:23:01","date_gmt":"2025-05-31T20:23:01","guid":{"rendered":"https:\/\/lucacastelli.com\/prodotto\/stihl-gh-460-c\/"},"modified":"2026-03-02T14:31:42","modified_gmt":"2026-03-02T13:31:42","slug":"stihl-gh-460-c","status":"publish","type":"product","link":"https:\/\/lucacastelli.com\/fr\/produit\/stihl-gh-460-c\/","title":{"rendered":"STIHL GH 460 C broyeur thermique"},"content":{"rendered":"<p>Puissant broyeur \u00e0 essence pour des volumes de travail \u00e9lev\u00e9s avec des branches r\u00e9sistantes et des mat\u00e9riaux souples. Fonctionne ind\u00e9pendamment du raccordement \u00e9lectrique. Id\u00e9al particuli\u00e8rement pour de grandes quantit\u00e9s de mati\u00e8res \u00e0 broyer. Avec syst\u00e8me \u00e0 deux chambres de broyage, jeu de lames en sandwich et interrupteur de s\u00e9curit\u00e9 \u00ab&nbsp;one click \/ one turn&nbsp;\u00bb.<br \/>\n886661685608   <\/p>\n<p>Cylindr\u00e9e 352<br \/>\nCO2 CO2<\/p>\n<p>Type moteur Type moteur<br \/>\nPoids 75.0<br \/>\nDiam\u00e8tre de branche max. 75<\/p>\n<table class=\"technical_data\">\n<thead>\n<tr>\n<th class=\"col1\">Donn\u00e9es techniques<\/th>\n<th class=\"col2\">Valeur<\/th>\n<\/tr>\n<\/thead>\n<tbody>\n<tr class=\"\">\n<td class=\"col1\">Poidskg<\/td>\n<td class=\"col2\">75<\/td>\n<\/tr>\n<tr class=\"odd\">\n<td class=\"col1\">R\u00e9gime de travailtr\/min<\/td>\n<td class=\"col2\">2 560<\/td>\n<\/tr>\n<tr class=\"\">\n<td class=\"col1\">Niveau de puissance acoustique garanti LWAdB(A)<\/td>\n<td class=\"col2\">108<\/td>\n<\/tr>\n<tr class=\"odd\">\n<td class=\"col1\">Puissance nominale<\/td>\n<td class=\"col2\">5,8 kW \/ 7,9 PS<\/td>\n<\/tr>\n<tr class=\"\">\n<td class=\"col1\">Cylindr\u00e9ecm\u00b3<\/td>\n<td class=\"col2\">344<\/td>\n<\/tr>\n<tr class=\"odd\">\n<td class=\"col1\">Diam\u00e8tre de branche max.mm<\/td>\n<td class=\"col2\">jusqu\u2019\u00e0 75<\/td>\n<\/tr>\n<tr class=\"\">\n<td class=\"col1\">Type moteur<\/td>\n<td class=\"col2\">S\u00e9rie 3.115 PowerBuilt OHV<\/td>\n<\/tr>\n<tr class=\"odd\">\n<td class=\"col1\">Facteur d\u2019incertitude KpAdB(A)<\/td>\n<td class=\"col2\">3<\/td>\n<\/tr>\n<tr class=\"\">\n<td class=\"col1\">Outil de coupe<\/td>\n<td class=\"col2\">Multi-Cut 450<\/td>\n<\/tr>\n<tr class=\"odd\">\n<td class=\"col1\">Niveau de pression acoustique mesur\u00e9 LpAdB(A)<\/td>\n<td class=\"col2\">97<\/td>\n<\/tr>\n<\/tbody>\n<\/table>\n","protected":false},"excerpt":{"rendered":"<p>GH 460 C<\/p>\n","protected":false},"featured_media":436174,"template":"","meta":{"_seopress_robots_primary_cat":"none","_seopress_titles_title":"","_seopress_titles_desc":"","_seopress_robots_index":""},"product_brand":[3555],"product_cat":[1583,1584,167],"product_tag":[3267],"class_list":{"0":"post-480728","1":"product","2":"type-product","3":"status-publish","4":"has-post-thumbnail","6":"product_brand-stihl-fr","7":"product_cat-bio-broyeurs","8":"product_cat-broyeurs-a-moteur","9":"product_cat-machines","10":"product_tag-import-stihl-fr","11":"sws-gruppo-macchinari-fr","12":"sws-conto-ricavi-merci-rivendita-macchinari-fr","13":"sws-gruppo-iva-iva81-fr","15":"first","16":"onbackorder","17":"purchasable","18":"product-type-simple"},"_links":{"self":[{"href":"https:\/\/lucacastelli.com\/fr\/wp-json\/wp\/v2\/product\/480728","targetHints":{"allow":["GET"]}}],"collection":[{"href":"https:\/\/lucacastelli.com\/fr\/wp-json\/wp\/v2\/product"}],"about":[{"href":"https:\/\/lucacastelli.com\/fr\/wp-json\/wp\/v2\/types\/product"}],"wp:featuredmedia":[{"embeddable":true,"href":"https:\/\/lucacastelli.com\/fr\/wp-json\/wp\/v2\/media\/436174"}],"wp:attachment":[{"href":"https:\/\/lucacastelli.com\/fr\/wp-json\/wp\/v2\/media?parent=480728"}],"wp:term":[{"taxonomy":"product_brand","embeddable":true,"href":"https:\/\/lucacastelli.com\/fr\/wp-json\/wp\/v2\/product_brand?post=480728"},{"taxonomy":"product_cat","embeddable":true,"href":"https:\/\/lucacastelli.com\/fr\/wp-json\/wp\/v2\/product_cat?post=480728"},{"taxonomy":"product_tag","embeddable":true,"href":"https:\/\/lucacastelli.com\/fr\/wp-json\/wp\/v2\/product_tag?post=480728"}],"curies":[{"name":"wp","href":"https:\/\/api.w.org\/{rel}","templated":true}]}}