{"id":480726,"date":"2025-05-31T22:12:37","date_gmt":"2025-05-31T20:12:37","guid":{"rendered":"https:\/\/lucacastelli.com\/prodotto\/stihl-koa-20-set-avec-as-2-et-al-1\/"},"modified":"2025-11-16T13:55:06","modified_gmt":"2025-11-16T12:55:06","slug":"stihl-koa-20-set-avec-as-2-et-al-1","status":"publish","type":"product","link":"https:\/\/lucacastelli.com\/fr\/produit\/stihl-koa-20-set-avec-as-2-et-al-1\/","title":{"rendered":"STIHL KOA 20 Set, avec AS 2 et AL 1"},"content":{"rendered":"<p>Avec des fonctionnalit\u00e9s avanc\u00e9es et une conception orient\u00e9e vers le confort d\u2019utilisation, il s\u2019impose comme un outil essentiel pour le gonflage et le d\u00e9gonflage rapides et faciles de divers \u00e9quipements. Le compresseur \u00e0 batterie KOA 20 est un appareil polyvalent con\u00e7u pour faciliter le gonflage et le d\u00e9gonflage des pneus, des \u00e9quipements de loisirs et de sport. Gr\u00e2ce \u00e0 son design ergonomique et \u00e0 ses multiples fonctionnalit\u00e9s, il assure une utilisation simple, rapide et confortable 886661333714.<\/p>\n<p>Tension nominale 11<br \/>\nSyst\u00e8me de batterie Syst\u00e8me de batterie<\/p>\n<p>Batterie recommand\u00e9e Batterie recommand\u00e9e Poids de<br \/>\nl\u2019appareil 1,5<br \/>\nPression max. (pompe haute pression) 10,3 <\/p>\n<p>&nbsp;<\/p>\n<p>&nbsp;<\/p>\n<table data-test-id=\"pdp-spec-tech-table\">\n<tbody>\n<tr>\n<td>Tension nominale<\/td>\n<td>10,8 V<\/td>\n<\/tr>\n<tr>\n<td>Pression max. (pompe haute pression) <\/td>\n<td>10,3 bar<\/td>\n<\/tr>\n<tr>\n<td>Pression max. (pompe haute pression) <\/td>\n<td>150 lbf\/po<\/td>\n<\/tr>\n<tr>\n<td>Max. Volumestrom (volume de la pompe) <\/td>\n<td>360 l\/min<\/td>\n<\/tr>\n<tr>\n<td>Poids de<\/td>\n<p> l\u2019appareil<\/p>\n<td>1,5 kg<\/td>\n<\/tr>\n<tr>\n<td>Instrument 1 Mesure du<\/td>\n<p> bruit<\/p>\n<td>MODE HAUTE PRESSION<\/td>\n<\/tr>\n<tr>\n<td>Instrument 2 Mesure du<\/td>\n<p> son<\/p>\n<td>MODE VOLUME \u00c9LEV\u00c9<\/td>\n<\/tr>\n<tr>\nNiveau <\/p>\n<td>de pression acoustique<\/td>\n<td>77 dB(A)<\/td>\n<\/tr>\n<tr>\nNiveau <\/p>\n<td>de puissance<\/td>\n<p> acoustique<\/p>\n<td>85 dB(A)<\/td>\n<\/tr>\n<tr>\nNiveau <\/p>\n<td>de pression acoustique<\/td>\n<td>82 dB(A)<\/td>\n<\/tr>\n<tr>\nNiveau <\/p>\n<td>de puissance<\/td>\n<p> acoustique<\/p>\n<td>90 dB(A)<\/td>\n<\/tr>\n<tr>\n<td>Batterie recommand\u00e9e<\/td>\n<td>AS 2<\/td>\n<\/tr>\n<tr>\n<td>Longueur<\/td>\n<td>282 millim\u00e8tre<\/td>\n<\/tr>\n<tr>\n<td>Largeur<\/td>\n<td>105 millim\u00e8tre<\/td>\n<\/tr>\n<tr>\n<td>Hauteur<\/td>\n<td>223 millim\u00e8tre<\/td>\n<\/tr>\n<\/tbody>\n<\/table>\n","protected":false},"excerpt":{"rendered":"<p>Avec des fonctionnalit\u00e9s avanc\u00e9es et une conception orient\u00e9e vers le confort d\u2019utilisation, il s\u2019impose comme un outil essentiel pour le<\/p>\n","protected":false},"featured_media":436911,"template":"","meta":{"_seopress_robots_primary_cat":"none","_seopress_titles_title":"","_seopress_titles_desc":"","_seopress_robots_index":""},"product_brand":[3366],"product_cat":[29,514,561],"product_tag":[3265],"class_list":{"0":"post-480726","1":"product","2":"type-product","3":"status-publish","4":"has-post-thumbnail","6":"product_brand-stihl","7":"product_cat-macchinari","8":"product_cat-altri-dispositivi","9":"product_cat-compressori","10":"product_tag-import-stihl","11":"sws-gruppo-macchinari-fr","12":"sws-conto-ricavi-merci-rivendita-macchinari-fr","13":"sws-gruppo-iva-iva81-fr","15":"first","16":"onbackorder","17":"purchasable","18":"product-type-simple"},"_links":{"self":[{"href":"https:\/\/lucacastelli.com\/fr\/wp-json\/wp\/v2\/product\/480726","targetHints":{"allow":["GET"]}}],"collection":[{"href":"https:\/\/lucacastelli.com\/fr\/wp-json\/wp\/v2\/product"}],"about":[{"href":"https:\/\/lucacastelli.com\/fr\/wp-json\/wp\/v2\/types\/product"}],"wp:featuredmedia":[{"embeddable":true,"href":"https:\/\/lucacastelli.com\/fr\/wp-json\/wp\/v2\/media\/436911"}],"wp:attachment":[{"href":"https:\/\/lucacastelli.com\/fr\/wp-json\/wp\/v2\/media?parent=480726"}],"wp:term":[{"taxonomy":"product_brand","embeddable":true,"href":"https:\/\/lucacastelli.com\/fr\/wp-json\/wp\/v2\/product_brand?post=480726"},{"taxonomy":"product_cat","embeddable":true,"href":"https:\/\/lucacastelli.com\/fr\/wp-json\/wp\/v2\/product_cat?post=480726"},{"taxonomy":"product_tag","embeddable":true,"href":"https:\/\/lucacastelli.com\/fr\/wp-json\/wp\/v2\/product_tag?post=480726"}],"curies":[{"name":"wp","href":"https:\/\/api.w.org\/{rel}","templated":true}]}}