{"id":480720,"date":"2025-05-31T21:54:00","date_gmt":"2025-05-31T19:54:00","guid":{"rendered":"https:\/\/lucacastelli.com\/prodotto\/stihl-msa-160-c-b-30cm-sans-batterie-ni-chargeur\/"},"modified":"2025-05-31T21:54:00","modified_gmt":"2025-05-31T19:54:00","slug":"stihl-msa-160-c-b-30cm-sans-batterie-ni-chargeur","status":"publish","type":"product","link":"https:\/\/lucacastelli.com\/fr\/produit\/stihl-msa-160-c-b-30cm-sans-batterie-ni-chargeur\/","title":{"rendered":"STIHL MSA 160 C-B, 30cm, sans batterie ni chargeur"},"content":{"rendered":"<h2 class=\"product-details__title\">Tron\u00e7onneuse sans fil innovante<\/h2>\n<div class=\"product-details__description richtexteditor\">Tron\u00e7onneuse sans fil pour une utilisation dans les zones sensibles au bruit. Tendeur de cha\u00eene rapide STIHL, frein de cha\u00eene QuickStop Super, bouchon de r\u00e9servoir sans outil, avec cha\u00eene 1\/4&#8243; PM3 pour une coupe fine et des performances de coupe \u00e9lev\u00e9es. <\/div>\n<p>Tension nominale 36<br \/>\nConsommation \u00e9lectrique Consommation \u00e9lectrique<\/p>\n<p>Alimentation Syst\u00e8me de<br \/>\nbatterie AP<br \/>\nBatterie recommand\u00e9e AP 200<\/p>\n<table data-test-id=\"pdp-spec-tech-table\">\n<tbody>\n<tr>\n<td>Tension nominale<\/td>\n<td>36 V<\/td>\n<\/tr>\n<tr>\n<td>Entr\u00e9e<\/td>\n<td>1,5 kW<\/td>\n<\/tr>\n<tr>\n<td>Pouvoir<\/td>\n<td>1,2 kW <sup>1<!-- -->)<\/sup><\/td>\n<\/tr>\n<tr>\nSyst\u00e8me <\/p>\n<td>de batterie<\/td>\n<td>AP<\/td>\n<\/tr>\n<tr>\n<td>Batterie recommand\u00e9e<\/td>\n<td>AP 200<\/td>\n<\/tr>\n<tr>\n<td>Poids de l\u2019appareil sans batterie<\/td>\n<td>3,1 kg <sup>2)<\/sup><\/td>\n<\/tr>\n<tr>\n<td>Poids de l\u2019appareil sans batterie<\/td>\n<td>3,47 kg <sup>3)<\/sup><\/td>\n<\/tr>\n<tr>\n<td>Longueur de la<\/td>\n<p> barre<\/p>\n<td>30 cm <sup>4)<\/sup><\/td>\n<\/tr>\n<tr>\n<td>Pas de cha\u00eene<\/td>\n<td>1\/4&#8243;P<\/td>\n<\/tr>\n<tr>\n<td>Indice IP<\/td>\n<td>Norme IPX4<\/td>\n<\/tr>\n<tr>\n<td>Dur\u00e9e de fonctionnement maximale de la batterie AP 200<\/td>\n<td>42 min <sup>5)<\/sup><\/td>\n<\/tr>\n<tr>\n<td>Dur\u00e9e de fonctionnement maximale de la batterie AP 200 S<\/td>\n<td>42 min <sup>5)<\/sup><\/td>\n<\/tr>\n<tr>\n<td>Dur\u00e9e de fonctionnement maximale de la batterie AP 300<\/td>\n<td>50 min <sup>5)<\/sup><\/td>\n<\/tr>\n<tr>\n<td>Dur\u00e9e de fonctionnement maximale de la batterie AP 300 S<\/td>\n<td>62 min <sup>5)<\/sup><\/td>\n<\/tr>\n<tr>\n<td>Dur\u00e9e de fonctionnement maximale de la batterie AP 500 S<\/td>\n<td>74 min <sup>5)<\/sup><\/td>\n<\/tr>\n<tr>\n<td>Longueur de l\u2019appareil avec but\u00e9e de griffe<\/td>\n<td>435 mm <sup>2)<\/sup><\/td>\n<\/tr>\n<tr>\nNiveau <\/p>\n<td>de pression acoustique<\/td>\n<td>85 dB(A) <sup>6)<\/sup><\/td>\n<\/tr>\n<tr>\nNiveau <\/p>\n<td>de puissance<\/td>\n<p> acoustique<\/p>\n<td>93 dB(A) <sup>6)<\/sup><\/td>\n<\/tr>\n<tr>\n<td>Valeur de vibration gauche\/droite<\/td>\n<td>4,6\/3,9 m\/s\u00b2 <sup>7)<\/sup><\/td>\n<\/tr>\n<\/tbody>\n<\/table>\n","protected":false},"excerpt":{"rendered":"<p>Tron\u00e7onneuse sans fil innovante Tron\u00e7onneuse sans fil pour une utilisation dans les zones sensibles au bruit. Tendeur de cha\u00eene rapide<\/p>\n","protected":false},"featured_media":424353,"template":"","meta":{"_seopress_robots_primary_cat":"none","_seopress_titles_title":"","_seopress_titles_desc":"","_seopress_robots_index":""},"product_brand":[3555],"product_cat":[167,1604,1606],"product_tag":[3267],"class_list":{"0":"post-480720","1":"product","2":"type-product","3":"status-publish","4":"has-post-thumbnail","6":"product_brand-stihl-fr","7":"product_cat-machines","8":"product_cat-tronconneuses","9":"product_cat-tronconneuses-a-batterie","10":"product_tag-import-stihl-fr","11":"sws-gruppo-macchinari","12":"sws-conto-ricavi-merci-rivendita-macchinari","13":"sws-gruppo-iva-iva81","15":"first","16":"onbackorder","17":"purchasable","18":"product-type-simple"},"_links":{"self":[{"href":"https:\/\/lucacastelli.com\/fr\/wp-json\/wp\/v2\/product\/480720","targetHints":{"allow":["GET"]}}],"collection":[{"href":"https:\/\/lucacastelli.com\/fr\/wp-json\/wp\/v2\/product"}],"about":[{"href":"https:\/\/lucacastelli.com\/fr\/wp-json\/wp\/v2\/types\/product"}],"wp:featuredmedia":[{"embeddable":true,"href":"https:\/\/lucacastelli.com\/fr\/wp-json\/wp\/v2\/media\/424353"}],"wp:attachment":[{"href":"https:\/\/lucacastelli.com\/fr\/wp-json\/wp\/v2\/media?parent=480720"}],"wp:term":[{"taxonomy":"product_brand","embeddable":true,"href":"https:\/\/lucacastelli.com\/fr\/wp-json\/wp\/v2\/product_brand?post=480720"},{"taxonomy":"product_cat","embeddable":true,"href":"https:\/\/lucacastelli.com\/fr\/wp-json\/wp\/v2\/product_cat?post=480720"},{"taxonomy":"product_tag","embeddable":true,"href":"https:\/\/lucacastelli.com\/fr\/wp-json\/wp\/v2\/product_tag?post=480720"}],"curies":[{"name":"wp","href":"https:\/\/api.w.org\/{rel}","templated":true}]}}