{"id":480719,"date":"2025-05-31T21:54:11","date_gmt":"2025-05-31T19:54:11","guid":{"rendered":"https:\/\/lucacastelli.com\/prodotto\/stihl-msa-200-c-b-35cm-sans-batterie-ni-chargeur\/"},"modified":"2025-05-31T21:54:11","modified_gmt":"2025-05-31T19:54:11","slug":"stihl-msa-200-c-b-35cm-sans-batterie-ni-chargeur","status":"publish","type":"product","link":"https:\/\/lucacastelli.com\/fr\/produit\/stihl-msa-200-c-b-35cm-sans-batterie-ni-chargeur\/","title":{"rendered":"STIHL MSA 200 C-B, 35cm, sans batterie ni chargeur"},"content":{"rendered":"<p>Tron\u00e7onneuse sans fil avec des performances de coupe \u00e9lev\u00e9es pour une utilisation<br \/>\ndans des zones sensibles au bruit Performances de coupe 44 % sup\u00e9rieures<br \/>\n\u00e0 celles de la MSA 160 C-BQ. Tendeur de cha\u00eene rapide<br \/>\n STIHL, frein de cha\u00eene QuickStop Super, bouchon de r\u00e9servoir sans<br \/>\noutil, avec cha\u00eene 1\/4&#8243; PM3 pour une coupe fine et<br \/>\nune performance de coupe \u00e9lev\u00e9e, griffes m\u00e9talliques, poids 3,3 kg. Attention : le prix est sans batterie ni chargeur<br \/>\n886661874927  <\/p>\n<p>Tension nominale 36<br \/>\nConsommation \u00e9lectrique Consommation \u00e9lectrique<\/p>\n<p>Alimentation Syst\u00e8me de<br \/>\nbatterie AP<br \/>\nBatterie recommand\u00e9e AP 300 S<\/p>\n<table data-test-id=\"pdp-spec-tech-table\">\n<tbody>\n<tr>\n<td>Poids<\/td>\n<td>5,3 kg <sup>1<!-- -->)<\/sup><\/td>\n<\/tr>\n<tr>\n<td>Tension nominale<\/td>\n<td>36 V<\/td>\n<\/tr>\n<tr>\n<td>Longueur de la<\/td>\n<p> barre<\/p>\n<td>30-35 cm<\/td>\n<\/tr>\n<tr>\nNiveau <\/p>\n<td>de pression acoustique<\/td>\n<td>85 dB(A) <sup>2<!-- -->)<\/sup><\/td>\n<\/tr>\n<tr>\nNiveau <\/p>\n<td>de puissance<\/td>\n<p> acoustique<\/p>\n<td>93 dB(A) <sup>2<!-- -->)<\/sup><\/td>\n<\/tr>\n<tr>\n<td>Valeur de vibration gauche\/droite<\/td>\n<td>4,6\/3,9 m\/s\u00b2 <sup>3)<\/sup><\/td>\n<\/tr>\n<tr>\nPoids <\/p>\n<td>du groupe<\/td>\n<td>3,5 kg<\/td>\n<\/tr>\n<tr>\n<td>Entr\u00e9e<\/td>\n<td>1800 W<\/td>\n<\/tr>\n<tr>\n<td>Tension nominale<\/td>\n<td>36 V<\/td>\n<\/tr>\n<tr>\n<td>Entr\u00e9e<\/td>\n<td>1800 W<\/td>\n<\/tr>\n<tr>\n<td>Pouvoir<\/td>\n<td>1,5 kW <sup>4)<\/sup><\/td>\n<\/tr>\n<tr>\nSyst\u00e8me <\/p>\n<td>de batterie<\/td>\n<td>AP<\/td>\n<\/tr>\n<tr>\n<td>Batterie recommand\u00e9e<\/td>\n<td>AP 300 S<\/td>\n<\/tr>\n<tr>\n<td>Poids de l\u2019appareil sans batterie<\/td>\n<td>3,1 kg <sup>5)<\/sup><\/td>\n<\/tr>\n<tr>\n<td>Poids de l\u2019appareil sans batterie<\/td>\n<td>3,47 \/ 3,53 kg <sup>6)<\/sup><\/td>\n<\/tr>\n<tr>\n<td>Pas de cha\u00eene<\/td>\n<td>1\/4&#8243;P<\/td>\n<\/tr>\n<tr>\n<td>Indice IP<\/td>\n<td>Norme IPX4<\/td>\n<\/tr>\n<tr>\n<td>Autonomie de la batterie avec AP 100<\/td>\n<td>jusqu\u2019\u00e0 18 min<\/td>\n<\/tr>\n<tr>\n<td>Autonomie de la batterie avec AP 200<\/td>\n<td>jusqu\u2019\u00e0 42 min<\/td>\n<\/tr>\n<tr>\n<td>Autonomie de la batterie avec AP 300<\/td>\n<td>jusqu\u2019\u00e0 40 min<\/td>\n<\/tr>\n<tr>\n<td>Autonomie de la batterie avec AP 300 S<\/td>\n<td>jusqu\u2019\u00e0 50 min<\/td>\n<\/tr>\n<tr>\n<td>Autonomie de la batterie avec AP 500 S<\/td>\n<td>jusqu\u2019\u00e0 60 min<\/td>\n<\/tr>\n<tr>\n<td>Autonomie de la batterie avec AR 1000<\/td>\n<td>jusqu\u2019\u00e0 110 min<\/td>\n<\/tr>\n<tr>\n<td>Autonomie de la batterie avec AR 2000<\/td>\n<td>jusqu\u2019\u00e0 160 min<\/td>\n<\/tr>\n<tr>\n<td>Autonomie de la batterie avec l\u2019AR 2000 L<\/td>\n<td>jusqu\u2019\u00e0 175 min<\/td>\n<\/tr>\n<tr>\n<td>Autonomie de la batterie avec l\u2019AR 3000<\/td>\n<td>jusqu\u2019\u00e0 200 min<\/td>\n<\/tr>\n<tr>\n<td>Autonomie de la batterie avec l\u2019AR 3000 L<\/td>\n<td>jusqu\u2019\u00e0 260 min<\/td>\n<\/tr>\n<tr>\n<td>Dur\u00e9e de fonctionnement maximale de la batterie AP 200<\/td>\n<td>42 min <sup>7)<\/sup><\/td>\n<\/tr>\n<tr>\n<td>Dur\u00e9e de fonctionnement maximale de la batterie AP 200 S<\/td>\n<td>42 min <sup>7)<\/sup><\/td>\n<\/tr>\n<tr>\n<td>Dur\u00e9e de fonctionnement maximale de la batterie AP 300<\/td>\n<td>40 min <sup>7)<\/sup><\/td>\n<\/tr>\n<tr>\n<td>Dur\u00e9e de fonctionnement maximale de la batterie AP 300 S<\/td>\n<td>50 min <sup>7)<\/sup><\/td>\n<\/tr>\n<tr>\n<td>Dur\u00e9e de fonctionnement maximale de la batterie AP 500 S<\/td>\n<td>60 min <sup>7)<\/sup><\/td>\n<\/tr>\n<tr>\n<td>Longueur de l\u2019appareil avec but\u00e9e de griffe<\/td>\n<td>437 millim\u00e8tre <sup>5)<\/sup><\/td>\n<\/tr>\n<tr>\nNiveau <\/p>\n<td>de pression acoustique<\/td>\n<td>85 dB(A) <sup>8)<\/sup><\/td>\n<\/tr>\n<tr>\n<td>Indice de protection EN 60 529<\/td>\n<td>Norme IPX4<\/td>\n<\/tr>\n<\/tbody>\n<\/table>\n","protected":false},"excerpt":{"rendered":"<p>Tron\u00e7onneuse sans fil avec des performances de coupe \u00e9lev\u00e9es pour une utilisation dans des zones sensibles au bruit Performances de<\/p>\n","protected":false},"featured_media":424365,"template":"","meta":{"_seopress_robots_primary_cat":"none","_seopress_titles_title":"","_seopress_titles_desc":"","_seopress_robots_index":""},"product_brand":[3366],"product_cat":[29,268,528],"product_tag":[3265],"class_list":{"0":"post-480719","1":"product","2":"type-product","3":"status-publish","4":"has-post-thumbnail","6":"product_brand-stihl","7":"product_cat-macchinari","8":"product_cat-motoseghe","9":"product_cat-motoseghe-a-batteria","10":"product_tag-import-stihl","11":"sws-gruppo-macchinari","12":"sws-conto-ricavi-merci-rivendita-macchinari","13":"sws-gruppo-iva-iva81","15":"first","16":"onbackorder","17":"purchasable","18":"product-type-simple"},"_links":{"self":[{"href":"https:\/\/lucacastelli.com\/fr\/wp-json\/wp\/v2\/product\/480719","targetHints":{"allow":["GET"]}}],"collection":[{"href":"https:\/\/lucacastelli.com\/fr\/wp-json\/wp\/v2\/product"}],"about":[{"href":"https:\/\/lucacastelli.com\/fr\/wp-json\/wp\/v2\/types\/product"}],"wp:featuredmedia":[{"embeddable":true,"href":"https:\/\/lucacastelli.com\/fr\/wp-json\/wp\/v2\/media\/424365"}],"wp:attachment":[{"href":"https:\/\/lucacastelli.com\/fr\/wp-json\/wp\/v2\/media?parent=480719"}],"wp:term":[{"taxonomy":"product_brand","embeddable":true,"href":"https:\/\/lucacastelli.com\/fr\/wp-json\/wp\/v2\/product_brand?post=480719"},{"taxonomy":"product_cat","embeddable":true,"href":"https:\/\/lucacastelli.com\/fr\/wp-json\/wp\/v2\/product_cat?post=480719"},{"taxonomy":"product_tag","embeddable":true,"href":"https:\/\/lucacastelli.com\/fr\/wp-json\/wp\/v2\/product_tag?post=480719"}],"curies":[{"name":"wp","href":"https:\/\/api.w.org\/{rel}","templated":true}]}}