{"id":480702,"date":"2025-05-31T21:54:55","date_gmt":"2025-05-31T19:54:55","guid":{"rendered":"https:\/\/lucacastelli.com\/prodotto\/stihl-msa-220-c-b-35cm-sans-batterie-ni-chargeur\/"},"modified":"2026-04-10T22:53:07","modified_gmt":"2026-04-10T20:53:07","slug":"stihl-msa-220-c-b-35cm-sans-batterie-ni-chargeur","status":"publish","type":"product","link":"https:\/\/lucacastelli.com\/fr\/produit\/stihl-msa-220-c-b-35cm-sans-batterie-ni-chargeur\/","title":{"rendered":"STIHL MSA 220 C-B, 35cm, sans batterie ni chargeur"},"content":{"rendered":"<p>Puissante tron\u00e7onneuse sans fil. \u00c9quip\u00e9e d\u2019un tendeur de cha\u00eene rapide (B), d\u2019une tige d\u2019abattage moul\u00e9e et d\u2019une cha\u00eene \u00e0 dents goug\u00e9es STIHL Picco Super de 3\/8 po, la tron\u00e7onneuse convainc par ses performances de coupe et sa durabilit\u00e9.<br \/>\n886661875054 <\/p>\n<p>Tension nominale 36<br \/>\nConsommation \u00e9lectrique Consommation \u00e9lectrique<\/p>\n<p>Alimentation Syst\u00e8me de<br \/>\nbatterie AP<br \/>\nBatterie recommand\u00e9e AP 300 S<\/p>\n","protected":false},"excerpt":{"rendered":"<p>Puissante tron\u00e7onneuse sans fil. \u00c9quip\u00e9e d\u2019un tendeur de cha\u00eene rapide (B), d\u2019une tige d\u2019abattage moul\u00e9e et d\u2019une cha\u00eene \u00e0 dents<\/p>\n","protected":false},"featured_media":424465,"template":"","meta":{"_seopress_robots_primary_cat":"none","_seopress_titles_title":"","_seopress_titles_desc":"","_seopress_robots_index":""},"product_brand":[3366],"product_cat":[29],"product_tag":[3265],"class_list":{"0":"post-480702","1":"product","2":"type-product","3":"status-publish","4":"has-post-thumbnail","6":"product_brand-stihl","7":"product_cat-macchinari","8":"product_tag-import-stihl","9":"sws-gruppo-macchinari-fr","10":"sws-conto-ricavi-merci-rivendita-macchinari-fr","11":"sws-gruppo-iva-iva81-fr","13":"first","14":"onbackorder","15":"purchasable","16":"product-type-simple"},"_links":{"self":[{"href":"https:\/\/lucacastelli.com\/fr\/wp-json\/wp\/v2\/product\/480702","targetHints":{"allow":["GET"]}}],"collection":[{"href":"https:\/\/lucacastelli.com\/fr\/wp-json\/wp\/v2\/product"}],"about":[{"href":"https:\/\/lucacastelli.com\/fr\/wp-json\/wp\/v2\/types\/product"}],"wp:featuredmedia":[{"embeddable":true,"href":"https:\/\/lucacastelli.com\/fr\/wp-json\/wp\/v2\/media\/424465"}],"wp:attachment":[{"href":"https:\/\/lucacastelli.com\/fr\/wp-json\/wp\/v2\/media?parent=480702"}],"wp:term":[{"taxonomy":"product_brand","embeddable":true,"href":"https:\/\/lucacastelli.com\/fr\/wp-json\/wp\/v2\/product_brand?post=480702"},{"taxonomy":"product_cat","embeddable":true,"href":"https:\/\/lucacastelli.com\/fr\/wp-json\/wp\/v2\/product_cat?post=480702"},{"taxonomy":"product_tag","embeddable":true,"href":"https:\/\/lucacastelli.com\/fr\/wp-json\/wp\/v2\/product_tag?post=480702"}],"curies":[{"name":"wp","href":"https:\/\/api.w.org\/{rel}","templated":true}]}}