{"id":480693,"date":"2025-05-31T21:55:21","date_gmt":"2025-05-31T19:55:21","guid":{"rendered":"https:\/\/lucacastelli.com\/prodotto\/stihl-ak-20\/"},"modified":"2025-05-31T21:55:21","modified_gmt":"2025-05-31T19:55:21","slug":"stihl-ak-20","status":"publish","type":"product","link":"https:\/\/lucacastelli.com\/fr\/produit\/stihl-ak-20\/","title":{"rendered":"STIHL AK 20"},"content":{"rendered":"<p>Compatible avec STIHL Batteries lithium-ion l\u00e9g\u00e8res avec indicateur d\u2019\u00e9tat de charge (quatre LED). Disponible avec diff\u00e9rents contenus \u00e9nerg\u00e9tiques.<br \/>\n886661575565  <\/p>\n<p>Tension nominale 36.0<br \/>\nTechnologie des cellules de batterie Technologie des cellules de batterie<\/p>\n<p>Poids de la batterie Poids de<br \/>\nla batterie Contenu \u00e9nerg\u00e9tique 144.00<br \/>\nCapacit\u00e9 nominale selon IEC 61960 4.00<\/p>\n<table data-test-id=\"pdp-spec-tech-table\">\n<tbody>\n<tr>\n<td>Tension nominale<\/td>\n<td>36 V<\/td>\n<\/tr>\n<tr>\nTechnologie des cellules <\/p>\n<td>de batterie<\/td>\n<td>LITHIUM-ION<\/td>\n<\/tr>\n<tr>\nPoids <\/p>\n<td>de la batterie<\/td>\n<td>1,2 kg<\/td>\n<\/tr>\n<tr>\n<td>Contenu \u00e9nerg\u00e9tique<\/td>\n<td>144 Wh<\/td>\n<\/tr>\n<tr>\n<td>Capacit\u00e9 nominale selon CEI 61960<\/td>\n<td>4 Ah<\/td>\n<\/tr>\n<tr>\n<td>Capacit\u00e9 nominale de la cellule (selon les donn\u00e9es du fabricant)<\/td>\n<td>2 Ah<\/td>\n<\/tr>\n<tr>\n<td>Nombre de LED<\/td>\n<td>4 PI\u00c8CES<\/td>\n<\/tr>\n<\/tbody>\n<\/table>\n","protected":false},"excerpt":{"rendered":"<p>Compatible avec STIHL Batteries lithium-ion l\u00e9g\u00e8res avec indicateur d\u2019\u00e9tat de charge (quatre LED). Disponible avec diff\u00e9rents contenus \u00e9nerg\u00e9tiques. 886661575565 Tension<\/p>\n","protected":false},"featured_media":424499,"template":"","meta":{"_seopress_robots_primary_cat":"none","_seopress_titles_title":"","_seopress_titles_desc":"","_seopress_robots_index":""},"product_brand":[3555],"product_cat":[167,1450],"product_tag":[3267],"class_list":{"0":"post-480693","1":"product","2":"type-product","3":"status-publish","4":"has-post-thumbnail","6":"product_brand-stihl-fr","7":"product_cat-machines","8":"product_cat-systemes-de-batteries-accessoires","9":"product_tag-import-stihl-fr","10":"sws-gruppo-macchinari","11":"sws-conto-ricavi-merci-rivendita-macchinari","12":"sws-gruppo-iva-iva81","14":"first","15":"onbackorder","16":"purchasable","17":"product-type-simple"},"_links":{"self":[{"href":"https:\/\/lucacastelli.com\/fr\/wp-json\/wp\/v2\/product\/480693","targetHints":{"allow":["GET"]}}],"collection":[{"href":"https:\/\/lucacastelli.com\/fr\/wp-json\/wp\/v2\/product"}],"about":[{"href":"https:\/\/lucacastelli.com\/fr\/wp-json\/wp\/v2\/types\/product"}],"wp:featuredmedia":[{"embeddable":true,"href":"https:\/\/lucacastelli.com\/fr\/wp-json\/wp\/v2\/media\/424499"}],"wp:attachment":[{"href":"https:\/\/lucacastelli.com\/fr\/wp-json\/wp\/v2\/media?parent=480693"}],"wp:term":[{"taxonomy":"product_brand","embeddable":true,"href":"https:\/\/lucacastelli.com\/fr\/wp-json\/wp\/v2\/product_brand?post=480693"},{"taxonomy":"product_cat","embeddable":true,"href":"https:\/\/lucacastelli.com\/fr\/wp-json\/wp\/v2\/product_cat?post=480693"},{"taxonomy":"product_tag","embeddable":true,"href":"https:\/\/lucacastelli.com\/fr\/wp-json\/wp\/v2\/product_tag?post=480693"}],"curies":[{"name":"wp","href":"https:\/\/api.w.org\/{rel}","templated":true}]}}