{"id":480683,"date":"2025-05-31T22:03:00","date_gmt":"2025-05-31T20:03:00","guid":{"rendered":"https:\/\/lucacastelli.com\/prodotto\/stihl-bga-160-sans-batterie-ni-chargeur\/"},"modified":"2025-10-10T12:14:15","modified_gmt":"2025-10-10T10:14:15","slug":"stihl-bga-160-sans-batterie-ni-chargeur","status":"publish","type":"product","link":"https:\/\/lucacastelli.com\/fr\/produit\/stihl-bga-160-sans-batterie-ni-chargeur\/","title":{"rendered":"STIHL BGA 160, sans batterie ni chargeur"},"content":{"rendered":"<p>Souffleur sans fil puissant pour les applications exigeantes dans le secteur priv\u00e9 et pour les travaux de nettoyage professionnels, par exemple dans la gestion des b\u00e2timents. Puissance \u00e9lev\u00e9e constante sur toute la dur\u00e9e de vie de la batterie. Outil court et compact avec tube de pelle coud\u00e9 pour une manipulation exceptionnelle et un fonctionnement sans sforzo.br.STIHL Pr\u00eat pour la mise en r\u00e9seau via STIHL connect\u00e9 gr\u00e2ce au Smart Connector.\/p<br \/>\n886661255146<\/p>\n<p>Tension nominale 36<br \/>\nSyst\u00e8me de batterie Syst\u00e8me de<\/p>\n<p>batterie Batterie recommand\u00e9e Batterie recommand\u00e9e<br \/>\nPoids de l\u2019appareil 2,6<br \/>\nIndice de protection IP IPX4<\/p>\n","protected":false},"excerpt":{"rendered":"<p>Souffleur sans fil puissant pour les applications exigeantes dans le secteur priv\u00e9 et pour les travaux de nettoyage professionnels, par<\/p>\n","protected":false},"featured_media":436628,"template":"","meta":{"_seopress_robots_primary_cat":"","_seopress_titles_title":"","_seopress_titles_desc":"","_seopress_robots_index":""},"product_brand":[3366],"product_cat":[29,485,489],"product_tag":[3265],"class_list":{"0":"post-480683","1":"product","2":"type-product","3":"status-publish","4":"has-post-thumbnail","6":"product_brand-stihl","7":"product_cat-macchinari","8":"product_cat-soffiatori-e-aspiratori","9":"product_cat-soffiatori-a-batteria","10":"product_tag-import-stihl","11":"sws-gruppo-macchinari-fr","12":"sws-conto-ricavi-merci-rivendita-macchinari-fr","13":"sws-gruppo-iva-iva81-fr","15":"first","16":"onbackorder","17":"purchasable","18":"product-type-simple"},"_links":{"self":[{"href":"https:\/\/lucacastelli.com\/fr\/wp-json\/wp\/v2\/product\/480683","targetHints":{"allow":["GET"]}}],"collection":[{"href":"https:\/\/lucacastelli.com\/fr\/wp-json\/wp\/v2\/product"}],"about":[{"href":"https:\/\/lucacastelli.com\/fr\/wp-json\/wp\/v2\/types\/product"}],"wp:featuredmedia":[{"embeddable":true,"href":"https:\/\/lucacastelli.com\/fr\/wp-json\/wp\/v2\/media\/436628"}],"wp:attachment":[{"href":"https:\/\/lucacastelli.com\/fr\/wp-json\/wp\/v2\/media?parent=480683"}],"wp:term":[{"taxonomy":"product_brand","embeddable":true,"href":"https:\/\/lucacastelli.com\/fr\/wp-json\/wp\/v2\/product_brand?post=480683"},{"taxonomy":"product_cat","embeddable":true,"href":"https:\/\/lucacastelli.com\/fr\/wp-json\/wp\/v2\/product_cat?post=480683"},{"taxonomy":"product_tag","embeddable":true,"href":"https:\/\/lucacastelli.com\/fr\/wp-json\/wp\/v2\/product_tag?post=480683"}],"curies":[{"name":"wp","href":"https:\/\/api.w.org\/{rel}","templated":true}]}}