{"id":480681,"date":"2025-05-31T22:02:55","date_gmt":"2025-05-31T20:02:55","guid":{"rendered":"https:\/\/lucacastelli.com\/prodotto\/stihl-kma-135-r-sans-batterie-ni-chargeur\/"},"modified":"2025-05-31T22:02:55","modified_gmt":"2025-05-31T20:02:55","slug":"stihl-kma-135-r-sans-batterie-ni-chargeur","status":"publish","type":"product","link":"https:\/\/lucacastelli.com\/fr\/produit\/stihl-kma-135-r-sans-batterie-ni-chargeur\/","title":{"rendered":"STIHL KMA 135 R, sans batterie ni chargeur"},"content":{"rendered":"<p>pSi, en tant que professionnel de l\u2019am\u00e9nagement paysager ou en tant que municipalit\u00e9, vous avez plusieurs t\u00e2ches \u00e0 effectuer et que vous souhaitez travailler avec un maximum de flexibilit\u00e9, le moteur combin\u00e9 \u00e0 batterie STIHL KMA 135 R est le choix id\u00e9al. Ce moteur combin\u00e9 aliment\u00e9 par batterie est compatible avec tous les outils combin\u00e9s STIHL, vous n\u2019avez donc qu\u2019\u00e0 connecter le bon outil \u00e0 l\u2019accouplement si n\u00e9cessaire.\/ppLa vitesse du puissant moteur EC peut \u00eatre r\u00e9gl\u00e9e en continu sur la poign\u00e9e. Vous pouvez d\u00e9finir l\u2019un des trois niveaux de vitesse par d\u00e9faut, que vous pouvez utiliser comme mode d\u2019\u00e9conomie d\u2019\u00e9nergie. Comme le moteur de la STIHL KMA 135 R est \u00e9galement tr\u00e8s silencieux, vous pouvez travailler dans des zones sensibles au bruit sans avoir \u00e0 porter de protection auditive. Pour augmenter la dur\u00e9e de vie du moteur, il est \u00e9quip\u00e9 d\u2019un filtre \u00e0 air avec maille m\u00e9tallique. Cela garantit un refroidissement optimal et est \u00e9galement facile \u00e0 nettoyer. Pour une grande libert\u00e9 de mouvement m\u00eame dans les espaces confin\u00e9s, le moteur combin\u00e9 STIHL KMA 135 R est \u00e9quip\u00e9 d\u2019une poign\u00e9e circulaire avec limiteur de pas. Le limiteur de pas veille \u00e0 ce que vos pieds et vos jambes ne s\u2019approchent pas trop de l\u2019outil.\/ppTous les outils sans fil delnbsp&nbsp;; strongsystem STIHL AP\/strongnbsp&nbsp;; Ils sont con\u00e7us pour les utilisateurs professionnels et pour un usage quotidien, m\u00eame dans des conditions m\u00e9t\u00e9orologiques d\u00e9favorables, comme sous la pluie.<br \/>\n886661297610<\/p>\n<p>Tension nominale 36<br \/>\nSyst\u00e8me de batterie Syst\u00e8me de batterie<\/p>\n<p>Poids de l\u2019appareil Poids de l\u2019appareil<br \/>\nLongueur jusqu\u2019au manchon d\u2019embrayage 96<\/p>\n","protected":false},"excerpt":{"rendered":"<p>pSi, en tant que professionnel de l\u2019am\u00e9nagement paysager ou en tant que municipalit\u00e9, vous avez plusieurs t\u00e2ches \u00e0 effectuer et<\/p>\n","protected":false},"featured_media":436589,"template":"","meta":{"_seopress_robots_primary_cat":"","_seopress_titles_title":"","_seopress_titles_desc":"","_seopress_robots_index":""},"product_brand":[3366],"product_cat":[29,296],"product_tag":[3265],"class_list":{"0":"post-480681","1":"product","2":"type-product","3":"status-publish","4":"has-post-thumbnail","6":"product_brand-stihl","7":"product_cat-macchinari","8":"product_cat-sistemi-kombi-e-multi","9":"product_tag-import-stihl","10":"sws-gruppo-macchinari","11":"sws-conto-ricavi-merci-rivendita-macchinari","12":"sws-gruppo-iva-iva81","14":"first","15":"onbackorder","16":"purchasable","17":"product-type-simple"},"_links":{"self":[{"href":"https:\/\/lucacastelli.com\/fr\/wp-json\/wp\/v2\/product\/480681","targetHints":{"allow":["GET"]}}],"collection":[{"href":"https:\/\/lucacastelli.com\/fr\/wp-json\/wp\/v2\/product"}],"about":[{"href":"https:\/\/lucacastelli.com\/fr\/wp-json\/wp\/v2\/types\/product"}],"wp:featuredmedia":[{"embeddable":true,"href":"https:\/\/lucacastelli.com\/fr\/wp-json\/wp\/v2\/media\/436589"}],"wp:attachment":[{"href":"https:\/\/lucacastelli.com\/fr\/wp-json\/wp\/v2\/media?parent=480681"}],"wp:term":[{"taxonomy":"product_brand","embeddable":true,"href":"https:\/\/lucacastelli.com\/fr\/wp-json\/wp\/v2\/product_brand?post=480681"},{"taxonomy":"product_cat","embeddable":true,"href":"https:\/\/lucacastelli.com\/fr\/wp-json\/wp\/v2\/product_cat?post=480681"},{"taxonomy":"product_tag","embeddable":true,"href":"https:\/\/lucacastelli.com\/fr\/wp-json\/wp\/v2\/product_tag?post=480681"}],"curies":[{"name":"wp","href":"https:\/\/api.w.org\/{rel}","templated":true}]}}