{"id":480673,"date":"2025-05-31T22:02:51","date_gmt":"2025-05-31T20:02:51","guid":{"rendered":"https:\/\/lucacastelli.com\/prodotto\/stihl-bga-30-sans-batterie-ni-chargeur\/"},"modified":"2025-05-31T22:02:51","modified_gmt":"2025-05-31T20:02:51","slug":"stihl-bga-30-sans-batterie-ni-chargeur","status":"publish","type":"product","link":"https:\/\/lucacastelli.com\/fr\/produit\/stihl-bga-30-sans-batterie-ni-chargeur\/","title":{"rendered":"STIHL BGA 30, sans batterie ni chargeur"},"content":{"rendered":"<p>Ceux qui veulent nettoyer rapidement dans la maison, ont trouv\u00e9 dans le nouveau souffleur STIHL BGA 30nbsp&nbsp;; L\u2019aide parfaite. Il a une force de soufflage allant jusqu\u2019\u00e0 5 Newtons, qui peut \u00eatre r\u00e9gl\u00e9e en continu selon les besoins gr\u00e2ce au r\u00e9glage de la vitesse. Cela signifie que les petites surfaces et les chemins peuvent \u00eatre d\u00e9barrass\u00e9s des feuilles et autres d\u00e9bris en un rien de temps et silencieusement gr\u00e2ce \u00e0 la technologie batteria.br \/br \/ En m\u00eame temps, l\u2019outil compact tient confortablement dans la main et peut \u00eatre utilis\u00e9 avec peu d\u2019effort gr\u00e2ce \u00e0 son faible poids et \u00e0 son \u00e9quilibre parfait. Pour une flexibilit\u00e9 maximale, le tube de soufflage avec buse plate peut \u00eatre facilement retir\u00e9 sans outils : cela vous permet de souffler facilement sur des surfaces sur\u00e9lev\u00e9es telles que des meubles de jardin ou des zones \u00e9troites, par exemple derri\u00e8re spazzatura.br \/br \/Le BGA 30 puise son \u00e9nergie dans la batterie AS 2 du syst\u00e8me STIHL AS. La batterie peut \u00eatre remplac\u00e9e rapidement afin que vous puissiez continuer \u00e0 travailler sans interruptions majeures ; Un indicateur de niveau de charge int\u00e9gr\u00e9 fournit des informations sur l\u2019\u00e9nergie restante.\/p<br \/>\n886661879212<\/p>\n<p>Tension nominale 11<br \/>\nSyst\u00e8me de batterie Syst\u00e8me de batterie<\/p>\n<p>Poids de l\u2019appareil Poids<br \/>\nde l\u2019appareil IP Degr\u00e9 de protection N\/A<br \/>\nVitesse maximale de l\u2019air avec buse ronde 43,0<\/p>\n","protected":false},"excerpt":{"rendered":"<p>Ceux qui veulent nettoyer rapidement dans la maison, ont trouv\u00e9 dans le nouveau souffleur STIHL BGA 30nbsp&nbsp;; L\u2019aide parfaite. Il<\/p>\n","protected":false},"featured_media":436571,"template":"","meta":{"_seopress_robots_primary_cat":"","_seopress_titles_title":"","_seopress_titles_desc":"","_seopress_robots_index":""},"product_brand":[3366],"product_cat":[29,485,489],"product_tag":[3265],"class_list":{"0":"post-480673","1":"product","2":"type-product","3":"status-publish","4":"has-post-thumbnail","6":"product_brand-stihl","7":"product_cat-macchinari","8":"product_cat-soffiatori-e-aspiratori","9":"product_cat-soffiatori-a-batteria","10":"product_tag-import-stihl","11":"sws-gruppo-macchinari-fr","12":"sws-conto-ricavi-merci-rivendita-macchinari-fr","13":"sws-gruppo-iva-iva81-fr","15":"first","16":"onbackorder","17":"purchasable","18":"product-type-simple"},"_links":{"self":[{"href":"https:\/\/lucacastelli.com\/fr\/wp-json\/wp\/v2\/product\/480673","targetHints":{"allow":["GET"]}}],"collection":[{"href":"https:\/\/lucacastelli.com\/fr\/wp-json\/wp\/v2\/product"}],"about":[{"href":"https:\/\/lucacastelli.com\/fr\/wp-json\/wp\/v2\/types\/product"}],"wp:featuredmedia":[{"embeddable":true,"href":"https:\/\/lucacastelli.com\/fr\/wp-json\/wp\/v2\/media\/436571"}],"wp:attachment":[{"href":"https:\/\/lucacastelli.com\/fr\/wp-json\/wp\/v2\/media?parent=480673"}],"wp:term":[{"taxonomy":"product_brand","embeddable":true,"href":"https:\/\/lucacastelli.com\/fr\/wp-json\/wp\/v2\/product_brand?post=480673"},{"taxonomy":"product_cat","embeddable":true,"href":"https:\/\/lucacastelli.com\/fr\/wp-json\/wp\/v2\/product_cat?post=480673"},{"taxonomy":"product_tag","embeddable":true,"href":"https:\/\/lucacastelli.com\/fr\/wp-json\/wp\/v2\/product_tag?post=480673"}],"curies":[{"name":"wp","href":"https:\/\/api.w.org\/{rel}","templated":true}]}}