{"id":480666,"date":"2025-05-31T22:02:46","date_gmt":"2025-05-31T20:02:46","guid":{"rendered":"https:\/\/lucacastelli.com\/prodotto\/stihl-ada-1000\/"},"modified":"2026-03-02T14:43:40","modified_gmt":"2026-03-02T13:43:40","slug":"stihl-ada-1000","status":"publish","type":"product","link":"https:\/\/lucacastelli.com\/fr\/produit\/stihl-ada-1000\/","title":{"rendered":"STIHL ADA 1000"},"content":{"rendered":"<p>ADAPTATEUR DOUBLE COMPARTIMENT POUR BATTERIES STIHL ADA 1000 : POUR L\u2019UTILISATION DE JUSQU\u2019\u00c0 2 BATTERIES AP POUR LE SOUFFLAGE PROFESSIONNEL DE FEUILLES OU LA TONTE DE PELOUSE<br \/>\nAvec l\u2019adaptateur double compartiment pour batteries STIHL ADA 1000, vous pouvez utiliser 2 batteries du syst\u00e8me STIHL AP successivement lors de l\u2019utilisation d\u2019un souffleur \u00e0 batterie STIHL BGA 300 ou d\u2019une tondeuse \u00e0 batterie STIHL RMA 765 V pour l\u2019entretien professionnel des jardins et des paysages. Gr\u00e2ce au passage automatique \u00e0 la deuxi\u00e8me batterie d\u00e8s que la premi\u00e8re est d\u00e9charg\u00e9e, vous pouvez travailler de mani\u00e8re efficace et sans interruption majeure avec vos outils STIHL, m\u00eame lors de travaux prolong\u00e9s.<br \/>\nEn combinaison avec le souffleur \u00e0 batterie \u00e0 dos STIHL BGA 300, il est possible d\u2019utiliser l\u2019adaptateur double compartiment pour batteries de 1,9 kg avec une seule batterie, permettant d\u2019\u00e9conomiser jusqu\u2019\u00e0 2 kg selon la batterie utilis\u00e9e.<br \/>\nRemarque : l\u2019adaptateur double compartiment pour batteries ADA 1000 est certifi\u00e9 selon l\u2019indice de protection IPX4.<br \/>\nRemarque : le STIHL ADA 1000 remplace le STIHL ADA 700 et est compatible avec le souffleur \u00e0 batterie BGA 300 (\u00e0 partir du num\u00e9ro de s\u00e9rie 448076854) et avec la tondeuse \u00e0 batterie RMA 765 V.<br \/>\nRemarque : l\u2019utilisation de l\u2019adaptateur double compartiment pour batteries STIHL ADA 1000 n\u2019est pas autoris\u00e9e en combinaison avec les taille-haies \u00e0 batterie (HSA), les tron\u00e7onneuses \u00e0 batterie (MSA), les d\u00e9coupeuses \u00e0 batterie (TSA) et le syst\u00e8me de portage STIHL AR L.<\/p>\n","protected":false},"excerpt":{"rendered":"<p>ADAPTATEUR DOUBLE COMPARTIMENT POUR BATTERIES STIHL ADA 1000 : POUR L\u2019UTILISATION DE JUSQU\u2019\u00c0 2 BATTERIES AP POUR LE SOUFFLAGE PROFESSIONNEL<\/p>\n","protected":false},"featured_media":436560,"template":"","meta":{"_seopress_robots_primary_cat":"none","_seopress_titles_title":"","_seopress_titles_desc":"","_seopress_robots_index":""},"product_brand":[3366],"product_cat":[29,491],"product_tag":[3265],"class_list":{"0":"post-480666","1":"product","2":"type-product","3":"status-publish","4":"has-post-thumbnail","6":"product_brand-stihl","7":"product_cat-macchinari","8":"product_cat-accessori-sistemi-a-batteria","9":"product_tag-import-stihl","10":"sws-gruppo-macchinari-fr","11":"sws-conto-ricavi-merci-rivendita-macchinari-fr","12":"sws-gruppo-iva-iva81-fr","14":"first","15":"onbackorder","16":"sale","17":"purchasable","18":"product-type-simple"},"_links":{"self":[{"href":"https:\/\/lucacastelli.com\/fr\/wp-json\/wp\/v2\/product\/480666","targetHints":{"allow":["GET"]}}],"collection":[{"href":"https:\/\/lucacastelli.com\/fr\/wp-json\/wp\/v2\/product"}],"about":[{"href":"https:\/\/lucacastelli.com\/fr\/wp-json\/wp\/v2\/types\/product"}],"wp:featuredmedia":[{"embeddable":true,"href":"https:\/\/lucacastelli.com\/fr\/wp-json\/wp\/v2\/media\/436560"}],"wp:attachment":[{"href":"https:\/\/lucacastelli.com\/fr\/wp-json\/wp\/v2\/media?parent=480666"}],"wp:term":[{"taxonomy":"product_brand","embeddable":true,"href":"https:\/\/lucacastelli.com\/fr\/wp-json\/wp\/v2\/product_brand?post=480666"},{"taxonomy":"product_cat","embeddable":true,"href":"https:\/\/lucacastelli.com\/fr\/wp-json\/wp\/v2\/product_cat?post=480666"},{"taxonomy":"product_tag","embeddable":true,"href":"https:\/\/lucacastelli.com\/fr\/wp-json\/wp\/v2\/product_tag?post=480666"}],"curies":[{"name":"wp","href":"https:\/\/api.w.org\/{rel}","templated":true}]}}